{"id":7024,"date":"2019-03-25T09:37:32","date_gmt":"2019-03-25T08:37:32","guid":{"rendered":"http:\/\/www.dygicom.org\/comptaclar\/politica-de-privacidad\/"},"modified":"2021-02-23T12:37:22","modified_gmt":"2021-02-23T11:37:22","slug":"politica-de-privacitat","status":"publish","type":"page","link":"https:\/\/cccambrils.cat\/ca\/politica-de-privacitat\/","title":{"rendered":"Pol\u00edtica de privacitat"},"content":{"rendered":"<section class=\"wpb-content-wrapper\"><p>[vc_row][vc_column][vc_column_text]<strong>POL\u00cdTICA DE PRIVACITAT<\/strong><\/p>\n<p><strong>COMPTA-CLAR CAMBRILS, S.L.<\/strong> \u00e9s el responsable del tractament de les dades personals de l&#8217;Usuari i l&#8217;informa que aquestes dades es tractaran de conformitat amb el que disposa el Reglament (UE) 2016\/679, de 27 d&#8217;abril (GDPR), i la Llei Org\u00e0nica 3\/2018, de 5 de desembre (LOPDGDD), per la qual cosa se li facilita la seg\u00fcent informaci\u00f3 del tractament:<\/p>\n<p><strong>Finalitats i legitimaci\u00f3 del tractament:<\/strong> mantenir una relaci\u00f3 comercial (per inter\u00e8s leg\u00edtim del responsable, art. 6.1.f GDPR) i enviament de comunicacions de productes o serveis (amb el consentiment de l&#8217;interessat, art. 6.1.a GDPR).<\/p>\n<p><strong>Criteris de conservaci\u00f3 de les dades:<\/strong> es conservaran durant no m\u00e9s temps del necessari per mantenir el cap del tractament o existeixin prescripcions legals que dictaminin la seva cust\u00f2dia i quan ja no sigui necessari per a aix\u00f2, se suprimiran amb mesures de seguretat adequades per garantir l&#8217;anonimitzaci\u00f3 de les dades o la destrucci\u00f3 total d&#8217;aquests.<\/p>\n<p><strong>Comunicaci\u00f3 de les dades:<\/strong> no es comunicaran les dades a tercers, excepte obligaci\u00f3 legal.<\/p>\n<p><strong>Drets que assisteixen a l&#8217;Usuari:<\/strong><\/p>\n<ul>\n<li>Dret a retirar el consentiment en qualsevol moment.<\/li>\n<li>Dret d&#8217;acc\u00e9s, rectificaci\u00f3, portabilitat i supressi\u00f3 de les seves dades, i de limitaci\u00f3 o oposici\u00f3 al seu tractament.<\/li>\n<li>Dret a presentar una reclamaci\u00f3 davant l&#8217;Autoritat de control (www.aepd.es) si considera que el tractament no s&#8217;ajusta a la normativa vigent.<\/li>\n<\/ul>\n<p><strong>Dades de contacte per exercir els seus drets:<\/strong><\/p>\n<p>COMPTA-CLAR CAMBRILS, S.L.. C\/ Xalet del Bau, 10 baixos &#8211; 43850 CAMBRILS (Tarragona). E-mail: jordic@cccambrils.cat<\/p>\n<p>Per continuar ha d&#8217;acceptar que ha llegit i est\u00e0 conforme amb la cl\u00e0usula anterior.[\/vc_column_text]\n\t<div class=\"finax-spacer clearfix\" data-desktop=\"50\" data-mobi=\"30\" data-smobi=\"30\"><\/div>[\/vc_column][\/vc_row]<\/p>\n<\/section>","protected":false},"excerpt":{"rendered":"<p>[vc_row][vc_column][vc_column_text]POL\u00cdTICA DE PRIVACITAT COMPTA-CLAR CAMBRILS, S.L. \u00e9s el responsable del tractament de les dades personals de l&#8217;Usuari i l&#8217;informa que aquestes dades es tractaran de conformitat amb el que disposa el Reglament (UE) 2016\/679, de 27 d&#8217;abril (GDPR), i la Llei Org\u00e0nica 3\/2018, de 5 de desembre (LOPDGDD), per la<\/p>\n","protected":false},"author":1,"featured_media":0,"parent":0,"menu_order":0,"comment_status":"closed","ping_status":"closed","template":"","meta":{"footnotes":""},"class_list":["post-7024","page","type-page","status-publish","hentry"],"yoast_head":"<!-- This site is optimized with the Yoast SEO plugin v27.5 - https:\/\/yoast.com\/product\/yoast-seo-wordpress\/ -->\n<title>Pol\u00edtica de privacitat - Asesor\u00eda Compta-Clar<\/title>\n<meta name=\"robots\" content=\"index, follow, max-snippet:-1, max-image-preview:large, max-video-preview:-1\" \/>\n<link rel=\"canonical\" href=\"https:\/\/cccambrils.cat\/ca\/politica-de-privacitat\/\" \/>\n<meta property=\"og:locale\" content=\"ca_ES\" \/>\n<meta property=\"og:type\" content=\"article\" \/>\n<meta property=\"og:title\" content=\"Pol\u00edtica de privacitat - Asesor\u00eda Compta-Clar\" \/>\n<meta property=\"og:description\" content=\"[vc_row][vc_column][vc_column_text]POL\u00cdTICA DE PRIVACITAT COMPTA-CLAR CAMBRILS, S.L. \u00e9s el responsable del tractament de les dades personals de l&#8217;Usuari i l&#8217;informa que aquestes dades es tractaran de conformitat amb el que disposa el Reglament (UE) 2016\/679, de 27 d&#8217;abril (GDPR), i la Llei Org\u00e0nica 3\/2018, de 5 de desembre (LOPDGDD), per la\" \/>\n<meta property=\"og:url\" content=\"https:\/\/cccambrils.cat\/ca\/politica-de-privacitat\/\" \/>\n<meta property=\"og:site_name\" content=\"Asesor\u00eda Compta-Clar\" \/>\n<meta property=\"article:modified_time\" content=\"2021-02-23T11:37:22+00:00\" \/>\n<meta name=\"twitter:card\" content=\"summary_large_image\" \/>\n<meta name=\"twitter:label1\" content=\"Temps estimat de lectura\" \/>\n\t<meta name=\"twitter:data1\" content=\"1 minut\" \/>\n<script type=\"application\/ld+json\" class=\"yoast-schema-graph\">{\"@context\":\"https:\\\/\\\/schema.org\",\"@graph\":[{\"@type\":\"WebPage\",\"@id\":\"https:\\\/\\\/cccambrils.cat\\\/ca\\\/politica-de-privacitat\\\/\",\"url\":\"https:\\\/\\\/cccambrils.cat\\\/ca\\\/politica-de-privacitat\\\/\",\"name\":\"Pol\u00edtica de privacitat - Asesor\u00eda Compta-Clar\",\"isPartOf\":{\"@id\":\"https:\\\/\\\/cccambrils.cat\\\/#website\"},\"datePublished\":\"2019-03-25T08:37:32+00:00\",\"dateModified\":\"2021-02-23T11:37:22+00:00\",\"breadcrumb\":{\"@id\":\"https:\\\/\\\/cccambrils.cat\\\/ca\\\/politica-de-privacitat\\\/#breadcrumb\"},\"inLanguage\":\"ca\",\"potentialAction\":[{\"@type\":\"ReadAction\",\"target\":[\"https:\\\/\\\/cccambrils.cat\\\/ca\\\/politica-de-privacitat\\\/\"]}]},{\"@type\":\"BreadcrumbList\",\"@id\":\"https:\\\/\\\/cccambrils.cat\\\/ca\\\/politica-de-privacitat\\\/#breadcrumb\",\"itemListElement\":[{\"@type\":\"ListItem\",\"position\":1,\"name\":\"Portada\",\"item\":\"https:\\\/\\\/cccambrils.cat\\\/ca\\\/\"},{\"@type\":\"ListItem\",\"position\":2,\"name\":\"Pol\u00edtica de privacitat\"}]},{\"@type\":\"WebSite\",\"@id\":\"https:\\\/\\\/cccambrils.cat\\\/#website\",\"url\":\"https:\\\/\\\/cccambrils.cat\\\/\",\"name\":\"Asesor\u00eda Compta-Clar\",\"description\":\"Asesor\u00eda profesional en Cambrils, Reus y Tarragona\",\"publisher\":{\"@id\":\"https:\\\/\\\/cccambrils.cat\\\/#organization\"},\"potentialAction\":[{\"@type\":\"SearchAction\",\"target\":{\"@type\":\"EntryPoint\",\"urlTemplate\":\"https:\\\/\\\/cccambrils.cat\\\/?s={search_term_string}\"},\"query-input\":{\"@type\":\"PropertyValueSpecification\",\"valueRequired\":true,\"valueName\":\"search_term_string\"}}],\"inLanguage\":\"ca\"},{\"@type\":\"Organization\",\"@id\":\"https:\\\/\\\/cccambrils.cat\\\/#organization\",\"name\":\"Asesor\u00eda Compta-Clar\",\"url\":\"https:\\\/\\\/cccambrils.cat\\\/\",\"logo\":{\"@type\":\"ImageObject\",\"inLanguage\":\"ca\",\"@id\":\"https:\\\/\\\/cccambrils.cat\\\/#\\\/schema\\\/logo\\\/image\\\/\",\"url\":\"\",\"contentUrl\":\"\",\"caption\":\"Asesor\u00eda Compta-Clar\"},\"image\":{\"@id\":\"https:\\\/\\\/cccambrils.cat\\\/#\\\/schema\\\/logo\\\/image\\\/\"}}]}<\/script>\n<!-- \/ Yoast SEO plugin. -->","yoast_head_json":{"title":"Pol\u00edtica de privacitat - Asesor\u00eda Compta-Clar","robots":{"index":"index","follow":"follow","max-snippet":"max-snippet:-1","max-image-preview":"max-image-preview:large","max-video-preview":"max-video-preview:-1"},"canonical":"https:\/\/cccambrils.cat\/ca\/politica-de-privacitat\/","og_locale":"ca_ES","og_type":"article","og_title":"Pol\u00edtica de privacitat - Asesor\u00eda Compta-Clar","og_description":"[vc_row][vc_column][vc_column_text]POL\u00cdTICA DE PRIVACITAT COMPTA-CLAR CAMBRILS, S.L. \u00e9s el responsable del tractament de les dades personals de l&#8217;Usuari i l&#8217;informa que aquestes dades es tractaran de conformitat amb el que disposa el Reglament (UE) 2016\/679, de 27 d&#8217;abril (GDPR), i la Llei Org\u00e0nica 3\/2018, de 5 de desembre (LOPDGDD), per la","og_url":"https:\/\/cccambrils.cat\/ca\/politica-de-privacitat\/","og_site_name":"Asesor\u00eda Compta-Clar","article_modified_time":"2021-02-23T11:37:22+00:00","twitter_card":"summary_large_image","twitter_misc":{"Temps estimat de lectura":"1 minut"},"schema":{"@context":"https:\/\/schema.org","@graph":[{"@type":"WebPage","@id":"https:\/\/cccambrils.cat\/ca\/politica-de-privacitat\/","url":"https:\/\/cccambrils.cat\/ca\/politica-de-privacitat\/","name":"Pol\u00edtica de privacitat - Asesor\u00eda Compta-Clar","isPartOf":{"@id":"https:\/\/cccambrils.cat\/#website"},"datePublished":"2019-03-25T08:37:32+00:00","dateModified":"2021-02-23T11:37:22+00:00","breadcrumb":{"@id":"https:\/\/cccambrils.cat\/ca\/politica-de-privacitat\/#breadcrumb"},"inLanguage":"ca","potentialAction":[{"@type":"ReadAction","target":["https:\/\/cccambrils.cat\/ca\/politica-de-privacitat\/"]}]},{"@type":"BreadcrumbList","@id":"https:\/\/cccambrils.cat\/ca\/politica-de-privacitat\/#breadcrumb","itemListElement":[{"@type":"ListItem","position":1,"name":"Portada","item":"https:\/\/cccambrils.cat\/ca\/"},{"@type":"ListItem","position":2,"name":"Pol\u00edtica de privacitat"}]},{"@type":"WebSite","@id":"https:\/\/cccambrils.cat\/#website","url":"https:\/\/cccambrils.cat\/","name":"Asesor\u00eda Compta-Clar","description":"Asesor\u00eda profesional en Cambrils, Reus y Tarragona","publisher":{"@id":"https:\/\/cccambrils.cat\/#organization"},"potentialAction":[{"@type":"SearchAction","target":{"@type":"EntryPoint","urlTemplate":"https:\/\/cccambrils.cat\/?s={search_term_string}"},"query-input":{"@type":"PropertyValueSpecification","valueRequired":true,"valueName":"search_term_string"}}],"inLanguage":"ca"},{"@type":"Organization","@id":"https:\/\/cccambrils.cat\/#organization","name":"Asesor\u00eda Compta-Clar","url":"https:\/\/cccambrils.cat\/","logo":{"@type":"ImageObject","inLanguage":"ca","@id":"https:\/\/cccambrils.cat\/#\/schema\/logo\/image\/","url":"","contentUrl":"","caption":"Asesor\u00eda Compta-Clar"},"image":{"@id":"https:\/\/cccambrils.cat\/#\/schema\/logo\/image\/"}}]}},"_links":{"self":[{"href":"https:\/\/cccambrils.cat\/ca\/wp-json\/wp\/v2\/pages\/7024","targetHints":{"allow":["GET"]}}],"collection":[{"href":"https:\/\/cccambrils.cat\/ca\/wp-json\/wp\/v2\/pages"}],"about":[{"href":"https:\/\/cccambrils.cat\/ca\/wp-json\/wp\/v2\/types\/page"}],"author":[{"embeddable":true,"href":"https:\/\/cccambrils.cat\/ca\/wp-json\/wp\/v2\/users\/1"}],"replies":[{"embeddable":true,"href":"https:\/\/cccambrils.cat\/ca\/wp-json\/wp\/v2\/comments?post=7024"}],"version-history":[{"count":3,"href":"https:\/\/cccambrils.cat\/ca\/wp-json\/wp\/v2\/pages\/7024\/revisions"}],"predecessor-version":[{"id":7299,"href":"https:\/\/cccambrils.cat\/ca\/wp-json\/wp\/v2\/pages\/7024\/revisions\/7299"}],"wp:attachment":[{"href":"https:\/\/cccambrils.cat\/ca\/wp-json\/wp\/v2\/media?parent=7024"}],"curies":[{"name":"wp","href":"https:\/\/api.w.org\/{rel}","templated":true}]}}