{"id":7019,"date":"2019-03-24T10:29:41","date_gmt":"2019-03-24T09:29:41","guid":{"rendered":"http:\/\/www.dygicom.org\/comptaclar\/serveis\/assessoria-laboral\/prestaciones\/"},"modified":"2019-04-07T12:41:32","modified_gmt":"2019-04-07T10:41:32","slug":"prestacions","status":"publish","type":"page","link":"https:\/\/cccambrils.cat\/ca\/serveis\/assessoria-laboral\/prestacions\/","title":{"rendered":"Prestacions"},"content":{"rendered":"<section class=\"wpb-content-wrapper\"><p>[vc_row][vc_column][rev_slider_vc alias=&#8221;prestaciones&#8221;][\/vc_column][\/vc_row][vc_row content_placement=&#8221;middle&#8221; fullwidth=&#8221;yes&#8221; column_spacing=&#8221;0px&#8221; css=&#8221;.vc_custom_1553759486123{background-color: #f5f5f5 !important;}&#8221;][vc_column]\n\t<div class=\"finax-spacer clearfix\" data-desktop=\"50\" data-mobi=\"25\" data-smobi=\"25\"><\/div>[vc_row_inner][vc_column_inner]<div class=\"finax-headings clearfix text-center\" data-font=38 style=\"\"><p class=\"sub-heading clearfix\" style=\"font-style:italic;font-size:25px;margin-bottom:15px;font-family:Lato;\">\n\t\tEls oferim assessorament i els ajudem a gestionar i tramitar correctament les seves prestacions davant les administracions p\u00fabliques\n\t<\/p><\/div>[\/vc_column_inner][\/vc_row_inner]\n\t<div class=\"finax-spacer clearfix\" data-desktop=\"50\" data-mobi=\"25\" data-smobi=\"25\"><\/div>[\/vc_column][\/vc_row][vc_row content_placement=&#8221;middle&#8221;][vc_column]\n\t<div class=\"finax-spacer clearfix\" data-desktop=\"80\" data-mobi=\"60\" data-smobi=\"60\"><\/div>[vc_row_inner column_inner_spacing=&#8221;50&#8243;][vc_column_inner width=&#8221;2\/3&#8243;]<div class=\"finax-headings clearfix \" data-font=38 style=\"\"><h1 class=\"heading clearfix \" style=\"font-weight:700;font-size:38px;\">\n\t\tPrestacions\n\t<\/h1><p class=\"sub-heading clearfix\" style=\"font-style:italic;font-size:25px;margin-bottom:15px;font-family:Lato;\">\n\t\tGestionem les seves prestacions davant la Seguretat Social\n\t<\/p><\/div>[vc_column_text]<span>A Compta-Clar oferim un complet assessorament i gesti\u00f3 sobre qualsevol tr\u00e0mit que hagi de realitzar davant l&#8217;Institut Nacional de la Seguretat Social (INSS), responsable de gestionar les prestacions econ\u00f2miques del sistema de la Seguretat Social. El nostre equip de professionals sol\u00b7licitar\u00e0 aquelles prestacions que pugui sol\u00b7licitar com jubilaci\u00f3, maternitat o paternitat, vidu\u00eftat o incapacitat, sigui temporal o permanent.<\/span><\/p>\n<p>Les prestacions requereixen del compliment d&#8217;una s\u00e8rie de requisits. De vegades, s\u00f3n denegades o no es resolen correctament. \u00c9s important comptar amb un assessorament expert sobre els requisits a complir, els terminis i la documentaci\u00f3 a presentar.[\/vc_column_text]\n\t<div class=\"finax-spacer clearfix\" data-desktop=\"40\" data-mobi=\"25\" data-smobi=\"25\"><\/div>[\/vc_column_inner][vc_column_inner width=&#8221;1\/3&#8243;][vc_single_image image=&#8221;6783&#8243; style=&#8221;vc_box_rounded&#8221;][\/vc_column_inner][\/vc_row_inner]\n\t<div class=\"finax-spacer clearfix\" data-desktop=\"60\" data-mobi=\"50\" data-smobi=\"50\"><\/div>[\/vc_column][\/vc_row][vc_row content_placement=&#8221;middle&#8221; parallax=&#8221;content-moving&#8221; parallax_image=&#8221;6588&#8243; css_animation=&#8221;none&#8221; fullwidth=&#8221;yes&#8221; column_spacing=&#8221;0px&#8221;][vc_column]<div class=\"finax-content-box clearfix \" data-padding=\"0px 15% 0px 15%\" data-mobipadding=\"0px 10% 0px 10%\" data-margin=\"\" data-mobimargin=\"\" >\n\t\t<div class=\"inner ctb-686885210\" style=\"\"  data-background=\"\">\n\t\t\t\n\t<div class=\"finax-spacer clearfix\" data-desktop=\"140\" data-mobi=\"60\" data-smobi=\"60\"><\/div><div class=\"finax-headings clearfix text-center wow fadeInUp\" data-font=40 data-wow-duration=\"0.75s\" data-wow-delay=\"0.3s\" style=\"\"><h1 class=\"heading clearfix \" style=\"font-weight:700;color:#ffffff;font-size:40px;\">\n\t\tAssessoria laboral a Cambrils, Reus i Tarragona\n\t<\/h1><p class=\"sub-heading clearfix\" style=\"font-style:italic;color:#bfbfc1;font-size:25px;margin-bottom:15px;font-family:Lato;\">\n\t\tA Compta-Clar som especialistes en assessorament, tramitaci\u00f3 i gesti\u00f3 de qualsevol tipus de prestaci\u00f3 econ\u00f2mica per a presentar davant l'Institut de la Seguretat Social.\n\t<\/p><\/div>\n\t<div class=\"finax-spacer clearfix\" data-desktop=\"120\" data-mobi=\"60\" data-smobi=\"60\"><\/div>\n\t\t<\/div>\n\t<\/div>[\/vc_column][\/vc_row][vc_row content_placement=&#8221;middle&#8221;][vc_column]\n\t<div class=\"finax-spacer clearfix\" data-desktop=\"80\" data-mobi=\"60\" data-smobi=\"60\"><\/div>[vc_row_inner column_inner_spacing=&#8221;50&#8243;][vc_column_inner width=&#8221;2\/3&#8243;]<div class=\"finax-headings clearfix \" data-font=38 style=\"\"><h1 class=\"heading clearfix \" style=\"font-weight:700;font-size:38px;\">\n\t\t\u00c0rea d'Experi\u00e8ncia\n\t<\/h1><p class=\"sub-heading clearfix\" style=\"font-style:italic;font-size:25px;margin-bottom:15px;font-family:Lato;\">\n\t\tServeis en l'\u00e0rea de prestacions\n\t<\/p><\/div>[vc_column_text]El nostre personal us assessorar\u00e0 sobre qualsevol consulta o dubte que pugui tenir en l&#8217;\u00e0rea de prestacions. Comptem amb un equip de professionals amb una \u00e0mplia experi\u00e8ncia en mat\u00e8ria de prestacions de maternitat, prestacions, incapacitats, jubilaci\u00f3, vidu\u00eftat, orfandat, etc. i estudiem cada cas, d&#8217;acord amb les actuals normatives, per buscar la millor soluci\u00f3 a les seves necessitats.<\/p>\n<p>Les prestacions s\u00f3n un dret per a reparar o superar estats de necessitat per diferents situacions, per\u00f2 \u00e9s complicat gestionar-los correctament. Deixi&#8217;ns ajudar-lo a gestionar i tramitar les seves prestacions.[\/vc_column_text]\n\t<div class=\"finax-spacer clearfix\" data-desktop=\"40\" data-mobi=\"25\" data-smobi=\"25\"><\/div>[\/vc_column_inner][vc_column_inner width=&#8221;1\/3&#8243;][vc_single_image image=&#8221;6784&#8243; style=&#8221;vc_box_rounded&#8221;][\/vc_column_inner][\/vc_row_inner][vc_row_inner][vc_column_inner]<div class=\"finax-grid-box clearfix grid3 solid border-verylight\" data-grid=\"3\">\n\t\t<div class=\"finax-content-box clearfix \" data-padding=\"41px 37px 37px 27px\" data-mobipadding=\"13px 0px 10px 0px\" data-margin=\"\" data-mobimargin=\"\" >\n\t\t<div class=\"inner ctb-28433765\" style=\"\"  data-background=\"\">\n\t\t\t<div class=\"finax-icon-box clearfix icon-left align-left simple wow fadeInUp\" style=\"\"  data-wow-duration=\"0.75s\" data-wow-delay=\"0s\"><div class=\"finax-icon icon-2087100603\"  data-icon=\"#36b8c0\">\n\t\t\t\t<span class=\"icon\" style=\"font-size:30px;width:40px;height:40px;border-style:solid;margin-top:-20px;\"><i class=\"vc-oi vc-oi-lamp\"><\/i><\/span>\n\t\t\t<\/div> <h3 class=\"heading \" style=\"padding-left:50px;font-size:22px;margin-bottom:11px;\">\n\t\t<a target=\"_blank\" href=\"\">\n\t\t\t<span>Maternitat\/Paternitat<\/span>\n\t\t<\/a>\n\t<\/h3><p class=\"desc\" style=\"padding-left:50px;font-size:16px;line-height:28px;\">\n\t\t<span>Prestacions per compensaci\u00f3 al descans pel naixement d&#039;un fill o fills.<\/span>\n\t<\/p><\/div>\n\t\t<\/div>\n\t<\/div><div class=\"finax-content-box clearfix \" data-padding=\"41px 37px 37px 27px\" data-mobipadding=\"13px 0px 10px 0px\" data-margin=\"\" data-mobimargin=\"\" >\n\t\t<div class=\"inner ctb-895316144\" style=\"\"  data-background=\"\">\n\t\t\t<div class=\"finax-icon-box clearfix icon-left align-left simple wow fadeInUp\" style=\"\"  data-wow-duration=\"0.75s\" data-wow-delay=\"0s\"><div class=\"finax-icon icon-1490039664\"  data-icon=\"#36b8c0\">\n\t\t\t\t<span class=\"icon\" style=\"font-size:30px;width:40px;height:40px;border-style:solid;margin-top:-20px;\"><i class=\"vc-oi vc-oi-sun\"><\/i><\/span>\n\t\t\t<\/div> <h3 class=\"heading \" style=\"padding-left:50px;font-size:22px;margin-bottom:11px;\">\n\t\t<a target=\"_blank\" href=\"\">\n\t\t\t<span>Jubilaci\u00f3<\/span>\n\t\t<\/a>\n\t<\/h3><p class=\"desc\" style=\"padding-left:50px;font-size:16px;line-height:28px;\">\n\t\t<span>Presentaci\u00f3 per a la prestaci\u00f3 per jubilaci\u00f3 per estar afiliat a la Seguretat Social.<\/span>\n\t<\/p><\/div>\n\t\t<\/div>\n\t<\/div><div class=\"finax-content-box clearfix \" data-padding=\"41px 37px 37px 27px\" data-mobipadding=\"13px 0px 10px 0px\" data-margin=\"\" data-mobimargin=\"\" >\n\t\t<div class=\"inner ctb-1274013967\" style=\"\"  data-background=\"\">\n\t\t\t<div class=\"finax-icon-box clearfix icon-left align-left simple wow fadeInUp\" style=\"\"  data-wow-duration=\"0.75s\" data-wow-delay=\"0s\"><div class=\"finax-icon icon-642853442\"  data-icon=\"#36b8c0\">\n\t\t\t\t<span class=\"icon\" style=\"font-size:30px;width:40px;height:40px;border-style:solid;margin-top:-20px;\"><i class=\"vc-oi vc-oi-user\"><\/i><\/span>\n\t\t\t<\/div> <h3 class=\"heading \" style=\"padding-left:50px;font-size:22px;margin-bottom:11px;\">\n\t\t<a target=\"_blank\" href=\"\">\n\t\t\t<span>Incapacitat<\/span>\n\t\t<\/a>\n\t<\/h3><p class=\"desc\" style=\"padding-left:50px;font-size:16px;line-height:28px;\">\n\t\t<span>Prestaci\u00f3 per invalidesa o incapacitat temporal o permanent.<\/span>\n\t<\/p><\/div>\n\t\t<\/div>\n\t<\/div><div class=\"finax-content-box clearfix \" data-padding=\"41px 37px 37px 27px\" data-mobipadding=\"13px 0px 10px 0px\" data-margin=\"\" data-mobimargin=\"\" >\n\t\t<div class=\"inner ctb-1825233623\" style=\"\"  data-background=\"\">\n\t\t\t<div class=\"finax-icon-box clearfix icon-left align-left simple wow fadeInUp\" style=\"\"  data-wow-duration=\"0.75s\" data-wow-delay=\"0s\"><div class=\"finax-icon icon-192056298\"  data-icon=\"#36b8c0\">\n\t\t\t\t<span class=\"icon\" style=\"font-size:30px;width:40px;height:40px;border-style:solid;margin-top:-20px;\"><i class=\"vc-oi vc-oi-book-alt\"><\/i><\/span>\n\t\t\t<\/div> <h3 class=\"heading \" style=\"padding-left:50px;font-size:22px;margin-bottom:11px;\">\n\t\t<a target=\"_blank\" href=\"\">\n\t\t\t<span>Orfandat<\/span>\n\t\t<\/a>\n\t<\/h3><p class=\"desc\" style=\"padding-left:50px;font-size:16px;line-height:28px;\">\n\t\t<span>Prestaci\u00f3 per a menors o adolescents per mort de pares o tutors.<\/span>\n\t<\/p><\/div>\n\t\t<\/div>\n\t<\/div><div class=\"finax-content-box clearfix \" data-padding=\"41px 37px 37px 27px\" data-mobipadding=\"13px 0px 10px 0px\" data-margin=\"\" data-mobimargin=\"\" >\n\t\t<div class=\"inner ctb-1836765704\" style=\"\"  data-background=\"\">\n\t\t\t<div class=\"finax-icon-box clearfix icon-left align-left simple wow fadeInUp\" style=\"\"  data-wow-duration=\"0.75s\" data-wow-delay=\"0s\"><div class=\"finax-icon icon-1565907215\"  data-icon=\"#36b8c0\">\n\t\t\t\t<span class=\"icon\" style=\"font-size:30px;width:40px;height:40px;border-style:solid;margin-top:-20px;\"><i class=\"vc-oi vc-oi-heart-empty\"><\/i><\/span>\n\t\t\t<\/div> <h3 class=\"heading \" style=\"padding-left:50px;font-size:22px;margin-bottom:11px;\">\n\t\t<a target=\"_blank\" href=\"\">\n\t\t\t<span>Vidu\u00eftat<\/span>\n\t\t<\/a>\n\t<\/h3><p class=\"desc\" style=\"padding-left:50px;font-size:16px;line-height:28px;\">\n\t\t<span>Prestaci\u00f3 de vidu\u00eftat per defunci\u00f3 del c\u00f2njuge de car\u00e0cter vitalici.<\/span>\n\t<\/p><\/div>\n\t\t<\/div>\n\t<\/div><div class=\"finax-content-box clearfix \" data-padding=\"41px 37px 37px 27px\" data-mobipadding=\"13px 0px 10px 0px\" data-margin=\"\" data-mobimargin=\"\" >\n\t\t<div class=\"inner ctb-743404994\" style=\"\"  data-background=\"\">\n\t\t\t<div class=\"finax-icon-box clearfix icon-left align-left simple wow fadeInUp\" style=\"\"  data-wow-duration=\"0.75s\" data-wow-delay=\"0s\"><div class=\"finax-icon icon-45365448\"  data-icon=\"#36b8c0\">\n\t\t\t\t<span class=\"icon\" style=\"font-size:30px;width:40px;height:40px;border-style:solid;margin-top:-20px;\"><i class=\"vc-oi vc-oi-box\"><\/i><\/span>\n\t\t\t<\/div> <h3 class=\"heading \" style=\"padding-left:50px;font-size:22px;margin-bottom:11px;\">\n\t\t<a target=\"_blank\" href=\"\">\n\t\t\t<span>Fons salarial<\/span>\n\t\t<\/a>\n\t<\/h3><p class=\"desc\" style=\"padding-left:50px;font-size:16px;line-height:28px;\">\n\t\t<span>Prestacions per compensar deutes laborals per insolv\u00e8ncia empresarial.<\/span>\n\t<\/p><\/div>\n\t\t<\/div>\n\t<\/div>\n\n\t<\/div>[\/vc_column_inner][\/vc_row_inner]\n\t<div class=\"finax-spacer clearfix\" data-desktop=\"60\" data-mobi=\"50\" data-smobi=\"50\"><\/div>[\/vc_column][\/vc_row][vc_row css=&#8221;.vc_custom_1554633685812{background-image: url(https:\/\/cccambrils.cat\/wp-content\/uploads\/2019\/04\/section_bg-1.jpg?id=7141) !important;}&#8221;][vc_column][vc_row_inner][vc_column_inner width=&#8221;1\/3&#8243;][\/vc_column_inner][vc_column_inner width=&#8221;2\/3&#8243;]\n\t<div class=\"finax-spacer clearfix\" data-desktop=\"120\" data-mobi=\"80\" data-smobi=\"80\"><\/div><div class=\"finax-content-box clearfix \" data-padding=\"0px 0px 0px 0px\" data-mobipadding=\"0px 0px 0px 0px\" data-margin=\"\" data-mobimargin=\"\" >\n\t\t<div class=\"inner ctb-207501921\" style=\"\"  data-background=\"\">\n\t\t\t<div class=\"finax-headings clearfix  wow fadeInUp\" data-font=38 data-wow-duration=\"0.75s\" data-wow-delay=\"0s\" style=\"\"><h1 class=\"heading clearfix \" style=\"font-weight:700;color:#ffffff;margin-bottom:20px;font-size:38px;\">\n\t\tL'ajudem a solucionar els seus dubtes\n\t<\/h1><p class=\"sub-heading clearfix\" style=\"font-style:italic;color:#ffffff;font-size:25px;margin-bottom:17px;max-width:760px;font-family:Lato;\">\n\t\tNo esperi m\u00e9s, envi\u00ef'ns les seves consultes o truqui'ns\n\t<\/p><\/div>[vc_column_text]<\/p>\n<p><span style=\"color: #ffffff;\">Si tiene alguna consulta o duda que quiera resolver, o sencillamente quiere contactar con nosotros buscando m\u00e1s informaci\u00f3n, no dude en enviarnos un mensaje a trav\u00e9s de nuestro formulario de contacto o ll\u00e1menos por tel\u00e9fono. Estaremos encantados de poder ayudarle.<\/span><\/p>\n<p>[\/vc_column_text]\n\t<div class=\"finax-spacer clearfix\" data-desktop=\"20\" data-mobi=\"5\" data-smobi=\"5\"><\/div><div class=\"button-wrap icon-left has-icon wow fadeInUp\" style=\"\"  data-wow-duration=\"0.75s\" data-wow-delay=\"0.1s\"><a href=\"https:\/\/cccambrils.cat\/ca\/contacte\/\" target=\"_self\" class=\"finax-button btn-56305301 medium outline solid custom\" style=\"margin:13px 0px 13px 0px;font-weight:500;font-size:24px;border-radius:10px;border-width:0px;\"  data-border=\"\" data-text=\"#ffffff\" data-icon=\"#36b8c0\">\n\t\t<span style=\"padding-left:66px;\">Email <span class=\"icon\" style=\"font-size:52px;top:-9px;\"><i class=\"fa fa-envelope-o\"><\/i><\/span><\/span>\n\t<\/a><\/div><div class=\"button-wrap icon-left has-icon wow fadeInUp\" style=\"\"  data-wow-duration=\"0.75s\" data-wow-delay=\"0.1s\"><a href=\"\" target=\"_blank\" class=\"finax-button btn-1855803593 medium outline solid custom\" style=\"margin:13px 40px 13px 0px;font-weight:500;font-size:24px;border-radius:10px;border-width:0px;\"  data-border=\"\" data-text=\"#ffffff\" data-icon=\"#36b8c0\">\n\t\t<span style=\"padding-left:66px;\">977 792887 <span class=\"icon\" style=\"font-size:52px;top:-3px;\"><i class=\"fnicon-phone\"><\/i><\/span><\/span>\n\t<\/a><\/div>\n\t\t<\/div>\n\t<\/div>\n\t<div class=\"finax-spacer clearfix\" data-desktop=\"120\" data-mobi=\"80\" data-smobi=\"80\"><\/div>[\/vc_column_inner][\/vc_row_inner][\/vc_column][\/vc_row]<\/p>\n<\/section>","protected":false},"excerpt":{"rendered":"<p>[vc_row][vc_column][rev_slider_vc alias=&#8221;prestaciones&#8221;][\/vc_column][\/vc_row][vc_row content_placement=&#8221;middle&#8221; fullwidth=&#8221;yes&#8221; column_spacing=&#8221;0px&#8221; css=&#8221;.vc_custom_1553759486123{background-color: #f5f5f5 !important;}&#8221;][vc_column][vc_row_inner][vc_column_inner][\/vc_column_inner][\/vc_row_inner][\/vc_column][\/vc_row][vc_row content_placement=&#8221;middle&#8221;][vc_column][vc_row_inner column_inner_spacing=&#8221;50&#8243;][vc_column_inner width=&#8221;2\/3&#8243;][vc_column_text]A Compta-Clar oferim un complet assessorament i gesti\u00f3 sobre qualsevol tr\u00e0mit que hagi de realitzar davant l&#8217;Institut Nacional de la Seguretat Social (INSS), responsable de gestionar les prestacions econ\u00f2miques del sistema de la Seguretat Social. El nostre equip de professionals<\/p>\n","protected":false},"author":1,"featured_media":0,"parent":7000,"menu_order":0,"comment_status":"closed","ping_status":"closed","template":"","meta":{"footnotes":""},"class_list":["post-7019","page","type-page","status-publish","hentry"],"yoast_head":"<!-- This site is optimized with the Yoast SEO plugin v27.5 - https:\/\/yoast.com\/product\/yoast-seo-wordpress\/ -->\n<title>Prestacions - Asesor\u00eda Compta-Clar<\/title>\n<meta name=\"robots\" content=\"index, follow, max-snippet:-1, max-image-preview:large, max-video-preview:-1\" \/>\n<link rel=\"canonical\" href=\"https:\/\/cccambrils.cat\/ca\/serveis\/assessoria-laboral\/prestacions\/\" \/>\n<meta property=\"og:locale\" content=\"ca_ES\" \/>\n<meta property=\"og:type\" content=\"article\" \/>\n<meta property=\"og:title\" content=\"Prestacions - Asesor\u00eda Compta-Clar\" \/>\n<meta property=\"og:description\" content=\"[vc_row][vc_column][rev_slider_vc alias=&#8221;prestaciones&#8221;][\/vc_column][\/vc_row][vc_row content_placement=&#8221;middle&#8221; fullwidth=&#8221;yes&#8221; column_spacing=&#8221;0px&#8221; css=&#8221;.vc_custom_1553759486123{background-color: #f5f5f5 !important;}&#8221;][vc_column][vc_row_inner][vc_column_inner][\/vc_column_inner][\/vc_row_inner][\/vc_column][\/vc_row][vc_row content_placement=&#8221;middle&#8221;][vc_column][vc_row_inner column_inner_spacing=&#8221;50&#8243;][vc_column_inner width=&#8221;2\/3&#8243;][vc_column_text]A Compta-Clar oferim un complet assessorament i gesti\u00f3 sobre qualsevol tr\u00e0mit que hagi de realitzar davant l&#8217;Institut Nacional de la Seguretat Social (INSS), responsable de gestionar les prestacions econ\u00f2miques del sistema de la Seguretat Social. El nostre equip de professionals\" \/>\n<meta property=\"og:url\" content=\"https:\/\/cccambrils.cat\/ca\/serveis\/assessoria-laboral\/prestacions\/\" \/>\n<meta property=\"og:site_name\" content=\"Asesor\u00eda Compta-Clar\" \/>\n<meta property=\"article:modified_time\" content=\"2019-04-07T10:41:32+00:00\" \/>\n<meta name=\"twitter:card\" content=\"summary_large_image\" \/>\n<meta name=\"twitter:label1\" content=\"Temps estimat de lectura\" \/>\n\t<meta name=\"twitter:data1\" content=\"7 minuts\" \/>\n<script type=\"application\/ld+json\" class=\"yoast-schema-graph\">{\"@context\":\"https:\\\/\\\/schema.org\",\"@graph\":[{\"@type\":\"WebPage\",\"@id\":\"https:\\\/\\\/cccambrils.cat\\\/ca\\\/serveis\\\/assessoria-laboral\\\/prestacions\\\/\",\"url\":\"https:\\\/\\\/cccambrils.cat\\\/ca\\\/serveis\\\/assessoria-laboral\\\/prestacions\\\/\",\"name\":\"Prestacions - Asesor\u00eda Compta-Clar\",\"isPartOf\":{\"@id\":\"https:\\\/\\\/cccambrils.cat\\\/#website\"},\"datePublished\":\"2019-03-24T09:29:41+00:00\",\"dateModified\":\"2019-04-07T10:41:32+00:00\",\"breadcrumb\":{\"@id\":\"https:\\\/\\\/cccambrils.cat\\\/ca\\\/serveis\\\/assessoria-laboral\\\/prestacions\\\/#breadcrumb\"},\"inLanguage\":\"ca\",\"potentialAction\":[{\"@type\":\"ReadAction\",\"target\":[\"https:\\\/\\\/cccambrils.cat\\\/ca\\\/serveis\\\/assessoria-laboral\\\/prestacions\\\/\"]}]},{\"@type\":\"BreadcrumbList\",\"@id\":\"https:\\\/\\\/cccambrils.cat\\\/ca\\\/serveis\\\/assessoria-laboral\\\/prestacions\\\/#breadcrumb\",\"itemListElement\":[{\"@type\":\"ListItem\",\"position\":1,\"name\":\"Portada\",\"item\":\"https:\\\/\\\/cccambrils.cat\\\/ca\\\/\"},{\"@type\":\"ListItem\",\"position\":2,\"name\":\"Serveis\",\"item\":\"https:\\\/\\\/cccambrils.cat\\\/ca\\\/serveis\\\/\"},{\"@type\":\"ListItem\",\"position\":3,\"name\":\"Assessoria laboral\",\"item\":\"https:\\\/\\\/cccambrils.cat\\\/ca\\\/serveis\\\/assessoria-laboral\\\/\"},{\"@type\":\"ListItem\",\"position\":4,\"name\":\"Prestacions\"}]},{\"@type\":\"WebSite\",\"@id\":\"https:\\\/\\\/cccambrils.cat\\\/#website\",\"url\":\"https:\\\/\\\/cccambrils.cat\\\/\",\"name\":\"Asesor\u00eda Compta-Clar\",\"description\":\"Asesor\u00eda profesional en Cambrils, Reus y Tarragona\",\"publisher\":{\"@id\":\"https:\\\/\\\/cccambrils.cat\\\/#organization\"},\"potentialAction\":[{\"@type\":\"SearchAction\",\"target\":{\"@type\":\"EntryPoint\",\"urlTemplate\":\"https:\\\/\\\/cccambrils.cat\\\/?s={search_term_string}\"},\"query-input\":{\"@type\":\"PropertyValueSpecification\",\"valueRequired\":true,\"valueName\":\"search_term_string\"}}],\"inLanguage\":\"ca\"},{\"@type\":\"Organization\",\"@id\":\"https:\\\/\\\/cccambrils.cat\\\/#organization\",\"name\":\"Asesor\u00eda Compta-Clar\",\"url\":\"https:\\\/\\\/cccambrils.cat\\\/\",\"logo\":{\"@type\":\"ImageObject\",\"inLanguage\":\"ca\",\"@id\":\"https:\\\/\\\/cccambrils.cat\\\/#\\\/schema\\\/logo\\\/image\\\/\",\"url\":\"\",\"contentUrl\":\"\",\"caption\":\"Asesor\u00eda Compta-Clar\"},\"image\":{\"@id\":\"https:\\\/\\\/cccambrils.cat\\\/#\\\/schema\\\/logo\\\/image\\\/\"}}]}<\/script>\n<!-- \/ Yoast SEO plugin. -->","yoast_head_json":{"title":"Prestacions - Asesor\u00eda Compta-Clar","robots":{"index":"index","follow":"follow","max-snippet":"max-snippet:-1","max-image-preview":"max-image-preview:large","max-video-preview":"max-video-preview:-1"},"canonical":"https:\/\/cccambrils.cat\/ca\/serveis\/assessoria-laboral\/prestacions\/","og_locale":"ca_ES","og_type":"article","og_title":"Prestacions - Asesor\u00eda Compta-Clar","og_description":"[vc_row][vc_column][rev_slider_vc alias=&#8221;prestaciones&#8221;][\/vc_column][\/vc_row][vc_row content_placement=&#8221;middle&#8221; fullwidth=&#8221;yes&#8221; column_spacing=&#8221;0px&#8221; css=&#8221;.vc_custom_1553759486123{background-color: #f5f5f5 !important;}&#8221;][vc_column][vc_row_inner][vc_column_inner][\/vc_column_inner][\/vc_row_inner][\/vc_column][\/vc_row][vc_row content_placement=&#8221;middle&#8221;][vc_column][vc_row_inner column_inner_spacing=&#8221;50&#8243;][vc_column_inner width=&#8221;2\/3&#8243;][vc_column_text]A Compta-Clar oferim un complet assessorament i gesti\u00f3 sobre qualsevol tr\u00e0mit que hagi de realitzar davant l&#8217;Institut Nacional de la Seguretat Social (INSS), responsable de gestionar les prestacions econ\u00f2miques del sistema de la Seguretat Social. El nostre equip de professionals","og_url":"https:\/\/cccambrils.cat\/ca\/serveis\/assessoria-laboral\/prestacions\/","og_site_name":"Asesor\u00eda Compta-Clar","article_modified_time":"2019-04-07T10:41:32+00:00","twitter_card":"summary_large_image","twitter_misc":{"Temps estimat de lectura":"7 minuts"},"schema":{"@context":"https:\/\/schema.org","@graph":[{"@type":"WebPage","@id":"https:\/\/cccambrils.cat\/ca\/serveis\/assessoria-laboral\/prestacions\/","url":"https:\/\/cccambrils.cat\/ca\/serveis\/assessoria-laboral\/prestacions\/","name":"Prestacions - Asesor\u00eda Compta-Clar","isPartOf":{"@id":"https:\/\/cccambrils.cat\/#website"},"datePublished":"2019-03-24T09:29:41+00:00","dateModified":"2019-04-07T10:41:32+00:00","breadcrumb":{"@id":"https:\/\/cccambrils.cat\/ca\/serveis\/assessoria-laboral\/prestacions\/#breadcrumb"},"inLanguage":"ca","potentialAction":[{"@type":"ReadAction","target":["https:\/\/cccambrils.cat\/ca\/serveis\/assessoria-laboral\/prestacions\/"]}]},{"@type":"BreadcrumbList","@id":"https:\/\/cccambrils.cat\/ca\/serveis\/assessoria-laboral\/prestacions\/#breadcrumb","itemListElement":[{"@type":"ListItem","position":1,"name":"Portada","item":"https:\/\/cccambrils.cat\/ca\/"},{"@type":"ListItem","position":2,"name":"Serveis","item":"https:\/\/cccambrils.cat\/ca\/serveis\/"},{"@type":"ListItem","position":3,"name":"Assessoria laboral","item":"https:\/\/cccambrils.cat\/ca\/serveis\/assessoria-laboral\/"},{"@type":"ListItem","position":4,"name":"Prestacions"}]},{"@type":"WebSite","@id":"https:\/\/cccambrils.cat\/#website","url":"https:\/\/cccambrils.cat\/","name":"Asesor\u00eda Compta-Clar","description":"Asesor\u00eda profesional en Cambrils, Reus y Tarragona","publisher":{"@id":"https:\/\/cccambrils.cat\/#organization"},"potentialAction":[{"@type":"SearchAction","target":{"@type":"EntryPoint","urlTemplate":"https:\/\/cccambrils.cat\/?s={search_term_string}"},"query-input":{"@type":"PropertyValueSpecification","valueRequired":true,"valueName":"search_term_string"}}],"inLanguage":"ca"},{"@type":"Organization","@id":"https:\/\/cccambrils.cat\/#organization","name":"Asesor\u00eda Compta-Clar","url":"https:\/\/cccambrils.cat\/","logo":{"@type":"ImageObject","inLanguage":"ca","@id":"https:\/\/cccambrils.cat\/#\/schema\/logo\/image\/","url":"","contentUrl":"","caption":"Asesor\u00eda Compta-Clar"},"image":{"@id":"https:\/\/cccambrils.cat\/#\/schema\/logo\/image\/"}}]}},"_links":{"self":[{"href":"https:\/\/cccambrils.cat\/ca\/wp-json\/wp\/v2\/pages\/7019","targetHints":{"allow":["GET"]}}],"collection":[{"href":"https:\/\/cccambrils.cat\/ca\/wp-json\/wp\/v2\/pages"}],"about":[{"href":"https:\/\/cccambrils.cat\/ca\/wp-json\/wp\/v2\/types\/page"}],"author":[{"embeddable":true,"href":"https:\/\/cccambrils.cat\/ca\/wp-json\/wp\/v2\/users\/1"}],"replies":[{"embeddable":true,"href":"https:\/\/cccambrils.cat\/ca\/wp-json\/wp\/v2\/comments?post=7019"}],"version-history":[{"count":3,"href":"https:\/\/cccambrils.cat\/ca\/wp-json\/wp\/v2\/pages\/7019\/revisions"}],"predecessor-version":[{"id":7211,"href":"https:\/\/cccambrils.cat\/ca\/wp-json\/wp\/v2\/pages\/7019\/revisions\/7211"}],"up":[{"embeddable":true,"href":"https:\/\/cccambrils.cat\/ca\/wp-json\/wp\/v2\/pages\/7000"}],"wp:attachment":[{"href":"https:\/\/cccambrils.cat\/ca\/wp-json\/wp\/v2\/media?parent=7019"}],"curies":[{"name":"wp","href":"https:\/\/api.w.org\/{rel}","templated":true}]}}