{"id":7010,"date":"2019-03-23T22:07:33","date_gmt":"2019-03-23T21:07:33","guid":{"rendered":"http:\/\/www.dygicom.org\/comptaclar\/serveis\/assessoria-laboral\/gestion-laboral\/"},"modified":"2019-04-07T12:40:51","modified_gmt":"2019-04-07T10:40:51","slug":"gestio-laboral","status":"publish","type":"page","link":"https:\/\/cccambrils.cat\/ca\/serveis\/assessoria-laboral\/gestio-laboral\/","title":{"rendered":"Gesti\u00f3 laboral"},"content":{"rendered":"<section class=\"wpb-content-wrapper\"><p>[vc_row][vc_column][rev_slider_vc alias=&#8221;gestion-laboral&#8221;][\/vc_column][\/vc_row][vc_row fullwidth=&#8221;yes&#8221; column_spacing=&#8221;0px&#8221; css=&#8221;.vc_custom_1553275073094{background-color: #f5f5f5 !important;}&#8221;][vc_column]\n\t<div class=\"finax-spacer clearfix\" data-desktop=\"50\" data-mobi=\"25\" data-smobi=\"25\"><\/div>[vc_row_inner][vc_column_inner]<div class=\"finax-headings clearfix text-center\" data-font=38 style=\"\"><p class=\"sub-heading clearfix\" style=\"font-style:italic;font-size:25px;margin-bottom:15px;font-family:Lato;\">\n\t\tL'assessorem en tot moment i gestionem la seva documentaci\u00f3 i informaci\u00f3 de forma clara i professional\n\t<\/p><\/div>[\/vc_column_inner][\/vc_row_inner]\n\t<div class=\"finax-spacer clearfix\" data-desktop=\"50\" data-mobi=\"25\" data-smobi=\"25\"><\/div>[\/vc_column][\/vc_row][vc_row content_placement=&#8221;middle&#8221;][vc_column]\n\t<div class=\"finax-spacer clearfix\" data-desktop=\"80\" data-mobi=\"60\" data-smobi=\"60\"><\/div>[vc_row_inner column_inner_spacing=&#8221;50&#8243;][vc_column_inner width=&#8221;2\/3&#8243;]<div class=\"finax-headings clearfix \" data-font=38 style=\"\"><h1 class=\"heading clearfix \" style=\"font-weight:700;font-size:38px;\">\n\t\tGesti\u00f3 Laboral\n\t<\/h1><p class=\"sub-heading clearfix\" style=\"font-style:italic;font-size:25px;margin-bottom:15px;font-family:Lato;\">\n\t\tConfi\u00ef'ns la seva gesti\u00f3 i centris nom\u00e9s en el seu negoci\n\t<\/p><\/div>[vc_column_text]\u00c9s imprescindible que la gesti\u00f3 de la informaci\u00f3 i documentaci\u00f3 sigui professional i clara per estar segurs que les coses s&#8217;estan fent correctament, La legislaci\u00f3 laboral \u00e9s un dels sectors que m\u00e9s canvis pateix al llarg de l&#8217;any i es fa imprescindible l&#8217;assessorament per part d&#8217;una gestora laboral professional.<\/p>\n<p>La nostra soluci\u00f3 d&#8217;externalitzaci\u00f3 va m\u00e9s enll\u00e0 de la gesti\u00f3 de n\u00f2mines, simplifiquem processos, optimitzem costos i oferim un millor servei personalitzat per a cada nova contractaci\u00f3.[\/vc_column_text]\n\t<div class=\"finax-spacer clearfix\" data-desktop=\"40\" data-mobi=\"25\" data-smobi=\"25\"><\/div>[\/vc_column_inner][vc_column_inner width=&#8221;1\/3&#8243;][vc_single_image image=&#8221;6804&#8243; style=&#8221;vc_box_rounded&#8221;][\/vc_column_inner][\/vc_row_inner]\n\t<div class=\"finax-spacer clearfix\" data-desktop=\"60\" data-mobi=\"50\" data-smobi=\"50\"><\/div>[\/vc_column][\/vc_row][vc_row parallax=&#8221;content-moving&#8221; parallax_image=&#8221;6588&#8243; css_animation=&#8221;none&#8221; fullwidth=&#8221;yes&#8221; column_spacing=&#8221;0px&#8221;][vc_column]<div class=\"finax-content-box clearfix \" data-padding=\"0px 15% 0px 15%\" data-mobipadding=\"0px 10% 0px 10%\" data-margin=\"\" data-mobimargin=\"\" >\n\t\t<div class=\"inner ctb-1818473436\" style=\"\"  data-background=\"\">\n\t\t\t\n\t<div class=\"finax-spacer clearfix\" data-desktop=\"140\" data-mobi=\"60\" data-smobi=\"60\"><\/div><div class=\"finax-headings clearfix text-center wow fadeInUp\" data-font=40 data-wow-duration=\"0.75s\" data-wow-delay=\"0.3s\" style=\"\"><h1 class=\"heading clearfix \" style=\"font-weight:700;color:#ffffff;font-size:40px;\">\n\t\tAssessoria laboral a Cambrils, Reus i Tarragona\n\t<\/h1><p class=\"sub-heading clearfix\" style=\"font-style:italic;color:#bfbfc1;font-size:25px;margin-bottom:15px;font-family:Lato;\">\n\t\tA Compta-Clar estem especialitzats en la gesti\u00f3 i assessorament laboral de tot tipus d'empreses, professionals i treballadors aut\u00f2noms.\n\t<\/p><\/div>\n\t<div class=\"finax-spacer clearfix\" data-desktop=\"120\" data-mobi=\"60\" data-smobi=\"60\"><\/div>\n\t\t<\/div>\n\t<\/div>[\/vc_column][\/vc_row][vc_row content_placement=&#8221;middle&#8221;][vc_column]\n\t<div class=\"finax-spacer clearfix\" data-desktop=\"80\" data-mobi=\"60\" data-smobi=\"60\"><\/div>[vc_row_inner column_inner_spacing=&#8221;50&#8243;][vc_column_inner width=&#8221;2\/3&#8243;]<div class=\"finax-headings clearfix \" data-font=38 style=\"\"><h1 class=\"heading clearfix \" style=\"font-weight:700;font-size:38px;\">\n\t\t\u00c0rea d'Experi\u00e8ncia\n\t<\/h1><p class=\"sub-heading clearfix\" style=\"font-style:italic;font-size:25px;margin-bottom:15px;font-family:Lato;\">\n\t\tServeis de gesti\u00f3 i assessoria laboral\n\t<\/p><\/div>[vc_column_text]Compta-Clar compta amb un equip de professionals altament qualificats amb una \u00e0mplia experi\u00e8ncia en la gesti\u00f3 i assessorament laboral d&#8217;empreses, aut\u00f2noms i professionals, per proporcionar-li l&#8217;atenci\u00f3 personalitzada que necessita. Aconsellem i ajudem als nostres clients en tot el relacionat amb els seus treballadors.<\/p>\n<p>Dominem tots els \u00e0mbits en l&#8217;\u00e0rea de la gesti\u00f3 i assessoria laboral, el que ens permet oferir una r\u00e0pida resposta adaptada a les seves necessitats. A Compta-Clar, considerem que la bona gesti\u00f3 laboral \u00e9s una de les claus per al bon funcionament de les empreses.[\/vc_column_text]\n\t<div class=\"finax-spacer clearfix\" data-desktop=\"40\" data-mobi=\"25\" data-smobi=\"25\"><\/div>[\/vc_column_inner][vc_column_inner width=&#8221;1\/3&#8243;][vc_single_image image=&#8221;6805&#8243; style=&#8221;vc_box_rounded&#8221;][\/vc_column_inner][\/vc_row_inner][vc_row_inner][vc_column_inner]<div class=\"finax-grid-box clearfix grid4 solid border-verylight\" data-grid=\"4\">\n\t\t<div class=\"finax-content-box clearfix \" data-padding=\"41px 37px 37px 27px\" data-mobipadding=\"13px 0px 10px 0px\" data-margin=\"\" data-mobimargin=\"\" >\n\t\t<div class=\"inner ctb-324594509\" style=\"\"  data-background=\"\">\n\t\t\t<div class=\"finax-icon-box clearfix icon-left align-left simple wow fadeInUp\" style=\"\"  data-wow-duration=\"0.75s\" data-wow-delay=\"0s\"><div class=\"finax-icon icon-1615806821\"  data-icon=\"#36b8c0\">\n\t\t\t\t<span class=\"icon\" style=\"font-size:30px;width:40px;height:40px;border-style:solid;margin-top:-20px;\"><i class=\"fa fa-building-o\"><\/i><\/span>\n\t\t\t<\/div> <h3 class=\"heading \" style=\"padding-left:50px;font-size:22px;margin-bottom:11px;\">\n\t\t<a target=\"_blank\" href=\"\">\n\t\t\t<span>Noves empreses<\/span>\n\t\t<\/a>\n\t<\/h3><p class=\"desc\" style=\"padding-left:50px;font-size:16px;line-height:28px;\">\n\t\t<span>Assessorament i legalitzaci\u00f3 de noves empreses.<\/span>\n\t<\/p><\/div>\n\t\t<\/div>\n\t<\/div><div class=\"finax-content-box clearfix \" data-padding=\"41px 37px 37px 27px\" data-mobipadding=\"13px 0px 10px 0px\" data-margin=\"\" data-mobimargin=\"\" >\n\t\t<div class=\"inner ctb-917117316\" style=\"\"  data-background=\"\">\n\t\t\t<div class=\"finax-icon-box clearfix icon-left align-left simple wow fadeInUp\" style=\"\"  data-wow-duration=\"0.75s\" data-wow-delay=\"0s\"><div class=\"finax-icon icon-501071856\"  data-icon=\"#36b8c0\">\n\t\t\t\t<span class=\"icon\" style=\"font-size:30px;width:40px;height:40px;border-style:solid;margin-top:-20px;\"><i class=\"fa fa-pencil-square-o\"><\/i><\/span>\n\t\t\t<\/div> <h3 class=\"heading \" style=\"padding-left:50px;font-size:22px;margin-bottom:11px;\">\n\t\t<a target=\"_blank\" href=\"\">\n\t\t\t<span>N\u00f2mines<\/span>\n\t\t<\/a>\n\t<\/h3><p class=\"desc\" style=\"padding-left:50px;font-size:16px;line-height:28px;\">\n\t\t<span>Estudi i confecci\u00f3 de n\u00f2mines i assegurances socials.<\/span>\n\t<\/p><\/div>\n\t\t<\/div>\n\t<\/div><div class=\"finax-content-box clearfix \" data-padding=\"41px 37px 37px 27px\" data-mobipadding=\"13px 0px 10px 0px\" data-margin=\"\" data-mobimargin=\"\" >\n\t\t<div class=\"inner ctb-2119125806\" style=\"\"  data-background=\"\">\n\t\t\t<div class=\"finax-icon-box clearfix icon-left align-left simple wow fadeInUp\" style=\"\"  data-wow-duration=\"0.75s\" data-wow-delay=\"0s\"><div class=\"finax-icon icon-1364870886\"  data-icon=\"#36b8c0\">\n\t\t\t\t<span class=\"icon\" style=\"font-size:30px;width:40px;height:40px;border-style:solid;margin-top:-20px;\"><i class=\"fa fa-calendar\"><\/i><\/span>\n\t\t\t<\/div> <h3 class=\"heading \" style=\"padding-left:50px;font-size:22px;margin-bottom:11px;\">\n\t\t<a target=\"_blank\" href=\"\">\n\t\t\t<span>Ajornaments<\/span>\n\t\t<\/a>\n\t<\/h3><p class=\"desc\" style=\"padding-left:50px;font-size:16px;line-height:28px;\">\n\t\t<span>Ajornament del pagament de quotes a la Seguretat Social.<\/span>\n\t<\/p><\/div>\n\t\t<\/div>\n\t<\/div><div class=\"finax-content-box clearfix \" data-padding=\"41px 37px 37px 27px\" data-mobipadding=\"13px 0px 10px 0px\" data-margin=\"\" data-mobimargin=\"\" >\n\t\t<div class=\"inner ctb-382720602\" style=\"\"  data-background=\"\">\n\t\t\t<div class=\"finax-icon-box clearfix icon-left align-left simple wow fadeInUp\" style=\"\"  data-wow-duration=\"0.75s\" data-wow-delay=\"0s\"><div class=\"finax-icon icon-1050134015\"  data-icon=\"#36b8c0\">\n\t\t\t\t<span class=\"icon\" style=\"font-size:30px;width:40px;height:40px;border-style:solid;margin-top:-20px;\"><i class=\"fa fa-phone\"><\/i><\/span>\n\t\t\t<\/div> <h3 class=\"heading \" style=\"padding-left:50px;font-size:22px;margin-bottom:11px;\">\n\t\t<a target=\"_blank\" href=\"\">\n\t\t\t<span>Assist\u00e8ncia<\/span>\n\t\t<\/a>\n\t<\/h3><p class=\"desc\" style=\"padding-left:50px;font-size:16px;line-height:28px;\">\n\t\t<span>Assessoria laboral telef\u00f2nica durant l&#039;horari laboral.<\/span>\n\t<\/p><\/div>\n\t\t<\/div>\n\t<\/div><div class=\"finax-content-box clearfix \" data-padding=\"41px 37px 37px 27px\" data-mobipadding=\"13px 0px 10px 0px\" data-margin=\"\" data-mobimargin=\"\" >\n\t\t<div class=\"inner ctb-1089752619\" style=\"\"  data-background=\"\">\n\t\t\t<div class=\"finax-icon-box clearfix icon-left align-left simple wow fadeInUp\" style=\"\"  data-wow-duration=\"0.75s\" data-wow-delay=\"0s\"><div class=\"finax-icon icon-2072492534\"  data-icon=\"#36b8c0\">\n\t\t\t\t<span class=\"icon\" style=\"font-size:30px;width:40px;height:40px;border-style:solid;margin-top:-20px;\"><i class=\"entypo-icon entypo-icon-book-open\"><\/i><\/span>\n\t\t\t<\/div> <h3 class=\"heading \" style=\"padding-left:50px;font-size:22px;margin-bottom:11px;\">\n\t\t<a target=\"_blank\" href=\"\">\n\t\t\t<span>Declaracions<\/span>\n\t\t<\/a>\n\t<\/h3><p class=\"desc\" style=\"padding-left:50px;font-size:16px;line-height:28px;\">\n\t\t<span>Confecci\u00f3 de declaracions IRPF i resum anual de retencions.<\/span>\n\t<\/p><\/div>\n\t\t<\/div>\n\t<\/div><div class=\"finax-content-box clearfix \" data-padding=\"41px 37px 37px 27px\" data-mobipadding=\"13px 0px 10px 0px\" data-margin=\"\" data-mobimargin=\"\" >\n\t\t<div class=\"inner ctb-1026702719\" style=\"\"  data-background=\"\">\n\t\t\t<div class=\"finax-icon-box clearfix icon-left align-left simple wow fadeInUp\" style=\"\"  data-wow-duration=\"0.75s\" data-wow-delay=\"0s\"><div class=\"finax-icon icon-126692616\"  data-icon=\"#36b8c0\">\n\t\t\t\t<span class=\"icon\" style=\"font-size:30px;width:40px;height:40px;border-style:solid;margin-top:-20px;\"><i class=\"entypo-icon entypo-icon-doc-text\"><\/i><\/span>\n\t\t\t<\/div> <h3 class=\"heading \" style=\"padding-left:50px;font-size:22px;margin-bottom:11px;\">\n\t\t<a target=\"_blank\" href=\"\">\n\t\t\t<span>Liquidacions<\/span>\n\t\t<\/a>\n\t<\/h3><p class=\"desc\" style=\"padding-left:50px;font-size:16px;line-height:28px;\">\n\t\t<span>Confecci\u00f3 liquidacions, assegurances socials i presentaci\u00f3.<\/span>\n\t<\/p><\/div>\n\t\t<\/div>\n\t<\/div><div class=\"finax-content-box clearfix \" data-padding=\"41px 37px 37px 27px\" data-mobipadding=\"13px 0px 10px 0px\" data-margin=\"\" data-mobimargin=\"\" >\n\t\t<div class=\"inner ctb-1777882357\" style=\"\"  data-background=\"\">\n\t\t\t<div class=\"finax-icon-box clearfix icon-left align-left simple wow fadeInUp\" style=\"\"  data-wow-duration=\"0.75s\" data-wow-delay=\"0s\"><div class=\"finax-icon icon-904593453\"  data-icon=\"#36b8c0\">\n\t\t\t\t<span class=\"icon\" style=\"font-size:30px;width:40px;height:40px;border-style:solid;margin-top:-20px;\"><i class=\"entypo-icon entypo-icon-vcard\"><\/i><\/span>\n\t\t\t<\/div> <h3 class=\"heading \" style=\"padding-left:50px;font-size:22px;margin-bottom:11px;\">\n\t\t<a target=\"_blank\" href=\"\">\n\t\t\t<span>Contractes<\/span>\n\t\t<\/a>\n\t<\/h3><p class=\"desc\" style=\"padding-left:50px;font-size:16px;line-height:28px;\">\n\t\t<span>Assessorament i confecci\u00f3 contracte de treball (ajudes i subvencions).<\/span>\n\t<\/p><\/div>\n\t\t<\/div>\n\t<\/div><div class=\"finax-content-box clearfix \" data-padding=\"41px 37px 37px 27px\" data-mobipadding=\"13px 0px 10px 0px\" data-margin=\"\" data-mobimargin=\"\" >\n\t\t<div class=\"inner ctb-1845431603\" style=\"\"  data-background=\"\">\n\t\t\t<div class=\"finax-icon-box clearfix icon-left align-left simple wow fadeInUp\" style=\"\"  data-wow-duration=\"0.75s\" data-wow-delay=\"0s\"><div class=\"finax-icon icon-1345552412\"  data-icon=\"#36b8c0\">\n\t\t\t\t<span class=\"icon\" style=\"font-size:30px;width:40px;height:40px;border-style:solid;margin-top:-20px;\"><i class=\"vc_li vc_li-user\"><\/i><\/span>\n\t\t\t<\/div> <h3 class=\"heading \" style=\"padding-left:50px;font-size:22px;margin-bottom:11px;\">\n\t\t<a target=\"_blank\" href=\"\">\n\t\t\t<span>Aut\u00f2noms<\/span>\n\t\t<\/a>\n\t<\/h3><p class=\"desc\" style=\"padding-left:50px;font-size:16px;line-height:28px;\">\n\t\t<span>Altes i baixes i r\u00e8gims especials (sectors dom\u00e8stic, agrari, artistes ...).<\/span>\n\t<\/p><\/div>\n\t\t<\/div>\n\t<\/div>\n\n\t<\/div>[\/vc_column_inner][\/vc_row_inner]\n\t<div class=\"finax-spacer clearfix\" data-desktop=\"60\" data-mobi=\"50\" data-smobi=\"50\"><\/div>[\/vc_column][\/vc_row][vc_row css=&#8221;.vc_custom_1554633644490{background-image: url(https:\/\/cccambrils.cat\/wp-content\/uploads\/2019\/04\/section_bg-1.jpg?id=7141) !important;}&#8221;][vc_column][vc_row_inner][vc_column_inner width=&#8221;1\/3&#8243;][\/vc_column_inner][vc_column_inner width=&#8221;2\/3&#8243;]\n\t<div class=\"finax-spacer clearfix\" data-desktop=\"120\" data-mobi=\"80\" data-smobi=\"80\"><\/div><div class=\"finax-content-box clearfix \" data-padding=\"0px 0px 0px 0px\" data-mobipadding=\"0px 0px 0px 0px\" data-margin=\"\" data-mobimargin=\"\" >\n\t\t<div class=\"inner ctb-1145331463\" style=\"\"  data-background=\"\">\n\t\t\t<div class=\"finax-headings clearfix  wow fadeInUp\" data-font=38 data-wow-duration=\"0.75s\" data-wow-delay=\"0s\" style=\"\"><h1 class=\"heading clearfix \" style=\"font-weight:700;color:#ffffff;margin-bottom:20px;font-size:38px;\">\n\t\tL'ajudem a solucionar els seus dubtes\n\t<\/h1><p class=\"sub-heading clearfix\" style=\"font-style:italic;color:#ffffff;font-size:25px;margin-bottom:17px;max-width:760px;font-family:Lato;\">\n\t\tNo esperi m\u00e9s, envi\u00ef'ns les seves consultes o truqui'ns\n\t<\/p><\/div>[vc_column_text]<\/p>\n<p><span style=\"color: #ffffff;\">Si tiene alguna consulta o duda que quiera resolver, o sencillamente quiere contactar con nosotros buscando m\u00e1s informaci\u00f3n, no dude en enviarnos un mensaje a trav\u00e9s de nuestro formulario de contacto o ll\u00e1menos por tel\u00e9fono. Estaremos encantados de poder ayudarle.<\/span><\/p>\n<p>[\/vc_column_text]\n\t<div class=\"finax-spacer clearfix\" data-desktop=\"20\" data-mobi=\"5\" data-smobi=\"5\"><\/div><div class=\"button-wrap icon-left has-icon wow fadeInUp\" style=\"\"  data-wow-duration=\"0.75s\" data-wow-delay=\"0.1s\"><a href=\"https:\/\/cccambrils.cat\/ca\/contacte\/\" target=\"_self\" class=\"finax-button btn-2126773404 medium outline solid custom\" style=\"margin:13px 0px 13px 0px;font-weight:500;font-size:24px;border-radius:10px;border-width:0px;\"  data-border=\"\" data-text=\"#ffffff\" data-icon=\"#36b8c0\">\n\t\t<span style=\"padding-left:66px;\">Email <span class=\"icon\" style=\"font-size:52px;top:-9px;\"><i class=\"fa fa-envelope-o\"><\/i><\/span><\/span>\n\t<\/a><\/div><div class=\"button-wrap icon-left has-icon wow fadeInUp\" style=\"\"  data-wow-duration=\"0.75s\" data-wow-delay=\"0.1s\"><a href=\"\" target=\"_blank\" class=\"finax-button btn-653901010 medium outline solid custom\" style=\"margin:13px 40px 13px 0px;font-weight:500;font-size:24px;border-radius:10px;border-width:0px;\"  data-border=\"\" data-text=\"#ffffff\" data-icon=\"#36b8c0\">\n\t\t<span style=\"padding-left:66px;\">977 792887 <span class=\"icon\" style=\"font-size:52px;top:-3px;\"><i class=\"fnicon-phone\"><\/i><\/span><\/span>\n\t<\/a><\/div>\n\t\t<\/div>\n\t<\/div>\n\t<div class=\"finax-spacer clearfix\" data-desktop=\"120\" data-mobi=\"80\" data-smobi=\"80\"><\/div>[\/vc_column_inner][\/vc_row_inner][\/vc_column][\/vc_row]<\/p>\n<\/section>","protected":false},"excerpt":{"rendered":"<p>[vc_row][vc_column][rev_slider_vc alias=&#8221;gestion-laboral&#8221;][\/vc_column][\/vc_row][vc_row fullwidth=&#8221;yes&#8221; column_spacing=&#8221;0px&#8221; css=&#8221;.vc_custom_1553275073094{background-color: #f5f5f5 !important;}&#8221;][vc_column][vc_row_inner][vc_column_inner][\/vc_column_inner][\/vc_row_inner][\/vc_column][\/vc_row][vc_row content_placement=&#8221;middle&#8221;][vc_column][vc_row_inner column_inner_spacing=&#8221;50&#8243;][vc_column_inner width=&#8221;2\/3&#8243;][vc_column_text]\u00c9s imprescindible que la gesti\u00f3 de la informaci\u00f3 i documentaci\u00f3 sigui professional i clara per estar segurs que les coses s&#8217;estan fent correctament, La legislaci\u00f3 laboral \u00e9s un dels sectors que m\u00e9s canvis pateix al llarg de l&#8217;any i es fa<\/p>\n","protected":false},"author":1,"featured_media":0,"parent":7000,"menu_order":0,"comment_status":"closed","ping_status":"closed","template":"","meta":{"footnotes":""},"class_list":["post-7010","page","type-page","status-publish","hentry"],"yoast_head":"<!-- This site is optimized with the Yoast SEO plugin v27.5 - https:\/\/yoast.com\/product\/yoast-seo-wordpress\/ -->\n<title>Gesti\u00f3 laboral - Asesor\u00eda Compta-Clar<\/title>\n<meta name=\"robots\" content=\"index, follow, max-snippet:-1, max-image-preview:large, max-video-preview:-1\" \/>\n<link rel=\"canonical\" href=\"https:\/\/cccambrils.cat\/ca\/serveis\/assessoria-laboral\/gestio-laboral\/\" \/>\n<meta property=\"og:locale\" content=\"ca_ES\" \/>\n<meta property=\"og:type\" content=\"article\" \/>\n<meta property=\"og:title\" content=\"Gesti\u00f3 laboral - Asesor\u00eda Compta-Clar\" \/>\n<meta property=\"og:description\" content=\"[vc_row][vc_column][rev_slider_vc alias=&#8221;gestion-laboral&#8221;][\/vc_column][\/vc_row][vc_row fullwidth=&#8221;yes&#8221; column_spacing=&#8221;0px&#8221; css=&#8221;.vc_custom_1553275073094{background-color: #f5f5f5 !important;}&#8221;][vc_column][vc_row_inner][vc_column_inner][\/vc_column_inner][\/vc_row_inner][\/vc_column][\/vc_row][vc_row content_placement=&#8221;middle&#8221;][vc_column][vc_row_inner column_inner_spacing=&#8221;50&#8243;][vc_column_inner width=&#8221;2\/3&#8243;][vc_column_text]\u00c9s imprescindible que la gesti\u00f3 de la informaci\u00f3 i documentaci\u00f3 sigui professional i clara per estar segurs que les coses s&#8217;estan fent correctament, La legislaci\u00f3 laboral \u00e9s un dels sectors que m\u00e9s canvis pateix al llarg de l&#8217;any i es fa\" \/>\n<meta property=\"og:url\" content=\"https:\/\/cccambrils.cat\/ca\/serveis\/assessoria-laboral\/gestio-laboral\/\" \/>\n<meta property=\"og:site_name\" content=\"Asesor\u00eda Compta-Clar\" \/>\n<meta property=\"article:modified_time\" content=\"2019-04-07T10:40:51+00:00\" \/>\n<meta name=\"twitter:card\" content=\"summary_large_image\" \/>\n<meta name=\"twitter:label1\" content=\"Temps estimat de lectura\" \/>\n\t<meta name=\"twitter:data1\" content=\"8 minuts\" \/>\n<script type=\"application\/ld+json\" class=\"yoast-schema-graph\">{\"@context\":\"https:\\\/\\\/schema.org\",\"@graph\":[{\"@type\":\"WebPage\",\"@id\":\"https:\\\/\\\/cccambrils.cat\\\/ca\\\/serveis\\\/assessoria-laboral\\\/gestio-laboral\\\/\",\"url\":\"https:\\\/\\\/cccambrils.cat\\\/ca\\\/serveis\\\/assessoria-laboral\\\/gestio-laboral\\\/\",\"name\":\"Gesti\u00f3 laboral - Asesor\u00eda Compta-Clar\",\"isPartOf\":{\"@id\":\"https:\\\/\\\/cccambrils.cat\\\/#website\"},\"datePublished\":\"2019-03-23T21:07:33+00:00\",\"dateModified\":\"2019-04-07T10:40:51+00:00\",\"breadcrumb\":{\"@id\":\"https:\\\/\\\/cccambrils.cat\\\/ca\\\/serveis\\\/assessoria-laboral\\\/gestio-laboral\\\/#breadcrumb\"},\"inLanguage\":\"ca\",\"potentialAction\":[{\"@type\":\"ReadAction\",\"target\":[\"https:\\\/\\\/cccambrils.cat\\\/ca\\\/serveis\\\/assessoria-laboral\\\/gestio-laboral\\\/\"]}]},{\"@type\":\"BreadcrumbList\",\"@id\":\"https:\\\/\\\/cccambrils.cat\\\/ca\\\/serveis\\\/assessoria-laboral\\\/gestio-laboral\\\/#breadcrumb\",\"itemListElement\":[{\"@type\":\"ListItem\",\"position\":1,\"name\":\"Portada\",\"item\":\"https:\\\/\\\/cccambrils.cat\\\/ca\\\/\"},{\"@type\":\"ListItem\",\"position\":2,\"name\":\"Serveis\",\"item\":\"https:\\\/\\\/cccambrils.cat\\\/ca\\\/serveis\\\/\"},{\"@type\":\"ListItem\",\"position\":3,\"name\":\"Assessoria laboral\",\"item\":\"https:\\\/\\\/cccambrils.cat\\\/ca\\\/serveis\\\/assessoria-laboral\\\/\"},{\"@type\":\"ListItem\",\"position\":4,\"name\":\"Gesti\u00f3 laboral\"}]},{\"@type\":\"WebSite\",\"@id\":\"https:\\\/\\\/cccambrils.cat\\\/#website\",\"url\":\"https:\\\/\\\/cccambrils.cat\\\/\",\"name\":\"Asesor\u00eda Compta-Clar\",\"description\":\"Asesor\u00eda profesional en Cambrils, Reus y Tarragona\",\"publisher\":{\"@id\":\"https:\\\/\\\/cccambrils.cat\\\/#organization\"},\"potentialAction\":[{\"@type\":\"SearchAction\",\"target\":{\"@type\":\"EntryPoint\",\"urlTemplate\":\"https:\\\/\\\/cccambrils.cat\\\/?s={search_term_string}\"},\"query-input\":{\"@type\":\"PropertyValueSpecification\",\"valueRequired\":true,\"valueName\":\"search_term_string\"}}],\"inLanguage\":\"ca\"},{\"@type\":\"Organization\",\"@id\":\"https:\\\/\\\/cccambrils.cat\\\/#organization\",\"name\":\"Asesor\u00eda Compta-Clar\",\"url\":\"https:\\\/\\\/cccambrils.cat\\\/\",\"logo\":{\"@type\":\"ImageObject\",\"inLanguage\":\"ca\",\"@id\":\"https:\\\/\\\/cccambrils.cat\\\/#\\\/schema\\\/logo\\\/image\\\/\",\"url\":\"\",\"contentUrl\":\"\",\"caption\":\"Asesor\u00eda Compta-Clar\"},\"image\":{\"@id\":\"https:\\\/\\\/cccambrils.cat\\\/#\\\/schema\\\/logo\\\/image\\\/\"}}]}<\/script>\n<!-- \/ Yoast SEO plugin. -->","yoast_head_json":{"title":"Gesti\u00f3 laboral - Asesor\u00eda Compta-Clar","robots":{"index":"index","follow":"follow","max-snippet":"max-snippet:-1","max-image-preview":"max-image-preview:large","max-video-preview":"max-video-preview:-1"},"canonical":"https:\/\/cccambrils.cat\/ca\/serveis\/assessoria-laboral\/gestio-laboral\/","og_locale":"ca_ES","og_type":"article","og_title":"Gesti\u00f3 laboral - Asesor\u00eda Compta-Clar","og_description":"[vc_row][vc_column][rev_slider_vc alias=&#8221;gestion-laboral&#8221;][\/vc_column][\/vc_row][vc_row fullwidth=&#8221;yes&#8221; column_spacing=&#8221;0px&#8221; css=&#8221;.vc_custom_1553275073094{background-color: #f5f5f5 !important;}&#8221;][vc_column][vc_row_inner][vc_column_inner][\/vc_column_inner][\/vc_row_inner][\/vc_column][\/vc_row][vc_row content_placement=&#8221;middle&#8221;][vc_column][vc_row_inner column_inner_spacing=&#8221;50&#8243;][vc_column_inner width=&#8221;2\/3&#8243;][vc_column_text]\u00c9s imprescindible que la gesti\u00f3 de la informaci\u00f3 i documentaci\u00f3 sigui professional i clara per estar segurs que les coses s&#8217;estan fent correctament, La legislaci\u00f3 laboral \u00e9s un dels sectors que m\u00e9s canvis pateix al llarg de l&#8217;any i es fa","og_url":"https:\/\/cccambrils.cat\/ca\/serveis\/assessoria-laboral\/gestio-laboral\/","og_site_name":"Asesor\u00eda Compta-Clar","article_modified_time":"2019-04-07T10:40:51+00:00","twitter_card":"summary_large_image","twitter_misc":{"Temps estimat de lectura":"8 minuts"},"schema":{"@context":"https:\/\/schema.org","@graph":[{"@type":"WebPage","@id":"https:\/\/cccambrils.cat\/ca\/serveis\/assessoria-laboral\/gestio-laboral\/","url":"https:\/\/cccambrils.cat\/ca\/serveis\/assessoria-laboral\/gestio-laboral\/","name":"Gesti\u00f3 laboral - Asesor\u00eda Compta-Clar","isPartOf":{"@id":"https:\/\/cccambrils.cat\/#website"},"datePublished":"2019-03-23T21:07:33+00:00","dateModified":"2019-04-07T10:40:51+00:00","breadcrumb":{"@id":"https:\/\/cccambrils.cat\/ca\/serveis\/assessoria-laboral\/gestio-laboral\/#breadcrumb"},"inLanguage":"ca","potentialAction":[{"@type":"ReadAction","target":["https:\/\/cccambrils.cat\/ca\/serveis\/assessoria-laboral\/gestio-laboral\/"]}]},{"@type":"BreadcrumbList","@id":"https:\/\/cccambrils.cat\/ca\/serveis\/assessoria-laboral\/gestio-laboral\/#breadcrumb","itemListElement":[{"@type":"ListItem","position":1,"name":"Portada","item":"https:\/\/cccambrils.cat\/ca\/"},{"@type":"ListItem","position":2,"name":"Serveis","item":"https:\/\/cccambrils.cat\/ca\/serveis\/"},{"@type":"ListItem","position":3,"name":"Assessoria laboral","item":"https:\/\/cccambrils.cat\/ca\/serveis\/assessoria-laboral\/"},{"@type":"ListItem","position":4,"name":"Gesti\u00f3 laboral"}]},{"@type":"WebSite","@id":"https:\/\/cccambrils.cat\/#website","url":"https:\/\/cccambrils.cat\/","name":"Asesor\u00eda Compta-Clar","description":"Asesor\u00eda profesional en Cambrils, Reus y Tarragona","publisher":{"@id":"https:\/\/cccambrils.cat\/#organization"},"potentialAction":[{"@type":"SearchAction","target":{"@type":"EntryPoint","urlTemplate":"https:\/\/cccambrils.cat\/?s={search_term_string}"},"query-input":{"@type":"PropertyValueSpecification","valueRequired":true,"valueName":"search_term_string"}}],"inLanguage":"ca"},{"@type":"Organization","@id":"https:\/\/cccambrils.cat\/#organization","name":"Asesor\u00eda Compta-Clar","url":"https:\/\/cccambrils.cat\/","logo":{"@type":"ImageObject","inLanguage":"ca","@id":"https:\/\/cccambrils.cat\/#\/schema\/logo\/image\/","url":"","contentUrl":"","caption":"Asesor\u00eda Compta-Clar"},"image":{"@id":"https:\/\/cccambrils.cat\/#\/schema\/logo\/image\/"}}]}},"_links":{"self":[{"href":"https:\/\/cccambrils.cat\/ca\/wp-json\/wp\/v2\/pages\/7010","targetHints":{"allow":["GET"]}}],"collection":[{"href":"https:\/\/cccambrils.cat\/ca\/wp-json\/wp\/v2\/pages"}],"about":[{"href":"https:\/\/cccambrils.cat\/ca\/wp-json\/wp\/v2\/types\/page"}],"author":[{"embeddable":true,"href":"https:\/\/cccambrils.cat\/ca\/wp-json\/wp\/v2\/users\/1"}],"replies":[{"embeddable":true,"href":"https:\/\/cccambrils.cat\/ca\/wp-json\/wp\/v2\/comments?post=7010"}],"version-history":[{"count":3,"href":"https:\/\/cccambrils.cat\/ca\/wp-json\/wp\/v2\/pages\/7010\/revisions"}],"predecessor-version":[{"id":7210,"href":"https:\/\/cccambrils.cat\/ca\/wp-json\/wp\/v2\/pages\/7010\/revisions\/7210"}],"up":[{"embeddable":true,"href":"https:\/\/cccambrils.cat\/ca\/wp-json\/wp\/v2\/pages\/7000"}],"wp:attachment":[{"href":"https:\/\/cccambrils.cat\/ca\/wp-json\/wp\/v2\/media?parent=7010"}],"curies":[{"name":"wp","href":"https:\/\/api.w.org\/{rel}","templated":true}]}}