{"id":6996,"date":"2019-03-24T13:23:46","date_gmt":"2019-03-24T12:23:46","guid":{"rendered":"http:\/\/www.dygicom.org\/comptaclar\/serveis\/assessoria-juridica-mercantil\/modificaciones-societarias\/"},"modified":"2019-04-07T12:37:44","modified_gmt":"2019-04-07T10:37:44","slug":"modificacions-societaries","status":"publish","type":"page","link":"https:\/\/cccambrils.cat\/ca\/serveis\/assessoria-juridica-mercantil\/modificacions-societaries\/","title":{"rendered":"Modificacions societ\u00e0ries"},"content":{"rendered":"<section class=\"wpb-content-wrapper\"><p>[vc_row][vc_column][rev_slider_vc alias=&#8221;modificaciones-societarias&#8221;][\/vc_column][\/vc_row][vc_row fullwidth=&#8221;yes&#8221; column_spacing=&#8221;0px&#8221; css=&#8221;.vc_custom_1553275073094{background-color: #f5f5f5 !important;}&#8221;][vc_column]\n\t<div class=\"finax-spacer clearfix\" data-desktop=\"50\" data-mobi=\"25\" data-smobi=\"25\"><\/div>[vc_row_inner][vc_column_inner]<div class=\"finax-headings clearfix text-center\" data-font=38 style=\"\"><p class=\"sub-heading clearfix\" style=\"font-style:italic;font-size:25px;margin-bottom:15px;font-family:Lato;\">\n\t\tSempre estem pendents per abordar cada situaci\u00f3 per tal de garantir la seguretat jur\u00eddica i la perviv\u00e8ncia de la societat\n\t<\/p><\/div>[\/vc_column_inner][\/vc_row_inner]\n\t<div class=\"finax-spacer clearfix\" data-desktop=\"50\" data-mobi=\"25\" data-smobi=\"25\"><\/div>[\/vc_column][\/vc_row][vc_row content_placement=&#8221;middle&#8221;][vc_column]\n\t<div class=\"finax-spacer clearfix\" data-desktop=\"80\" data-mobi=\"60\" data-smobi=\"60\"><\/div>[vc_row_inner column_inner_spacing=&#8221;50&#8243;][vc_column_inner width=&#8221;2\/3&#8243;]<div class=\"finax-headings clearfix \" data-font=38 style=\"\"><h1 class=\"heading clearfix \" style=\"font-weight:700;font-size:38px;\">\n\t\tModificacions Societ\u00e0ries\n\t<\/h1><p class=\"sub-heading clearfix\" style=\"font-style:italic;font-size:25px;margin-bottom:15px;font-family:Lato;\">\n\t\tCuidem de la seguretat jur\u00eddica de la seva empresa\n\t<\/p><\/div>[vc_column_text]Estem atents a les circumst\u00e0ncies que sorgeixen durant la vida de l&#8217;empresa i l&#8217;informem de la millor manera d&#8217;abordar cada situaci\u00f3 per tal de garantir la seguretat jur\u00eddica i la perviv\u00e8ncia de la societat.<\/p>\n<p>A Compta-Clar, realitzem tot tipus de tr\u00e0mits societaris, des de la constituci\u00f3 de l&#8217;empresa fins a la fusi\u00f3, escissi\u00f3, liquidaci\u00f3 i dissoluci\u00f3 de societats. Els nostres experts, han donat suport a moltes empreses, gestionant operacions i serveis societaris en diferents sectors i ind\u00fastries, el que ens d\u00f3na la capacitat d&#8217;anticipar-se a qualsevol necessitat o acci\u00f3 que es requereixi.[\/vc_column_text]\n\t<div class=\"finax-spacer clearfix\" data-desktop=\"40\" data-mobi=\"25\" data-smobi=\"25\"><\/div>[\/vc_column_inner][vc_column_inner width=&#8221;1\/3&#8243;][vc_single_image image=&#8221;6794&#8243; style=&#8221;vc_box_rounded&#8221;][\/vc_column_inner][\/vc_row_inner]\n\t<div class=\"finax-spacer clearfix\" data-desktop=\"60\" data-mobi=\"50\" data-smobi=\"50\"><\/div>[\/vc_column][\/vc_row][vc_row content_placement=&#8221;middle&#8221; parallax=&#8221;content-moving&#8221; parallax_image=&#8221;6588&#8243; css_animation=&#8221;none&#8221; fullwidth=&#8221;yes&#8221; column_spacing=&#8221;0px&#8221;][vc_column]<div class=\"finax-content-box clearfix \" data-padding=\"0px 15% 0px 15%\" data-mobipadding=\"0px 10% 0px 10%\" data-margin=\"\" data-mobimargin=\"\" >\n\t\t<div class=\"inner ctb-647111878\" style=\"\"  data-background=\"\">\n\t\t\t\n\t<div class=\"finax-spacer clearfix\" data-desktop=\"120\" data-mobi=\"60\" data-smobi=\"60\"><\/div><div class=\"finax-headings clearfix text-center wow fadeInUp\" data-font=40 data-wow-duration=\"0.75s\" data-wow-delay=\"0.3s\" style=\"\"><h1 class=\"heading clearfix \" style=\"font-weight:700;color:#ffffff;font-size:40px;\">\n\t\tAssessoria jur\u00eddica-mercantil a Cambrils, Reus i Tarragona\n\t<\/h1><p class=\"sub-heading clearfix\" style=\"font-style:italic;color:#bfbfc1;font-size:25px;margin-bottom:15px;font-family:Lato;\">\n\t\tDes de Compta-Clar, l'assessorarem i farem tots els tr\u00e0mits societaris que necessiti la seva empresa. Gestionem de manera professional tot tipus de tramitacions societ\u00e0ries.\n\t<\/p><\/div>\n\t<div class=\"finax-spacer clearfix\" data-desktop=\"120\" data-mobi=\"60\" data-smobi=\"60\"><\/div>\n\t\t<\/div>\n\t<\/div>[\/vc_column][\/vc_row][vc_row content_placement=&#8221;middle&#8221;][vc_column]\n\t<div class=\"finax-spacer clearfix\" data-desktop=\"80\" data-mobi=\"60\" data-smobi=\"60\"><\/div>[vc_row_inner column_inner_spacing=&#8221;50&#8243;][vc_column_inner width=&#8221;2\/3&#8243;]<div class=\"finax-headings clearfix \" data-font=38 style=\"\"><h1 class=\"heading clearfix \" style=\"font-weight:700;font-size:38px;\">\n\t\t\u00c0rea d'Experi\u00e8ncia\n\t<\/h1><p class=\"sub-heading clearfix\" style=\"font-style:italic;font-size:25px;margin-bottom:15px;font-family:Lato;\">\n\t\tServeis sobre tramitacions societ\u00e0ries\n\t<\/p><\/div>[vc_column_text]Els nostres experts assessors i gestors l&#8217;assessoraran en tots els serveis i tr\u00e0mits a seguir sobre tramitacions societ\u00e0ries com poden ser, canvis de domicili, canvis de denominaci\u00f3 o objecte social, cessi\u00f3 global d&#8217;actius i passius, bescanvi de valors, nomenament de nous membres administratius, modificaci\u00f3 o redacci\u00f3 dels estatuts socials i nomenament de c\u00e0rrecs, etc.[\/vc_column_text]\n\t<div class=\"finax-spacer clearfix\" data-desktop=\"40\" data-mobi=\"25\" data-smobi=\"25\"><\/div>[\/vc_column_inner][vc_column_inner width=&#8221;1\/3&#8243;][vc_single_image image=&#8221;6793&#8243; style=&#8221;vc_box_rounded&#8221;][\/vc_column_inner][\/vc_row_inner][vc_row_inner][vc_column_inner]<div class=\"finax-grid-box clearfix grid3 solid border-verylight\" data-grid=\"3\">\n\t\t<div class=\"finax-content-box clearfix \" data-padding=\"41px 37px 37px 27px\" data-mobipadding=\"13px 0px 10px 0px\" data-margin=\"\" data-mobimargin=\"\" >\n\t\t<div class=\"inner ctb-1238379872\" style=\"\"  data-background=\"\">\n\t\t\t<div class=\"finax-icon-box clearfix icon-left align-left simple wow fadeInUp\" style=\"\"  data-wow-duration=\"0.75s\" data-wow-delay=\"0s\"><div class=\"finax-icon icon-1780424459\"  data-icon=\"#36b8c0\">\n\t\t\t\t<span class=\"icon\" style=\"font-size:30px;width:40px;height:40px;border-style:solid;margin-top:-20px;\"><i class=\"vc-oi vc-oi-book\"><\/i><\/span>\n\t\t\t<\/div> <h3 class=\"heading \" style=\"padding-left:50px;font-size:22px;margin-bottom:11px;\">\n\t\t<a target=\"_blank\" href=\"\">\n\t\t\t<span>Administraci\u00f3<\/span>\n\t\t<\/a>\n\t<\/h3><p class=\"desc\" style=\"padding-left:50px;font-size:16px;line-height:28px;\">\n\t\t<span>Canvi en el sistema d&#039;administraci\u00f3 de l&#039;empresa.<\/span>\n\t<\/p><\/div>\n\t\t<\/div>\n\t<\/div><div class=\"finax-content-box clearfix \" data-padding=\"41px 37px 37px 27px\" data-mobipadding=\"13px 0px 10px 0px\" data-margin=\"\" data-mobimargin=\"\" >\n\t\t<div class=\"inner ctb-988261100\" style=\"\"  data-background=\"\">\n\t\t\t<div class=\"finax-icon-box clearfix icon-left align-left simple wow fadeInUp\" style=\"\"  data-wow-duration=\"0.75s\" data-wow-delay=\"0s\"><div class=\"finax-icon icon-1620465524\"  data-icon=\"#36b8c0\">\n\t\t\t\t<span class=\"icon\" style=\"font-size:30px;width:40px;height:40px;border-style:solid;margin-top:-20px;\"><i class=\"vc-oi vc-oi-equalizer\"><\/i><\/span>\n\t\t\t<\/div> <h3 class=\"heading \" style=\"padding-left:50px;font-size:22px;margin-bottom:11px;\">\n\t\t<a target=\"_blank\" href=\"\">\n\t\t\t<span>Capital social<\/span>\n\t\t<\/a>\n\t<\/h3><p class=\"desc\" style=\"padding-left:50px;font-size:16px;line-height:28px;\">\n\t\t<span>Ampliaci\u00f3 i reducci\u00f3 del capital social de l&#039;empresa.<\/span>\n\t<\/p><\/div>\n\t\t<\/div>\n\t<\/div><div class=\"finax-content-box clearfix \" data-padding=\"41px 37px 37px 27px\" data-mobipadding=\"13px 0px 10px 0px\" data-margin=\"\" data-mobimargin=\"\" >\n\t\t<div class=\"inner ctb-161439388\" style=\"\"  data-background=\"\">\n\t\t\t<div class=\"finax-icon-box clearfix icon-left align-left simple wow fadeInUp\" style=\"\"  data-wow-duration=\"0.75s\" data-wow-delay=\"0s\"><div class=\"finax-icon icon-1969326188\"  data-icon=\"#36b8c0\">\n\t\t\t\t<span class=\"icon\" style=\"font-size:30px;width:40px;height:40px;border-style:solid;margin-top:-20px;\"><i class=\"vc-oi vc-oi-chart-bar\"><\/i><\/span>\n\t\t\t<\/div> <h3 class=\"heading \" style=\"padding-left:50px;font-size:22px;margin-bottom:11px;\">\n\t\t<a target=\"_blank\" href=\"\">\n\t\t\t<span>Accions i participacions<\/span>\n\t\t<\/a>\n\t<\/h3><p class=\"desc\" style=\"padding-left:50px;font-size:16px;line-height:28px;\">\n\t\t<span>Operacions de compravenda d&#039;accions o participacions.<\/span>\n\t<\/p><\/div>\n\t\t<\/div>\n\t<\/div><div class=\"finax-content-box clearfix \" data-padding=\"41px 37px 37px 27px\" data-mobipadding=\"13px 0px 10px 0px\" data-margin=\"\" data-mobimargin=\"\" >\n\t\t<div class=\"inner ctb-1790255488\" style=\"\"  data-background=\"\">\n\t\t\t<div class=\"finax-icon-box clearfix icon-left align-left simple wow fadeInUp\" style=\"\"  data-wow-duration=\"0.75s\" data-wow-delay=\"0s\"><div class=\"finax-icon icon-570003795\"  data-icon=\"#36b8c0\">\n\t\t\t\t<span class=\"icon\" style=\"font-size:30px;width:40px;height:40px;border-style:solid;margin-top:-20px;\"><i class=\"vc-oi vc-oi-home\"><\/i><\/span>\n\t\t\t<\/div> <h3 class=\"heading \" style=\"padding-left:50px;font-size:22px;margin-bottom:11px;\">\n\t\t<a target=\"_blank\" href=\"\">\n\t\t\t<span>Denominaci\u00f3 social<\/span>\n\t\t<\/a>\n\t<\/h3><p class=\"desc\" style=\"padding-left:50px;font-size:16px;line-height:28px;\">\n\t\t<span>Procediment i canvi de denominaci\u00f3 social.<\/span>\n\t<\/p><\/div>\n\t\t<\/div>\n\t<\/div><div class=\"finax-content-box clearfix \" data-padding=\"41px 37px 37px 27px\" data-mobipadding=\"13px 0px 10px 0px\" data-margin=\"\" data-mobimargin=\"\" >\n\t\t<div class=\"inner ctb-1471196025\" style=\"\"  data-background=\"\">\n\t\t\t<div class=\"finax-icon-box clearfix icon-left align-left simple wow fadeInUp\" style=\"\"  data-wow-duration=\"0.75s\" data-wow-delay=\"0s\"><div class=\"finax-icon icon-278762819\"  data-icon=\"#36b8c0\">\n\t\t\t\t<span class=\"icon\" style=\"font-size:30px;width:40px;height:40px;border-style:solid;margin-top:-20px;\"><i class=\"vc-oi vc-oi-folder-empty\"><\/i><\/span>\n\t\t\t<\/div> <h3 class=\"heading \" style=\"padding-left:50px;font-size:22px;margin-bottom:11px;\">\n\t\t<a target=\"_blank\" href=\"\">\n\t\t\t<span>Objecte social<\/span>\n\t\t<\/a>\n\t<\/h3><p class=\"desc\" style=\"padding-left:50px;font-size:16px;line-height:28px;\">\n\t\t<span>Canvis de denominaci\u00f3 i ampliacions de l&#039;objecte social.<\/span>\n\t<\/p><\/div>\n\t\t<\/div>\n\t<\/div><div class=\"finax-content-box clearfix \" data-padding=\"41px 37px 37px 27px\" data-mobipadding=\"13px 0px 10px 0px\" data-margin=\"\" data-mobimargin=\"\" >\n\t\t<div class=\"inner ctb-1505695692\" style=\"\"  data-background=\"\">\n\t\t\t<div class=\"finax-icon-box clearfix icon-left align-left simple wow fadeInUp\" style=\"\"  data-wow-duration=\"0.75s\" data-wow-delay=\"0s\"><div class=\"finax-icon icon-952243701\"  data-icon=\"#36b8c0\">\n\t\t\t\t<span class=\"icon\" style=\"font-size:30px;width:40px;height:40px;border-style:solid;margin-top:-20px;\"><i class=\"vc-oi vc-oi-location-inv\"><\/i><\/span>\n\t\t\t<\/div> <h3 class=\"heading \" style=\"padding-left:50px;font-size:22px;margin-bottom:11px;\">\n\t\t<a target=\"_blank\" href=\"\">\n\t\t\t<span>Domiciliaci\u00f3<\/span>\n\t\t<\/a>\n\t<\/h3><p class=\"desc\" style=\"padding-left:50px;font-size:16px;line-height:28px;\">\n\t\t<span>Canvi de domiciliaci\u00f3 social o fiscal de societats.<\/span>\n\t<\/p><\/div>\n\t\t<\/div>\n\t<\/div>\n\n\t<\/div>[\/vc_column_inner][\/vc_row_inner]\n\t<div class=\"finax-spacer clearfix\" data-desktop=\"60\" data-mobi=\"50\" data-smobi=\"50\"><\/div>[\/vc_column][\/vc_row][vc_row css=&#8221;.vc_custom_1554633451929{background-image: url(https:\/\/cccambrils.cat\/wp-content\/uploads\/2019\/04\/section_bg-1.jpg?id=7141) !important;}&#8221;][vc_column][vc_row_inner][vc_column_inner width=&#8221;1\/3&#8243;][\/vc_column_inner][vc_column_inner width=&#8221;2\/3&#8243;]\n\t<div class=\"finax-spacer clearfix\" data-desktop=\"120\" data-mobi=\"80\" data-smobi=\"80\"><\/div><div class=\"finax-content-box clearfix \" data-padding=\"0px 0px 0px 0px\" data-mobipadding=\"0px 0px 0px 0px\" data-margin=\"\" data-mobimargin=\"\" >\n\t\t<div class=\"inner ctb-587709837\" style=\"\"  data-background=\"\">\n\t\t\t<div class=\"finax-headings clearfix  wow fadeInUp\" data-font=38 data-wow-duration=\"0.75s\" data-wow-delay=\"0s\" style=\"\"><h1 class=\"heading clearfix \" style=\"font-weight:700;color:#ffffff;margin-bottom:20px;font-size:38px;\">\n\t\tL'ajudem a solucionar els seus dubtes\n\t<\/h1><p class=\"sub-heading clearfix\" style=\"font-style:italic;color:#ffffff;font-size:25px;margin-bottom:17px;max-width:760px;font-family:Lato;\">\n\t\tNo esperi m\u00e9s, envi\u00ef'ns les seves consultes o truqui'ns\n\t<\/p><\/div>[vc_column_text]<\/p>\n<p><span style=\"color: #ffffff;\">Si tiene alguna consulta o duda que quiera resolver, o sencillamente quiere contactar con nosotros buscando m\u00e1s informaci\u00f3n, no dude en enviarnos un mensaje a trav\u00e9s de nuestro formulario de contacto o ll\u00e1menos por tel\u00e9fono. Estaremos encantados de poder ayudarle.<\/span><\/p>\n<p>[\/vc_column_text]\n\t<div class=\"finax-spacer clearfix\" data-desktop=\"20\" data-mobi=\"5\" data-smobi=\"5\"><\/div><div class=\"button-wrap icon-left has-icon wow fadeInUp\" style=\"\"  data-wow-duration=\"0.75s\" data-wow-delay=\"0.1s\"><a href=\"https:\/\/cccambrils.cat\/ca\/contacte\/\" target=\"_self\" class=\"finax-button btn-415474674 medium outline solid custom\" style=\"margin:13px 0px 13px 0px;font-weight:500;font-size:24px;border-radius:10px;border-width:0px;\"  data-border=\"\" data-text=\"#ffffff\" data-icon=\"#36b8c0\">\n\t\t<span style=\"padding-left:66px;\">Email <span class=\"icon\" style=\"font-size:52px;top:-9px;\"><i class=\"fa fa-envelope-o\"><\/i><\/span><\/span>\n\t<\/a><\/div><div class=\"button-wrap icon-left has-icon wow fadeInUp\" style=\"\"  data-wow-duration=\"0.75s\" data-wow-delay=\"0.1s\"><a href=\"\" target=\"_blank\" class=\"finax-button btn-341508527 medium outline solid custom\" style=\"margin:13px 40px 13px 0px;font-weight:500;font-size:24px;border-radius:10px;border-width:0px;\"  data-border=\"\" data-text=\"#ffffff\" data-icon=\"#36b8c0\">\n\t\t<span style=\"padding-left:66px;\">977 792887 <span class=\"icon\" style=\"font-size:52px;top:-3px;\"><i class=\"fnicon-phone\"><\/i><\/span><\/span>\n\t<\/a><\/div>\n\t\t<\/div>\n\t<\/div>\n\t<div class=\"finax-spacer clearfix\" data-desktop=\"120\" data-mobi=\"80\" data-smobi=\"80\"><\/div>[\/vc_column_inner][\/vc_row_inner][\/vc_column][\/vc_row]<\/p>\n<\/section>","protected":false},"excerpt":{"rendered":"<p>[vc_row][vc_column][rev_slider_vc alias=&#8221;modificaciones-societarias&#8221;][\/vc_column][\/vc_row][vc_row fullwidth=&#8221;yes&#8221; column_spacing=&#8221;0px&#8221; css=&#8221;.vc_custom_1553275073094{background-color: #f5f5f5 !important;}&#8221;][vc_column][vc_row_inner][vc_column_inner][\/vc_column_inner][\/vc_row_inner][\/vc_column][\/vc_row][vc_row content_placement=&#8221;middle&#8221;][vc_column][vc_row_inner column_inner_spacing=&#8221;50&#8243;][vc_column_inner width=&#8221;2\/3&#8243;][vc_column_text]Estem atents a les circumst\u00e0ncies que sorgeixen durant la vida de l&#8217;empresa i l&#8217;informem de la millor manera d&#8217;abordar cada situaci\u00f3 per tal de garantir la seguretat jur\u00eddica i la perviv\u00e8ncia de la societat. A Compta-Clar, realitzem tot tipus de tr\u00e0mits<\/p>\n","protected":false},"author":1,"featured_media":0,"parent":6972,"menu_order":0,"comment_status":"closed","ping_status":"closed","template":"","meta":{"footnotes":""},"class_list":["post-6996","page","type-page","status-publish","hentry"],"yoast_head":"<!-- This site is optimized with the Yoast SEO plugin v27.5 - https:\/\/yoast.com\/product\/yoast-seo-wordpress\/ -->\n<title>Modificacions societ\u00e0ries - Asesor\u00eda Compta-Clar<\/title>\n<meta name=\"robots\" content=\"index, follow, max-snippet:-1, max-image-preview:large, max-video-preview:-1\" \/>\n<link rel=\"canonical\" href=\"https:\/\/cccambrils.cat\/ca\/serveis\/assessoria-juridica-mercantil\/modificacions-societaries\/\" \/>\n<meta property=\"og:locale\" content=\"ca_ES\" \/>\n<meta property=\"og:type\" content=\"article\" \/>\n<meta property=\"og:title\" content=\"Modificacions societ\u00e0ries - Asesor\u00eda Compta-Clar\" \/>\n<meta property=\"og:description\" content=\"[vc_row][vc_column][rev_slider_vc alias=&#8221;modificaciones-societarias&#8221;][\/vc_column][\/vc_row][vc_row fullwidth=&#8221;yes&#8221; column_spacing=&#8221;0px&#8221; css=&#8221;.vc_custom_1553275073094{background-color: #f5f5f5 !important;}&#8221;][vc_column][vc_row_inner][vc_column_inner][\/vc_column_inner][\/vc_row_inner][\/vc_column][\/vc_row][vc_row content_placement=&#8221;middle&#8221;][vc_column][vc_row_inner column_inner_spacing=&#8221;50&#8243;][vc_column_inner width=&#8221;2\/3&#8243;][vc_column_text]Estem atents a les circumst\u00e0ncies que sorgeixen durant la vida de l&#8217;empresa i l&#8217;informem de la millor manera d&#8217;abordar cada situaci\u00f3 per tal de garantir la seguretat jur\u00eddica i la perviv\u00e8ncia de la societat. A Compta-Clar, realitzem tot tipus de tr\u00e0mits\" \/>\n<meta property=\"og:url\" content=\"https:\/\/cccambrils.cat\/ca\/serveis\/assessoria-juridica-mercantil\/modificacions-societaries\/\" \/>\n<meta property=\"og:site_name\" content=\"Asesor\u00eda Compta-Clar\" \/>\n<meta property=\"article:modified_time\" content=\"2019-04-07T10:37:44+00:00\" \/>\n<meta name=\"twitter:card\" content=\"summary_large_image\" \/>\n<meta name=\"twitter:label1\" content=\"Temps estimat de lectura\" \/>\n\t<meta name=\"twitter:data1\" content=\"7 minuts\" \/>\n<script type=\"application\/ld+json\" class=\"yoast-schema-graph\">{\"@context\":\"https:\\\/\\\/schema.org\",\"@graph\":[{\"@type\":\"WebPage\",\"@id\":\"https:\\\/\\\/cccambrils.cat\\\/ca\\\/serveis\\\/assessoria-juridica-mercantil\\\/modificacions-societaries\\\/\",\"url\":\"https:\\\/\\\/cccambrils.cat\\\/ca\\\/serveis\\\/assessoria-juridica-mercantil\\\/modificacions-societaries\\\/\",\"name\":\"Modificacions societ\u00e0ries - Asesor\u00eda Compta-Clar\",\"isPartOf\":{\"@id\":\"https:\\\/\\\/cccambrils.cat\\\/#website\"},\"datePublished\":\"2019-03-24T12:23:46+00:00\",\"dateModified\":\"2019-04-07T10:37:44+00:00\",\"breadcrumb\":{\"@id\":\"https:\\\/\\\/cccambrils.cat\\\/ca\\\/serveis\\\/assessoria-juridica-mercantil\\\/modificacions-societaries\\\/#breadcrumb\"},\"inLanguage\":\"ca\",\"potentialAction\":[{\"@type\":\"ReadAction\",\"target\":[\"https:\\\/\\\/cccambrils.cat\\\/ca\\\/serveis\\\/assessoria-juridica-mercantil\\\/modificacions-societaries\\\/\"]}]},{\"@type\":\"BreadcrumbList\",\"@id\":\"https:\\\/\\\/cccambrils.cat\\\/ca\\\/serveis\\\/assessoria-juridica-mercantil\\\/modificacions-societaries\\\/#breadcrumb\",\"itemListElement\":[{\"@type\":\"ListItem\",\"position\":1,\"name\":\"Portada\",\"item\":\"https:\\\/\\\/cccambrils.cat\\\/ca\\\/\"},{\"@type\":\"ListItem\",\"position\":2,\"name\":\"Serveis\",\"item\":\"https:\\\/\\\/cccambrils.cat\\\/ca\\\/serveis\\\/\"},{\"@type\":\"ListItem\",\"position\":3,\"name\":\"Assessoria jur\u00eddica mercantil\",\"item\":\"https:\\\/\\\/cccambrils.cat\\\/ca\\\/serveis\\\/assessoria-juridica-mercantil\\\/\"},{\"@type\":\"ListItem\",\"position\":4,\"name\":\"Modificacions societ\u00e0ries\"}]},{\"@type\":\"WebSite\",\"@id\":\"https:\\\/\\\/cccambrils.cat\\\/#website\",\"url\":\"https:\\\/\\\/cccambrils.cat\\\/\",\"name\":\"Asesor\u00eda Compta-Clar\",\"description\":\"Asesor\u00eda profesional en Cambrils, Reus y Tarragona\",\"publisher\":{\"@id\":\"https:\\\/\\\/cccambrils.cat\\\/#organization\"},\"potentialAction\":[{\"@type\":\"SearchAction\",\"target\":{\"@type\":\"EntryPoint\",\"urlTemplate\":\"https:\\\/\\\/cccambrils.cat\\\/?s={search_term_string}\"},\"query-input\":{\"@type\":\"PropertyValueSpecification\",\"valueRequired\":true,\"valueName\":\"search_term_string\"}}],\"inLanguage\":\"ca\"},{\"@type\":\"Organization\",\"@id\":\"https:\\\/\\\/cccambrils.cat\\\/#organization\",\"name\":\"Asesor\u00eda Compta-Clar\",\"url\":\"https:\\\/\\\/cccambrils.cat\\\/\",\"logo\":{\"@type\":\"ImageObject\",\"inLanguage\":\"ca\",\"@id\":\"https:\\\/\\\/cccambrils.cat\\\/#\\\/schema\\\/logo\\\/image\\\/\",\"url\":\"\",\"contentUrl\":\"\",\"caption\":\"Asesor\u00eda Compta-Clar\"},\"image\":{\"@id\":\"https:\\\/\\\/cccambrils.cat\\\/#\\\/schema\\\/logo\\\/image\\\/\"}}]}<\/script>\n<!-- \/ Yoast SEO plugin. -->","yoast_head_json":{"title":"Modificacions societ\u00e0ries - Asesor\u00eda Compta-Clar","robots":{"index":"index","follow":"follow","max-snippet":"max-snippet:-1","max-image-preview":"max-image-preview:large","max-video-preview":"max-video-preview:-1"},"canonical":"https:\/\/cccambrils.cat\/ca\/serveis\/assessoria-juridica-mercantil\/modificacions-societaries\/","og_locale":"ca_ES","og_type":"article","og_title":"Modificacions societ\u00e0ries - Asesor\u00eda Compta-Clar","og_description":"[vc_row][vc_column][rev_slider_vc alias=&#8221;modificaciones-societarias&#8221;][\/vc_column][\/vc_row][vc_row fullwidth=&#8221;yes&#8221; column_spacing=&#8221;0px&#8221; css=&#8221;.vc_custom_1553275073094{background-color: #f5f5f5 !important;}&#8221;][vc_column][vc_row_inner][vc_column_inner][\/vc_column_inner][\/vc_row_inner][\/vc_column][\/vc_row][vc_row content_placement=&#8221;middle&#8221;][vc_column][vc_row_inner column_inner_spacing=&#8221;50&#8243;][vc_column_inner width=&#8221;2\/3&#8243;][vc_column_text]Estem atents a les circumst\u00e0ncies que sorgeixen durant la vida de l&#8217;empresa i l&#8217;informem de la millor manera d&#8217;abordar cada situaci\u00f3 per tal de garantir la seguretat jur\u00eddica i la perviv\u00e8ncia de la societat. A Compta-Clar, realitzem tot tipus de tr\u00e0mits","og_url":"https:\/\/cccambrils.cat\/ca\/serveis\/assessoria-juridica-mercantil\/modificacions-societaries\/","og_site_name":"Asesor\u00eda Compta-Clar","article_modified_time":"2019-04-07T10:37:44+00:00","twitter_card":"summary_large_image","twitter_misc":{"Temps estimat de lectura":"7 minuts"},"schema":{"@context":"https:\/\/schema.org","@graph":[{"@type":"WebPage","@id":"https:\/\/cccambrils.cat\/ca\/serveis\/assessoria-juridica-mercantil\/modificacions-societaries\/","url":"https:\/\/cccambrils.cat\/ca\/serveis\/assessoria-juridica-mercantil\/modificacions-societaries\/","name":"Modificacions societ\u00e0ries - Asesor\u00eda Compta-Clar","isPartOf":{"@id":"https:\/\/cccambrils.cat\/#website"},"datePublished":"2019-03-24T12:23:46+00:00","dateModified":"2019-04-07T10:37:44+00:00","breadcrumb":{"@id":"https:\/\/cccambrils.cat\/ca\/serveis\/assessoria-juridica-mercantil\/modificacions-societaries\/#breadcrumb"},"inLanguage":"ca","potentialAction":[{"@type":"ReadAction","target":["https:\/\/cccambrils.cat\/ca\/serveis\/assessoria-juridica-mercantil\/modificacions-societaries\/"]}]},{"@type":"BreadcrumbList","@id":"https:\/\/cccambrils.cat\/ca\/serveis\/assessoria-juridica-mercantil\/modificacions-societaries\/#breadcrumb","itemListElement":[{"@type":"ListItem","position":1,"name":"Portada","item":"https:\/\/cccambrils.cat\/ca\/"},{"@type":"ListItem","position":2,"name":"Serveis","item":"https:\/\/cccambrils.cat\/ca\/serveis\/"},{"@type":"ListItem","position":3,"name":"Assessoria jur\u00eddica mercantil","item":"https:\/\/cccambrils.cat\/ca\/serveis\/assessoria-juridica-mercantil\/"},{"@type":"ListItem","position":4,"name":"Modificacions societ\u00e0ries"}]},{"@type":"WebSite","@id":"https:\/\/cccambrils.cat\/#website","url":"https:\/\/cccambrils.cat\/","name":"Asesor\u00eda Compta-Clar","description":"Asesor\u00eda profesional en Cambrils, Reus y Tarragona","publisher":{"@id":"https:\/\/cccambrils.cat\/#organization"},"potentialAction":[{"@type":"SearchAction","target":{"@type":"EntryPoint","urlTemplate":"https:\/\/cccambrils.cat\/?s={search_term_string}"},"query-input":{"@type":"PropertyValueSpecification","valueRequired":true,"valueName":"search_term_string"}}],"inLanguage":"ca"},{"@type":"Organization","@id":"https:\/\/cccambrils.cat\/#organization","name":"Asesor\u00eda Compta-Clar","url":"https:\/\/cccambrils.cat\/","logo":{"@type":"ImageObject","inLanguage":"ca","@id":"https:\/\/cccambrils.cat\/#\/schema\/logo\/image\/","url":"","contentUrl":"","caption":"Asesor\u00eda Compta-Clar"},"image":{"@id":"https:\/\/cccambrils.cat\/#\/schema\/logo\/image\/"}}]}},"_links":{"self":[{"href":"https:\/\/cccambrils.cat\/ca\/wp-json\/wp\/v2\/pages\/6996","targetHints":{"allow":["GET"]}}],"collection":[{"href":"https:\/\/cccambrils.cat\/ca\/wp-json\/wp\/v2\/pages"}],"about":[{"href":"https:\/\/cccambrils.cat\/ca\/wp-json\/wp\/v2\/types\/page"}],"author":[{"embeddable":true,"href":"https:\/\/cccambrils.cat\/ca\/wp-json\/wp\/v2\/users\/1"}],"replies":[{"embeddable":true,"href":"https:\/\/cccambrils.cat\/ca\/wp-json\/wp\/v2\/comments?post=6996"}],"version-history":[{"count":3,"href":"https:\/\/cccambrils.cat\/ca\/wp-json\/wp\/v2\/pages\/6996\/revisions"}],"predecessor-version":[{"id":7207,"href":"https:\/\/cccambrils.cat\/ca\/wp-json\/wp\/v2\/pages\/6996\/revisions\/7207"}],"up":[{"embeddable":true,"href":"https:\/\/cccambrils.cat\/ca\/wp-json\/wp\/v2\/pages\/6972"}],"wp:attachment":[{"href":"https:\/\/cccambrils.cat\/ca\/wp-json\/wp\/v2\/media?parent=6996"}],"curies":[{"name":"wp","href":"https:\/\/api.w.org\/{rel}","templated":true}]}}