{"id":6987,"date":"2019-03-24T13:41:15","date_gmt":"2019-03-24T12:41:15","guid":{"rendered":"http:\/\/www.dygicom.org\/comptaclar\/serveis\/assessoria-juridica-mercantil\/disolucion-de-sociedades\/"},"modified":"2019-04-07T12:36:21","modified_gmt":"2019-04-07T10:36:21","slug":"dissolucio-de-societats","status":"publish","type":"page","link":"https:\/\/cccambrils.cat\/ca\/serveis\/assessoria-juridica-mercantil\/dissolucio-de-societats\/","title":{"rendered":"Dissoluci\u00f3 de societats"},"content":{"rendered":"<section class=\"wpb-content-wrapper\"><p>[vc_row][vc_column][rev_slider_vc alias=&#8221;disolucion-sociedades&#8221;][\/vc_column][\/vc_row][vc_row fullwidth=&#8221;yes&#8221; column_spacing=&#8221;0px&#8221; css=&#8221;.vc_custom_1553275073094{background-color: #f5f5f5 !important;}&#8221;][vc_column]\n\t<div class=\"finax-spacer clearfix\" data-desktop=\"50\" data-mobi=\"25\" data-smobi=\"25\"><\/div>[vc_row_inner][vc_column_inner]<div class=\"finax-headings clearfix text-center wow fadeInUp\" data-font=38 data-wow-duration=\"0.75s\" data-wow-delay=\"0.3s\" style=\"\"><p class=\"sub-heading clearfix\" style=\"font-style:italic;font-size:25px;margin-bottom:15px;font-family:Lato;\">\n\t\tEstudiem la millor opci\u00f3 viable per a la dissoluci\u00f3 de la societat amb l'objectiu de reduir al m\u00e0xim els costos\n\t<\/p><\/div>[\/vc_column_inner][\/vc_row_inner]\n\t<div class=\"finax-spacer clearfix\" data-desktop=\"50\" data-mobi=\"25\" data-smobi=\"25\"><\/div>[\/vc_column][\/vc_row][vc_row content_placement=&#8221;middle&#8221;][vc_column]\n\t<div class=\"finax-spacer clearfix\" data-desktop=\"80\" data-mobi=\"60\" data-smobi=\"60\"><\/div>[vc_row_inner column_inner_spacing=&#8221;50&#8243;][vc_column_inner width=&#8221;2\/3&#8243;]<div class=\"finax-headings clearfix \" data-font=38 style=\"\"><h1 class=\"heading clearfix \" style=\"font-weight:700;font-size:38px;\">\n\t\tDissoluci\u00f3 de Societats\n\t<\/h1><p class=\"sub-heading clearfix\" style=\"font-style:italic;font-size:25px;margin-bottom:15px;font-family:Lato;\">\n\t\tUn assessorament integral per a la dissoluci\u00f3 de la seva empresa\n\t<\/p><\/div>[vc_column_text]En el cas que els nostres clients no desitgen continuar amb el seu negoci o empresa, els aconsellarem la millor opci\u00f3 per estalviar-se costos innecessaris i reduir al m\u00e0xim les obligacions que derivin de les mateixes.<\/p>\n<p>Els nostres experts tramitaran a trav\u00e9s del Registre Mercantil la dissoluci\u00f3 de la societat, en conseq\u00fc\u00e8ncia, la redacci\u00f3 de l&#8217;acta i certificat de l&#8217;acord de dissoluci\u00f3, liquidaci\u00f3 i extinci\u00f3, l&#8217;atorgament de l&#8217;escriptura p\u00fablica, la inscripci\u00f3 en el Registre Mercantil i la comunicaci\u00f3 de la dissoluci\u00f3 a l&#8217;Ag\u00e8ncia Tribut\u00e0ria.[\/vc_column_text]\n\t<div class=\"finax-spacer clearfix\" data-desktop=\"40\" data-mobi=\"25\" data-smobi=\"25\"><\/div>[\/vc_column_inner][vc_column_inner width=&#8221;1\/3&#8243;][vc_single_image image=&#8221;6824&#8243; style=&#8221;vc_box_rounded&#8221;][\/vc_column_inner][\/vc_row_inner]\n\t<div class=\"finax-spacer clearfix\" data-desktop=\"60\" data-mobi=\"50\" data-smobi=\"50\"><\/div>[\/vc_column][\/vc_row][vc_row content_placement=&#8221;middle&#8221; parallax=&#8221;content-moving&#8221; parallax_image=&#8221;6588&#8243; css_animation=&#8221;none&#8221; fullwidth=&#8221;yes&#8221; column_spacing=&#8221;0px&#8221;][vc_column]<div class=\"finax-content-box clearfix \" data-padding=\"0px 15% 0px 15%\" data-mobipadding=\"0px 10% 0px 10%\" data-margin=\"\" data-mobimargin=\"\" >\n\t\t<div class=\"inner ctb-1955063221\" style=\"\"  data-background=\"\">\n\t\t\t\n\t<div class=\"finax-spacer clearfix\" data-desktop=\"120\" data-mobi=\"60\" data-smobi=\"60\"><\/div><div class=\"finax-headings clearfix text-center wow fadeInUp\" data-font=40 data-wow-duration=\"0.75s\" data-wow-delay=\"0.3s\" style=\"\"><h1 class=\"heading clearfix \" style=\"font-weight:700;color:#ffffff;font-size:40px;\">\n\t\tAssessoria jur\u00eddica-mercantil a Cambrils, Reus i Tarragona\n\t<\/h1><p class=\"sub-heading clearfix\" style=\"font-style:italic;color:#bfbfc1;font-size:25px;margin-bottom:15px;font-family:Lato;\">\n\t\tEls nostres assessors experts s'ocuparan de tots els tr\u00e0mits i l'assessoraran en tot moment durant el proc\u00e9s de la dissoluci\u00f3 de societats de la seva empresa.\n\t<\/p><\/div>\n\t<div class=\"finax-spacer clearfix\" data-desktop=\"120\" data-mobi=\"60\" data-smobi=\"60\"><\/div>\n\t\t<\/div>\n\t<\/div>[\/vc_column][\/vc_row][vc_row content_placement=&#8221;middle&#8221;][vc_column]\n\t<div class=\"finax-spacer clearfix\" data-desktop=\"80\" data-mobi=\"60\" data-smobi=\"60\"><\/div>[vc_row_inner column_inner_spacing=&#8221;50&#8243;][vc_column_inner width=&#8221;2\/3&#8243;]<div class=\"finax-headings clearfix \" data-font=38 style=\"\"><h1 class=\"heading clearfix \" style=\"font-weight:700;font-size:38px;\">\n\t\t\u00c0rea d'Experi\u00e8ncia\n\t<\/h1><p class=\"sub-heading clearfix\" style=\"font-style:italic;font-size:25px;margin-bottom:15px;font-family:Lato;\">\n\t\tServeis de dissoluci\u00f3 de societats\n\t<\/p><\/div>[vc_column_text]Dissoldre i liquidar una societat \u00e9s una tasca complexa i requereix de la participaci\u00f3 i experi\u00e8ncia de diferents especialistes en el sector.<\/p>\n<p>El nostre servei sobre la dissoluci\u00f3 de societats ser\u00e0 portada per assessors i gestors experts en el tema, estudiaran i gestionaran la millor opci\u00f3 viable per a la dissoluci\u00f3 de la societat amb l&#8217;objectiu de reduir al m\u00e0xim els costos que representa aquesta dissoluci\u00f3. A Compta-Clar, estarem encantats d&#8217;ajudar-lo i assessorar-lo en tots els tr\u00e0mits arribat el moment de dissoldre la seva societat.[\/vc_column_text]\n\t<div class=\"finax-spacer clearfix\" data-desktop=\"40\" data-mobi=\"25\" data-smobi=\"25\"><\/div>[\/vc_column_inner][vc_column_inner width=&#8221;1\/3&#8243;][vc_single_image image=&#8221;6825&#8243; style=&#8221;vc_box_rounded&#8221;][\/vc_column_inner][\/vc_row_inner][vc_row_inner][vc_column_inner]<div class=\"finax-grid-box clearfix grid3 solid border-verylight\" data-grid=\"3\">\n\t\t<div class=\"finax-content-box clearfix \" data-padding=\"41px 37px 37px 27px\" data-mobipadding=\"13px 0px 10px 0px\" data-margin=\"\" data-mobimargin=\"\" >\n\t\t<div class=\"inner ctb-1605799404\" style=\"\"  data-background=\"\">\n\t\t\t<div class=\"finax-icon-box clearfix icon-left align-left simple wow fadeInUp\" style=\"\"  data-wow-duration=\"0.75s\" data-wow-delay=\"0s\"><div class=\"finax-icon icon-1671500436\"  data-icon=\"#36b8c0\">\n\t\t\t\t<span class=\"icon\" style=\"font-size:30px;width:40px;height:40px;border-style:solid;margin-top:-20px;\"><i class=\"vc-oi vc-oi-comment\"><\/i><\/span>\n\t\t\t<\/div> <h3 class=\"heading \" style=\"padding-left:50px;font-size:22px;margin-bottom:11px;\">\n\t\t<a target=\"_blank\" href=\"\">\n\t\t\t<span>An\u00e0lisi i assessorament<\/span>\n\t\t<\/a>\n\t<\/h3><p class=\"desc\" style=\"padding-left:50px;font-size:16px;line-height:28px;\">\n\t\t<span>An\u00e0lisi i assessorament previ sobre la situaci\u00f3 actual de l&#039;empresa.<\/span>\n\t<\/p><\/div>\n\t\t<\/div>\n\t<\/div><div class=\"finax-content-box clearfix \" data-padding=\"41px 37px 37px 27px\" data-mobipadding=\"13px 0px 10px 0px\" data-margin=\"\" data-mobimargin=\"\" >\n\t\t<div class=\"inner ctb-926927024\" style=\"\"  data-background=\"\">\n\t\t\t<div class=\"finax-icon-box clearfix icon-left align-left simple wow fadeInUp\" style=\"\"  data-wow-duration=\"0.75s\" data-wow-delay=\"0s\"><div class=\"finax-icon icon-828326196\"  data-icon=\"#36b8c0\">\n\t\t\t\t<span class=\"icon\" style=\"font-size:30px;width:40px;height:40px;border-style:solid;margin-top:-20px;\"><i class=\"vc-oi vc-oi-calendar\"><\/i><\/span>\n\t\t\t<\/div> <h3 class=\"heading \" style=\"padding-left:50px;font-size:22px;margin-bottom:11px;\">\n\t\t<a target=\"_blank\" href=\"\">\n\t\t\t<span>Confecci\u00f3 i desenvolupament<\/span>\n\t\t<\/a>\n\t<\/h3><p class=\"desc\" style=\"padding-left:50px;font-size:16px;line-height:28px;\">\n\t\t<span>Confecci\u00f3 i desenvolupament de documents necessaris per a la dissoluci\u00f3 de l&#039;empresa.<\/span>\n\t<\/p><\/div>\n\t\t<\/div>\n\t<\/div><div class=\"finax-content-box clearfix \" data-padding=\"41px 37px 37px 27px\" data-mobipadding=\"13px 0px 10px 0px\" data-margin=\"\" data-mobimargin=\"\" >\n\t\t<div class=\"inner ctb-638506880\" style=\"\"  data-background=\"\">\n\t\t\t<div class=\"finax-icon-box clearfix icon-left align-left simple wow fadeInUp\" style=\"\"  data-wow-duration=\"0.75s\" data-wow-delay=\"0s\"><div class=\"finax-icon icon-111204825\"  data-icon=\"#36b8c0\">\n\t\t\t\t<span class=\"icon\" style=\"font-size:30px;width:40px;height:40px;border-style:solid;margin-top:-20px;\"><i class=\"vc-oi vc-oi-folder-empty\"><\/i><\/span>\n\t\t\t<\/div> <h3 class=\"heading \" style=\"padding-left:50px;font-size:22px;margin-bottom:11px;\">\n\t\t<a target=\"_blank\" href=\"\">\n\t\t\t<span>Tr\u00e0mits<\/span>\n\t\t<\/a>\n\t<\/h3><p class=\"desc\" style=\"padding-left:50px;font-size:16px;line-height:28px;\">\n\t\t<span>Gesti\u00f3 i realitzaci\u00f3 de tot els tr\u00e0mits necessaris en la dissoluci\u00f3 de l&#039;empresa.<\/span>\n\t<\/p><\/div>\n\t\t<\/div>\n\t<\/div>\n\n\t<\/div>[\/vc_column_inner][\/vc_row_inner]\n\t<div class=\"finax-spacer clearfix\" data-desktop=\"60\" data-mobi=\"50\" data-smobi=\"50\"><\/div>[\/vc_column][\/vc_row][vc_row css=&#8221;.vc_custom_1554633375064{background-image: url(https:\/\/cccambrils.cat\/wp-content\/uploads\/2019\/04\/section_bg-1.jpg?id=7141) !important;}&#8221;][vc_column][vc_row_inner][vc_column_inner width=&#8221;1\/3&#8243;][\/vc_column_inner][vc_column_inner width=&#8221;2\/3&#8243;]\n\t<div class=\"finax-spacer clearfix\" data-desktop=\"120\" data-mobi=\"80\" data-smobi=\"80\"><\/div><div class=\"finax-content-box clearfix \" data-padding=\"0px 0px 0px 0px\" data-mobipadding=\"0px 0px 0px 0px\" data-margin=\"\" data-mobimargin=\"\" >\n\t\t<div class=\"inner ctb-1309831312\" style=\"\"  data-background=\"\">\n\t\t\t<div class=\"finax-headings clearfix  wow fadeInUp\" data-font=38 data-wow-duration=\"0.75s\" data-wow-delay=\"0s\" style=\"\"><h1 class=\"heading clearfix \" style=\"font-weight:700;color:#ffffff;margin-bottom:20px;font-size:38px;\">\n\t\tL'ajudem a solucionar els seus dubtes\n\t<\/h1><p class=\"sub-heading clearfix\" style=\"font-style:italic;color:#ffffff;font-size:25px;margin-bottom:17px;max-width:760px;font-family:Lato;\">\n\t\tNo esperi m\u00e9s, envi\u00ef'ns les seves consultes o truqui'ns\n\t<\/p><\/div>[vc_column_text]<\/p>\n<p><span style=\"color: #ffffff;\">Si tiene alguna consulta o duda que quiera resolver, o sencillamente quiere contactar con nosotros buscando m\u00e1s informaci\u00f3n, no dude en enviarnos un mensaje a trav\u00e9s de nuestro formulario de contacto o ll\u00e1menos por tel\u00e9fono. Estaremos encantados de poder ayudarle.<\/span><\/p>\n<p>[\/vc_column_text]\n\t<div class=\"finax-spacer clearfix\" data-desktop=\"20\" data-mobi=\"5\" data-smobi=\"5\"><\/div><div class=\"button-wrap icon-left has-icon wow fadeInUp\" style=\"\"  data-wow-duration=\"0.75s\" data-wow-delay=\"0.1s\"><a href=\"https:\/\/cccambrils.cat\/ca\/contacte\/\" target=\"_self\" class=\"finax-button btn-412066015 medium outline solid custom\" style=\"margin:13px 0px 13px 0px;font-weight:500;font-size:24px;border-radius:10px;border-width:0px;\"  data-border=\"\" data-text=\"#ffffff\" data-icon=\"#36b8c0\">\n\t\t<span style=\"padding-left:66px;\">Email <span class=\"icon\" style=\"font-size:52px;top:-9px;\"><i class=\"fa fa-envelope-o\"><\/i><\/span><\/span>\n\t<\/a><\/div><div class=\"button-wrap icon-left has-icon wow fadeInUp\" style=\"\"  data-wow-duration=\"0.75s\" data-wow-delay=\"0.1s\"><a href=\"\" target=\"_blank\" class=\"finax-button btn-839227791 medium outline solid custom\" style=\"margin:13px 40px 13px 0px;font-weight:500;font-size:24px;border-radius:10px;border-width:0px;\"  data-border=\"\" data-text=\"#ffffff\" data-icon=\"#36b8c0\">\n\t\t<span style=\"padding-left:66px;\">977 792887 <span class=\"icon\" style=\"font-size:52px;top:-3px;\"><i class=\"fnicon-phone\"><\/i><\/span><\/span>\n\t<\/a><\/div>\n\t\t<\/div>\n\t<\/div>\n\t<div class=\"finax-spacer clearfix\" data-desktop=\"120\" data-mobi=\"80\" data-smobi=\"80\"><\/div>[\/vc_column_inner][\/vc_row_inner][\/vc_column][\/vc_row]<\/p>\n<\/section>","protected":false},"excerpt":{"rendered":"<p>[vc_row][vc_column][rev_slider_vc alias=&#8221;disolucion-sociedades&#8221;][\/vc_column][\/vc_row][vc_row fullwidth=&#8221;yes&#8221; column_spacing=&#8221;0px&#8221; css=&#8221;.vc_custom_1553275073094{background-color: #f5f5f5 !important;}&#8221;][vc_column][vc_row_inner][vc_column_inner][\/vc_column_inner][\/vc_row_inner][\/vc_column][\/vc_row][vc_row content_placement=&#8221;middle&#8221;][vc_column][vc_row_inner column_inner_spacing=&#8221;50&#8243;][vc_column_inner width=&#8221;2\/3&#8243;][vc_column_text]En el cas que els nostres clients no desitgen continuar amb el seu negoci o empresa, els aconsellarem la millor opci\u00f3 per estalviar-se costos innecessaris i reduir al m\u00e0xim les obligacions que derivin de les mateixes. Els nostres experts tramitaran a<\/p>\n","protected":false},"author":1,"featured_media":0,"parent":6972,"menu_order":0,"comment_status":"closed","ping_status":"closed","template":"","meta":{"footnotes":""},"class_list":["post-6987","page","type-page","status-publish","hentry"],"yoast_head":"<!-- This site is optimized with the Yoast SEO plugin v27.5 - https:\/\/yoast.com\/product\/yoast-seo-wordpress\/ -->\n<title>Dissoluci\u00f3 de societats - Asesor\u00eda Compta-Clar<\/title>\n<meta name=\"robots\" content=\"index, follow, max-snippet:-1, max-image-preview:large, max-video-preview:-1\" \/>\n<link rel=\"canonical\" href=\"https:\/\/cccambrils.cat\/ca\/serveis\/assessoria-juridica-mercantil\/dissolucio-de-societats\/\" \/>\n<meta property=\"og:locale\" content=\"ca_ES\" \/>\n<meta property=\"og:type\" content=\"article\" \/>\n<meta property=\"og:title\" content=\"Dissoluci\u00f3 de societats - Asesor\u00eda Compta-Clar\" \/>\n<meta property=\"og:description\" content=\"[vc_row][vc_column][rev_slider_vc alias=&#8221;disolucion-sociedades&#8221;][\/vc_column][\/vc_row][vc_row fullwidth=&#8221;yes&#8221; column_spacing=&#8221;0px&#8221; css=&#8221;.vc_custom_1553275073094{background-color: #f5f5f5 !important;}&#8221;][vc_column][vc_row_inner][vc_column_inner][\/vc_column_inner][\/vc_row_inner][\/vc_column][\/vc_row][vc_row content_placement=&#8221;middle&#8221;][vc_column][vc_row_inner column_inner_spacing=&#8221;50&#8243;][vc_column_inner width=&#8221;2\/3&#8243;][vc_column_text]En el cas que els nostres clients no desitgen continuar amb el seu negoci o empresa, els aconsellarem la millor opci\u00f3 per estalviar-se costos innecessaris i reduir al m\u00e0xim les obligacions que derivin de les mateixes. Els nostres experts tramitaran a\" \/>\n<meta property=\"og:url\" content=\"https:\/\/cccambrils.cat\/ca\/serveis\/assessoria-juridica-mercantil\/dissolucio-de-societats\/\" \/>\n<meta property=\"og:site_name\" content=\"Asesor\u00eda Compta-Clar\" \/>\n<meta property=\"article:modified_time\" content=\"2019-04-07T10:36:21+00:00\" \/>\n<meta name=\"twitter:card\" content=\"summary_large_image\" \/>\n<meta name=\"twitter:label1\" content=\"Temps estimat de lectura\" \/>\n\t<meta name=\"twitter:data1\" content=\"6 minuts\" \/>\n<script type=\"application\/ld+json\" class=\"yoast-schema-graph\">{\"@context\":\"https:\\\/\\\/schema.org\",\"@graph\":[{\"@type\":\"WebPage\",\"@id\":\"https:\\\/\\\/cccambrils.cat\\\/ca\\\/serveis\\\/assessoria-juridica-mercantil\\\/dissolucio-de-societats\\\/\",\"url\":\"https:\\\/\\\/cccambrils.cat\\\/ca\\\/serveis\\\/assessoria-juridica-mercantil\\\/dissolucio-de-societats\\\/\",\"name\":\"Dissoluci\u00f3 de societats - Asesor\u00eda Compta-Clar\",\"isPartOf\":{\"@id\":\"https:\\\/\\\/cccambrils.cat\\\/#website\"},\"datePublished\":\"2019-03-24T12:41:15+00:00\",\"dateModified\":\"2019-04-07T10:36:21+00:00\",\"breadcrumb\":{\"@id\":\"https:\\\/\\\/cccambrils.cat\\\/ca\\\/serveis\\\/assessoria-juridica-mercantil\\\/dissolucio-de-societats\\\/#breadcrumb\"},\"inLanguage\":\"ca\",\"potentialAction\":[{\"@type\":\"ReadAction\",\"target\":[\"https:\\\/\\\/cccambrils.cat\\\/ca\\\/serveis\\\/assessoria-juridica-mercantil\\\/dissolucio-de-societats\\\/\"]}]},{\"@type\":\"BreadcrumbList\",\"@id\":\"https:\\\/\\\/cccambrils.cat\\\/ca\\\/serveis\\\/assessoria-juridica-mercantil\\\/dissolucio-de-societats\\\/#breadcrumb\",\"itemListElement\":[{\"@type\":\"ListItem\",\"position\":1,\"name\":\"Portada\",\"item\":\"https:\\\/\\\/cccambrils.cat\\\/ca\\\/\"},{\"@type\":\"ListItem\",\"position\":2,\"name\":\"Serveis\",\"item\":\"https:\\\/\\\/cccambrils.cat\\\/ca\\\/serveis\\\/\"},{\"@type\":\"ListItem\",\"position\":3,\"name\":\"Assessoria jur\u00eddica mercantil\",\"item\":\"https:\\\/\\\/cccambrils.cat\\\/ca\\\/serveis\\\/assessoria-juridica-mercantil\\\/\"},{\"@type\":\"ListItem\",\"position\":4,\"name\":\"Dissoluci\u00f3 de societats\"}]},{\"@type\":\"WebSite\",\"@id\":\"https:\\\/\\\/cccambrils.cat\\\/#website\",\"url\":\"https:\\\/\\\/cccambrils.cat\\\/\",\"name\":\"Asesor\u00eda Compta-Clar\",\"description\":\"Asesor\u00eda profesional en Cambrils, Reus y Tarragona\",\"publisher\":{\"@id\":\"https:\\\/\\\/cccambrils.cat\\\/#organization\"},\"potentialAction\":[{\"@type\":\"SearchAction\",\"target\":{\"@type\":\"EntryPoint\",\"urlTemplate\":\"https:\\\/\\\/cccambrils.cat\\\/?s={search_term_string}\"},\"query-input\":{\"@type\":\"PropertyValueSpecification\",\"valueRequired\":true,\"valueName\":\"search_term_string\"}}],\"inLanguage\":\"ca\"},{\"@type\":\"Organization\",\"@id\":\"https:\\\/\\\/cccambrils.cat\\\/#organization\",\"name\":\"Asesor\u00eda Compta-Clar\",\"url\":\"https:\\\/\\\/cccambrils.cat\\\/\",\"logo\":{\"@type\":\"ImageObject\",\"inLanguage\":\"ca\",\"@id\":\"https:\\\/\\\/cccambrils.cat\\\/#\\\/schema\\\/logo\\\/image\\\/\",\"url\":\"\",\"contentUrl\":\"\",\"caption\":\"Asesor\u00eda Compta-Clar\"},\"image\":{\"@id\":\"https:\\\/\\\/cccambrils.cat\\\/#\\\/schema\\\/logo\\\/image\\\/\"}}]}<\/script>\n<!-- \/ Yoast SEO plugin. -->","yoast_head_json":{"title":"Dissoluci\u00f3 de societats - Asesor\u00eda Compta-Clar","robots":{"index":"index","follow":"follow","max-snippet":"max-snippet:-1","max-image-preview":"max-image-preview:large","max-video-preview":"max-video-preview:-1"},"canonical":"https:\/\/cccambrils.cat\/ca\/serveis\/assessoria-juridica-mercantil\/dissolucio-de-societats\/","og_locale":"ca_ES","og_type":"article","og_title":"Dissoluci\u00f3 de societats - Asesor\u00eda Compta-Clar","og_description":"[vc_row][vc_column][rev_slider_vc alias=&#8221;disolucion-sociedades&#8221;][\/vc_column][\/vc_row][vc_row fullwidth=&#8221;yes&#8221; column_spacing=&#8221;0px&#8221; css=&#8221;.vc_custom_1553275073094{background-color: #f5f5f5 !important;}&#8221;][vc_column][vc_row_inner][vc_column_inner][\/vc_column_inner][\/vc_row_inner][\/vc_column][\/vc_row][vc_row content_placement=&#8221;middle&#8221;][vc_column][vc_row_inner column_inner_spacing=&#8221;50&#8243;][vc_column_inner width=&#8221;2\/3&#8243;][vc_column_text]En el cas que els nostres clients no desitgen continuar amb el seu negoci o empresa, els aconsellarem la millor opci\u00f3 per estalviar-se costos innecessaris i reduir al m\u00e0xim les obligacions que derivin de les mateixes. Els nostres experts tramitaran a","og_url":"https:\/\/cccambrils.cat\/ca\/serveis\/assessoria-juridica-mercantil\/dissolucio-de-societats\/","og_site_name":"Asesor\u00eda Compta-Clar","article_modified_time":"2019-04-07T10:36:21+00:00","twitter_card":"summary_large_image","twitter_misc":{"Temps estimat de lectura":"6 minuts"},"schema":{"@context":"https:\/\/schema.org","@graph":[{"@type":"WebPage","@id":"https:\/\/cccambrils.cat\/ca\/serveis\/assessoria-juridica-mercantil\/dissolucio-de-societats\/","url":"https:\/\/cccambrils.cat\/ca\/serveis\/assessoria-juridica-mercantil\/dissolucio-de-societats\/","name":"Dissoluci\u00f3 de societats - Asesor\u00eda Compta-Clar","isPartOf":{"@id":"https:\/\/cccambrils.cat\/#website"},"datePublished":"2019-03-24T12:41:15+00:00","dateModified":"2019-04-07T10:36:21+00:00","breadcrumb":{"@id":"https:\/\/cccambrils.cat\/ca\/serveis\/assessoria-juridica-mercantil\/dissolucio-de-societats\/#breadcrumb"},"inLanguage":"ca","potentialAction":[{"@type":"ReadAction","target":["https:\/\/cccambrils.cat\/ca\/serveis\/assessoria-juridica-mercantil\/dissolucio-de-societats\/"]}]},{"@type":"BreadcrumbList","@id":"https:\/\/cccambrils.cat\/ca\/serveis\/assessoria-juridica-mercantil\/dissolucio-de-societats\/#breadcrumb","itemListElement":[{"@type":"ListItem","position":1,"name":"Portada","item":"https:\/\/cccambrils.cat\/ca\/"},{"@type":"ListItem","position":2,"name":"Serveis","item":"https:\/\/cccambrils.cat\/ca\/serveis\/"},{"@type":"ListItem","position":3,"name":"Assessoria jur\u00eddica mercantil","item":"https:\/\/cccambrils.cat\/ca\/serveis\/assessoria-juridica-mercantil\/"},{"@type":"ListItem","position":4,"name":"Dissoluci\u00f3 de societats"}]},{"@type":"WebSite","@id":"https:\/\/cccambrils.cat\/#website","url":"https:\/\/cccambrils.cat\/","name":"Asesor\u00eda Compta-Clar","description":"Asesor\u00eda profesional en Cambrils, Reus y Tarragona","publisher":{"@id":"https:\/\/cccambrils.cat\/#organization"},"potentialAction":[{"@type":"SearchAction","target":{"@type":"EntryPoint","urlTemplate":"https:\/\/cccambrils.cat\/?s={search_term_string}"},"query-input":{"@type":"PropertyValueSpecification","valueRequired":true,"valueName":"search_term_string"}}],"inLanguage":"ca"},{"@type":"Organization","@id":"https:\/\/cccambrils.cat\/#organization","name":"Asesor\u00eda Compta-Clar","url":"https:\/\/cccambrils.cat\/","logo":{"@type":"ImageObject","inLanguage":"ca","@id":"https:\/\/cccambrils.cat\/#\/schema\/logo\/image\/","url":"","contentUrl":"","caption":"Asesor\u00eda Compta-Clar"},"image":{"@id":"https:\/\/cccambrils.cat\/#\/schema\/logo\/image\/"}}]}},"_links":{"self":[{"href":"https:\/\/cccambrils.cat\/ca\/wp-json\/wp\/v2\/pages\/6987","targetHints":{"allow":["GET"]}}],"collection":[{"href":"https:\/\/cccambrils.cat\/ca\/wp-json\/wp\/v2\/pages"}],"about":[{"href":"https:\/\/cccambrils.cat\/ca\/wp-json\/wp\/v2\/types\/page"}],"author":[{"embeddable":true,"href":"https:\/\/cccambrils.cat\/ca\/wp-json\/wp\/v2\/users\/1"}],"replies":[{"embeddable":true,"href":"https:\/\/cccambrils.cat\/ca\/wp-json\/wp\/v2\/comments?post=6987"}],"version-history":[{"count":3,"href":"https:\/\/cccambrils.cat\/ca\/wp-json\/wp\/v2\/pages\/6987\/revisions"}],"predecessor-version":[{"id":7205,"href":"https:\/\/cccambrils.cat\/ca\/wp-json\/wp\/v2\/pages\/6987\/revisions\/7205"}],"up":[{"embeddable":true,"href":"https:\/\/cccambrils.cat\/ca\/wp-json\/wp\/v2\/pages\/6972"}],"wp:attachment":[{"href":"https:\/\/cccambrils.cat\/ca\/wp-json\/wp\/v2\/media?parent=6987"}],"curies":[{"name":"wp","href":"https:\/\/api.w.org\/{rel}","templated":true}]}}