{"id":6968,"date":"2019-03-24T18:08:59","date_gmt":"2019-03-24T17:08:59","guid":{"rendered":"http:\/\/www.dygicom.org\/comptaclar\/serveis\/assessoria-comptable-i-fiscal\/gestion-de-impuestos\/"},"modified":"2019-04-07T12:12:48","modified_gmt":"2019-04-07T10:12:48","slug":"gestio-impostos","status":"publish","type":"page","link":"https:\/\/cccambrils.cat\/ca\/serveis\/assessoria-comptable-i-fiscal\/gestio-impostos\/","title":{"rendered":"Gesti\u00f3 d&#8217;impostos"},"content":{"rendered":"<section class=\"wpb-content-wrapper\"><p>[vc_row][vc_column][rev_slider_vc alias=&#8221;gestion-impuestos&#8221;][\/vc_column][\/vc_row][vc_row fullwidth=&#8221;yes&#8221; column_spacing=&#8221;0px&#8221; css=&#8221;.vc_custom_1553275073094{background-color: #f5f5f5 !important;}&#8221;][vc_column]\n\t<div class=\"finax-spacer clearfix\" data-desktop=\"50\" data-mobi=\"25\" data-smobi=\"25\"><\/div>[vc_row_inner][vc_column_inner]<div class=\"finax-headings clearfix text-center wow fadeInUp\" data-font=38 data-wow-duration=\"0.75s\" data-wow-delay=\"0.3s\" style=\"\"><p class=\"sub-heading clearfix\" style=\"font-style:italic;font-size:25px;margin-bottom:15px;font-family:Lato;\">\n\t\tA trav\u00e9s d'una bona planificaci\u00f3 tribut\u00e0ria i fiscal disminu\u00efm de forma dr\u00e0stica la c\u00e0rrega als nostres clients\n\t<\/p><\/div>[\/vc_column_inner][\/vc_row_inner]\n\t<div class=\"finax-spacer clearfix\" data-desktop=\"50\" data-mobi=\"25\" data-smobi=\"25\"><\/div>[\/vc_column][\/vc_row][vc_row content_placement=&#8221;middle&#8221;][vc_column]\n\t<div class=\"finax-spacer clearfix\" data-desktop=\"80\" data-mobi=\"60\" data-smobi=\"60\"><\/div>[vc_row_inner column_inner_spacing=&#8221;50&#8243;][vc_column_inner width=&#8221;2\/3&#8243;]<div class=\"finax-headings clearfix \" data-font=38 style=\"\"><h1 class=\"heading clearfix \" style=\"font-weight:700;font-size:38px;\">\n\t\tGesti\u00f3n de Impuestos\n\t<\/h1><p class=\"sub-heading clearfix\" style=\"font-style:italic;font-size:25px;margin-bottom:15px;font-family:Lato;\">\n\t\tGestionamos y presentamos sus impuestos\n\t<\/p><\/div>[vc_column_text]A Compta-Clar ens ocupem del compliment de totes i cadascuna de les obligacions fiscals que tenen les empreses. Confeccionem, presentem i gestionem tot tipus d&#8217;impostos davant les administracions p\u00fabliques.<\/p>\n<p>Optem per planificar de manera cont\u00ednua tota la gesti\u00f3 tribut\u00e0ria i fiscal per disminuir aix\u00ed la c\u00e0rrega a les empreses. \u00c9s fonamental que compti amb experts del sector, ja que les obligacions tribut\u00e0ries estan en continu canvi o adaptaci\u00f3 i cal gestionar de manera adequada la correcta presentaci\u00f3 dels seus impostos.[\/vc_column_text]\n\t<div class=\"finax-spacer clearfix\" data-desktop=\"40\" data-mobi=\"25\" data-smobi=\"25\"><\/div>[\/vc_column_inner][vc_column_inner width=&#8221;1\/3&#8243;][vc_single_image image=&#8221;6838&#8243; style=&#8221;vc_box_rounded&#8221;][\/vc_column_inner][\/vc_row_inner]\n\t<div class=\"finax-spacer clearfix\" data-desktop=\"60\" data-mobi=\"50\" data-smobi=\"50\"><\/div>[\/vc_column][\/vc_row][vc_row content_placement=&#8221;middle&#8221; parallax=&#8221;content-moving&#8221; parallax_image=&#8221;6588&#8243; css_animation=&#8221;none&#8221; fullwidth=&#8221;yes&#8221; column_spacing=&#8221;0px&#8221;][vc_column]<div class=\"finax-content-box clearfix \" data-padding=\"0px 15% 0px 15%\" data-mobipadding=\"0px 10% 0px 10%\" data-margin=\"\" data-mobimargin=\"\" >\n\t\t<div class=\"inner ctb-1696994299\" style=\"\"  data-background=\"\">\n\t\t\t\n\t<div class=\"finax-spacer clearfix\" data-desktop=\"120\" data-mobi=\"60\" data-smobi=\"60\"><\/div><div class=\"finax-headings clearfix text-center wow fadeInUp\" data-font=40 data-wow-duration=\"0.75s\" data-wow-delay=\"0.3s\" style=\"\"><h1 class=\"heading clearfix \" style=\"font-weight:700;color:#ffffff;font-size:40px;\">\n\t\tAssessoria comptable i fiscal a Cambrils, Reus i Tarragona\n\t<\/h1><p class=\"sub-heading clearfix\" style=\"font-style:italic;color:#bfbfc1;font-size:25px;margin-bottom:15px;font-family:Lato;\">\n\t\tEls nostres assessors i gestors portaran al dia les seves obligacions confeccionant, presentant i gestionant tots els seus impostos davant les administracions p\u00fabliques.\n\t<\/p><\/div>\n\t<div class=\"finax-spacer clearfix\" data-desktop=\"120\" data-mobi=\"60\" data-smobi=\"60\"><\/div>\n\t\t<\/div>\n\t<\/div>[\/vc_column][\/vc_row][vc_row content_placement=&#8221;middle&#8221;][vc_column]\n\t<div class=\"finax-spacer clearfix\" data-desktop=\"80\" data-mobi=\"60\" data-smobi=\"60\"><\/div>[vc_row_inner column_inner_spacing=&#8221;50&#8243;][vc_column_inner width=&#8221;2\/3&#8243;]<div class=\"finax-headings clearfix \" data-font=38 style=\"\"><h1 class=\"heading clearfix \" style=\"font-weight:700;font-size:38px;\">\n\t\t\u00c0rea d'Experi\u00e8ncia\n\t<\/h1><p class=\"sub-heading clearfix\" style=\"font-style:italic;font-size:25px;margin-bottom:15px;font-family:Lato;\">\n\t\tServeis de gesti\u00f3 i presentaci\u00f3 d'impostos\n\t<\/p><\/div>[vc_column_text]A Compta-Clar tenim clar que la major ajuda que podem oferir-li a trav\u00e9s dels nostres serveis \u00e9s que pugui estar tranquil i centrar-se en el seu negoci o empresa.<\/p>\n<p>A trav\u00e9s del nostre departament fiscal, els nostres gestors professionals, vetllaran per la seva tranquil\u00b7litat gestionant i presentant per vost\u00e8 els impostos per al compliment de totes les seves obligacions en mat\u00e8ria fiscal que tingui la seva empresa. Confeccionarem una planificaci\u00f3 fiscal a la seva mida segons la seva activitat i necessitats.[\/vc_column_text]\n\t<div class=\"finax-spacer clearfix\" data-desktop=\"40\" data-mobi=\"25\" data-smobi=\"25\"><\/div>[\/vc_column_inner][vc_column_inner width=&#8221;1\/3&#8243;][vc_single_image image=&#8221;6884&#8243; style=&#8221;vc_box_rounded&#8221;][\/vc_column_inner][\/vc_row_inner][vc_row_inner css=&#8221;.vc_custom_1553554808322{margin-top: 30px !important;}&#8221;][vc_column_inner width=&#8221;1\/3&#8243;]<div class=\"finax-list clearfix icon-middle\" >\n\t\t<div style=\"\">\n\t\t\t<span style=\"padding-left:30px;\"><span class=\"icon \" style=\"color:#36b8c0;\">\n\t\t\t<i class=\"fa fa-check\"><\/i>\n\t\t<\/span> <span style=\"font-size:15px;\">Impostos sobre la renda (model 100)<\/span><\/span>\n\t\t<\/div>\n\t<\/div><div class=\"finax-list clearfix icon-middle\" >\n\t\t<div style=\"\">\n\t\t\t<span style=\"padding-left:30px;\"><span class=\"icon \" style=\"color:#36b8c0;\">\n\t\t\t<i class=\"fa fa-check\"><\/i>\n\t\t<\/span> <span style=\"font-size:15px;\">Impost sobre el patrimoni (model 714)<\/span><\/span>\n\t\t<\/div>\n\t<\/div><div class=\"finax-list clearfix icon-middle\" >\n\t\t<div style=\"\">\n\t\t\t<span style=\"padding-left:30px;\"><span class=\"icon \" style=\"color:#36b8c0;\">\n\t\t\t<i class=\"fa fa-check\"><\/i>\n\t\t<\/span> <span style=\"font-size:15px;\">Impost sobre la renda de no residents (model 210)<\/span><\/span>\n\t\t<\/div>\n\t<\/div><div class=\"finax-list clearfix icon-middle\" >\n\t\t<div style=\"\">\n\t\t\t<span style=\"padding-left:30px;\"><span class=\"icon \" style=\"color:#36b8c0;\">\n\t\t\t<i class=\"fa fa-check\"><\/i>\n\t\t<\/span> <span style=\"font-size:15px;\">Impost de societats (model 200)<\/span><\/span>\n\t\t<\/div>\n\t<\/div><div class=\"finax-list clearfix icon-middle\" >\n\t\t<div style=\"\">\n\t\t\t<span style=\"padding-left:30px;\"><span class=\"icon \" style=\"color:#36b8c0;\">\n\t\t\t<i class=\"fa fa-check\"><\/i>\n\t\t<\/span> <span style=\"font-size:15px;\">Pagaments a compte de l&#8217;impost de societats (model 202)<\/span><\/span>\n\t\t<\/div>\n\t<\/div>[\/vc_column_inner][vc_column_inner width=&#8221;1\/3&#8243;]<div class=\"finax-list clearfix icon-middle\" >\n\t\t<div style=\"\">\n\t\t\t<span style=\"padding-left:30px;\"><span class=\"icon \" style=\"color:#36b8c0;\">\n\t\t\t<i class=\"fa fa-check\"><\/i>\n\t\t<\/span> <span style=\"font-size:15px;\">Liquidacions trimestrals IVA i IRPF (model 303, 123, 115 &#8230;)<\/span><\/span>\n\t\t<\/div>\n\t<\/div><div class=\"finax-list clearfix icon-middle\" >\n\t\t<div style=\"\">\n\t\t\t<span style=\"padding-left:30px;\"><span class=\"icon \" style=\"color:#36b8c0;\">\n\t\t\t<i class=\"fa fa-check\"><\/i>\n\t\t<\/span> <span style=\"font-size:15px;\">Estimaci\u00f3 objectiva (m\u00f2duls)<\/span><\/span>\n\t\t<\/div>\n\t<\/div><div class=\"finax-list clearfix icon-middle\" >\n\t\t<div style=\"\">\n\t\t\t<span style=\"padding-left:30px;\"><span class=\"icon \" style=\"color:#36b8c0;\">\n\t\t\t<i class=\"fa fa-check\"><\/i>\n\t\t<\/span> <span style=\"font-size:15px;\">Resums anuals IVA i IRPF (model 390, 193, 180 &#8230;)<\/span><\/span>\n\t\t<\/div>\n\t<\/div><div class=\"finax-list clearfix icon-middle\" >\n\t\t<div style=\"\">\n\t\t\t<span style=\"padding-left:30px;\"><span class=\"icon \" style=\"color:#36b8c0;\">\n\t\t\t<i class=\"fa fa-check\"><\/i>\n\t\t<\/span> <span style=\"font-size:15px;\">Declaracions informatives (model 347, 349, 340, 184 &#8230;)<\/span><\/span>\n\t\t<\/div>\n\t<\/div>[\/vc_column_inner][vc_column_inner width=&#8221;1\/3&#8243;]<div class=\"finax-list clearfix icon-middle\" >\n\t\t<div style=\"\">\n\t\t\t<span style=\"padding-left:30px;\"><span class=\"icon \" style=\"color:#36b8c0;\">\n\t\t\t<i class=\"fa fa-check\"><\/i>\n\t\t<\/span> <span style=\"font-size:15px;\">Impost sobre transmissions patrimonials (model 600)<\/span><\/span>\n\t\t<\/div>\n\t<\/div><div class=\"finax-list clearfix icon-middle\" >\n\t\t<div style=\"\">\n\t\t\t<span style=\"padding-left:30px;\"><span class=\"icon \" style=\"color:#36b8c0;\">\n\t\t\t<i class=\"fa fa-check\"><\/i>\n\t\t<\/span> <span style=\"font-size:15px;\">Declaraci\u00f3 informativa sobre b\u00e9ns a l&#8217;estranger (model 720)<\/span><\/span>\n\t\t<\/div>\n\t<\/div><div class=\"finax-list clearfix icon-middle\" >\n\t\t<div style=\"\">\n\t\t\t<span style=\"padding-left:30px;\"><span class=\"icon \" style=\"color:#36b8c0;\">\n\t\t\t<i class=\"fa fa-check\"><\/i>\n\t\t<\/span> <span style=\"font-size:15px;\">Ajornaments i fraccionaments en el pagament d&#8217;impostos<\/span><\/span>\n\t\t<\/div>\n\t<\/div><div class=\"finax-list clearfix icon-middle\" >\n\t\t<div style=\"\">\n\t\t\t<span style=\"padding-left:30px;\"><span class=\"icon \" style=\"color:#36b8c0;\">\n\t\t\t<i class=\"fa fa-check\"><\/i>\n\t\t<\/span> <span style=\"font-size:15px;\">Sol\u00b7licitud de certificacions a Hisenda<\/span><\/span>\n\t\t<\/div>\n\t<\/div>[\/vc_column_inner][\/vc_row_inner]\n\t<div class=\"finax-spacer clearfix\" data-desktop=\"60\" data-mobi=\"50\" data-smobi=\"50\"><\/div>[\/vc_column][\/vc_row][vc_row css=&#8221;.vc_custom_1554631962108{background-image: url(https:\/\/cccambrils.cat\/wp-content\/uploads\/2019\/04\/section_bg-1.jpg?id=7141) !important;}&#8221;][vc_column][vc_row_inner][vc_column_inner width=&#8221;1\/3&#8243;][\/vc_column_inner][vc_column_inner width=&#8221;2\/3&#8243;]\n\t<div class=\"finax-spacer clearfix\" data-desktop=\"120\" data-mobi=\"80\" data-smobi=\"80\"><\/div><div class=\"finax-content-box clearfix \" data-padding=\"0px 0px 0px 0px\" data-mobipadding=\"0px 0px 0px 0px\" data-margin=\"\" data-mobimargin=\"\" >\n\t\t<div class=\"inner ctb-1782539277\" style=\"\"  data-background=\"\">\n\t\t\t<div class=\"finax-headings clearfix  wow fadeInUp\" data-font=38 data-wow-duration=\"0.75s\" data-wow-delay=\"0s\" style=\"\"><h1 class=\"heading clearfix \" style=\"font-weight:700;color:#ffffff;margin-bottom:20px;font-size:38px;\">\n\t\tL'ajudem a solucionar els seus dubtes\n\t<\/h1><p class=\"sub-heading clearfix\" style=\"font-style:italic;color:#ffffff;font-size:25px;margin-bottom:17px;max-width:760px;font-family:Lato;\">\n\t\tNo esperi m\u00e9s, envi\u00ef'ns les seves consultes o truqui'ns\n\t<\/p><\/div>[vc_column_text]<\/p>\n<p><span style=\"color: #ffffff;\">Si tiene alguna consulta o duda que quiera resolver, o sencillamente quiere contactar con nosotros buscando m\u00e1s informaci\u00f3n, no dude en enviarnos un mensaje a trav\u00e9s de nuestro formulario de contacto o ll\u00e1menos por tel\u00e9fono. Estaremos encantados de poder ayudarle.<\/span><\/p>\n<p>[\/vc_column_text]\n\t<div class=\"finax-spacer clearfix\" data-desktop=\"20\" data-mobi=\"5\" data-smobi=\"5\"><\/div><div class=\"button-wrap icon-left has-icon wow fadeInUp\" style=\"\"  data-wow-duration=\"0.75s\" data-wow-delay=\"0.1s\"><a href=\"https:\/\/cccambrils.cat\/ca\/contacte\/\" target=\"_self\" class=\"finax-button btn-1323070516 medium outline solid custom\" style=\"margin:13px 0px 13px 0px;font-weight:500;font-size:24px;border-radius:10px;border-width:0px;\"  data-border=\"\" data-text=\"#ffffff\" data-icon=\"#36b8c0\">\n\t\t<span style=\"padding-left:66px;\">Email <span class=\"icon\" style=\"font-size:52px;top:-9px;\"><i class=\"fa fa-envelope-o\"><\/i><\/span><\/span>\n\t<\/a><\/div><div class=\"button-wrap icon-left has-icon wow fadeInUp\" style=\"\"  data-wow-duration=\"0.75s\" data-wow-delay=\"0.1s\"><a href=\"\" target=\"_blank\" class=\"finax-button btn-741326995 medium outline solid custom\" style=\"margin:13px 40px 13px 0px;font-weight:500;font-size:24px;border-radius:10px;border-width:0px;\"  data-border=\"\" data-text=\"#ffffff\" data-icon=\"#36b8c0\">\n\t\t<span style=\"padding-left:66px;\">977 792887 <span class=\"icon\" style=\"font-size:52px;top:-3px;\"><i class=\"fnicon-phone\"><\/i><\/span><\/span>\n\t<\/a><\/div>\n\t\t<\/div>\n\t<\/div>\n\t<div class=\"finax-spacer clearfix\" data-desktop=\"120\" data-mobi=\"80\" data-smobi=\"80\"><\/div>[\/vc_column_inner][\/vc_row_inner][\/vc_column][\/vc_row]<\/p>\n<\/section>","protected":false},"excerpt":{"rendered":"<p>[vc_row][vc_column][rev_slider_vc alias=&#8221;gestion-impuestos&#8221;][\/vc_column][\/vc_row][vc_row fullwidth=&#8221;yes&#8221; column_spacing=&#8221;0px&#8221; css=&#8221;.vc_custom_1553275073094{background-color: #f5f5f5 !important;}&#8221;][vc_column][vc_row_inner][vc_column_inner][\/vc_column_inner][\/vc_row_inner][\/vc_column][\/vc_row][vc_row content_placement=&#8221;middle&#8221;][vc_column][vc_row_inner column_inner_spacing=&#8221;50&#8243;][vc_column_inner width=&#8221;2\/3&#8243;][vc_column_text]A Compta-Clar ens ocupem del compliment de totes i cadascuna de les obligacions fiscals que tenen les empreses. Confeccionem, presentem i gestionem tot tipus d&#8217;impostos davant les administracions p\u00fabliques. Optem per planificar de manera cont\u00ednua tota la gesti\u00f3 tribut\u00e0ria i fiscal<\/p>\n","protected":false},"author":1,"featured_media":0,"parent":6955,"menu_order":0,"comment_status":"closed","ping_status":"closed","template":"","meta":{"footnotes":""},"class_list":["post-6968","page","type-page","status-publish","hentry"],"yoast_head":"<!-- This site is optimized with the Yoast SEO plugin v27.5 - https:\/\/yoast.com\/product\/yoast-seo-wordpress\/ -->\n<title>Gesti\u00f3 d&#039;impostos - Asesor\u00eda Compta-Clar<\/title>\n<meta name=\"robots\" content=\"index, follow, max-snippet:-1, max-image-preview:large, max-video-preview:-1\" \/>\n<link rel=\"canonical\" href=\"https:\/\/cccambrils.cat\/ca\/serveis\/assessoria-comptable-i-fiscal\/gestio-impostos\/\" \/>\n<meta property=\"og:locale\" content=\"ca_ES\" \/>\n<meta property=\"og:type\" content=\"article\" \/>\n<meta property=\"og:title\" content=\"Gesti\u00f3 d&#039;impostos - Asesor\u00eda Compta-Clar\" \/>\n<meta property=\"og:description\" content=\"[vc_row][vc_column][rev_slider_vc alias=&#8221;gestion-impuestos&#8221;][\/vc_column][\/vc_row][vc_row fullwidth=&#8221;yes&#8221; column_spacing=&#8221;0px&#8221; css=&#8221;.vc_custom_1553275073094{background-color: #f5f5f5 !important;}&#8221;][vc_column][vc_row_inner][vc_column_inner][\/vc_column_inner][\/vc_row_inner][\/vc_column][\/vc_row][vc_row content_placement=&#8221;middle&#8221;][vc_column][vc_row_inner column_inner_spacing=&#8221;50&#8243;][vc_column_inner width=&#8221;2\/3&#8243;][vc_column_text]A Compta-Clar ens ocupem del compliment de totes i cadascuna de les obligacions fiscals que tenen les empreses. Confeccionem, presentem i gestionem tot tipus d&#8217;impostos davant les administracions p\u00fabliques. Optem per planificar de manera cont\u00ednua tota la gesti\u00f3 tribut\u00e0ria i fiscal\" \/>\n<meta property=\"og:url\" content=\"https:\/\/cccambrils.cat\/ca\/serveis\/assessoria-comptable-i-fiscal\/gestio-impostos\/\" \/>\n<meta property=\"og:site_name\" content=\"Asesor\u00eda Compta-Clar\" \/>\n<meta property=\"article:modified_time\" content=\"2019-04-07T10:12:48+00:00\" \/>\n<meta name=\"twitter:card\" content=\"summary_large_image\" \/>\n<meta name=\"twitter:label1\" content=\"Temps estimat de lectura\" \/>\n\t<meta name=\"twitter:data1\" content=\"6 minuts\" \/>\n<script type=\"application\/ld+json\" class=\"yoast-schema-graph\">{\"@context\":\"https:\\\/\\\/schema.org\",\"@graph\":[{\"@type\":\"WebPage\",\"@id\":\"https:\\\/\\\/cccambrils.cat\\\/ca\\\/serveis\\\/assessoria-comptable-i-fiscal\\\/gestio-impostos\\\/\",\"url\":\"https:\\\/\\\/cccambrils.cat\\\/ca\\\/serveis\\\/assessoria-comptable-i-fiscal\\\/gestio-impostos\\\/\",\"name\":\"Gesti\u00f3 d'impostos - Asesor\u00eda Compta-Clar\",\"isPartOf\":{\"@id\":\"https:\\\/\\\/cccambrils.cat\\\/#website\"},\"datePublished\":\"2019-03-24T17:08:59+00:00\",\"dateModified\":\"2019-04-07T10:12:48+00:00\",\"breadcrumb\":{\"@id\":\"https:\\\/\\\/cccambrils.cat\\\/ca\\\/serveis\\\/assessoria-comptable-i-fiscal\\\/gestio-impostos\\\/#breadcrumb\"},\"inLanguage\":\"ca\",\"potentialAction\":[{\"@type\":\"ReadAction\",\"target\":[\"https:\\\/\\\/cccambrils.cat\\\/ca\\\/serveis\\\/assessoria-comptable-i-fiscal\\\/gestio-impostos\\\/\"]}]},{\"@type\":\"BreadcrumbList\",\"@id\":\"https:\\\/\\\/cccambrils.cat\\\/ca\\\/serveis\\\/assessoria-comptable-i-fiscal\\\/gestio-impostos\\\/#breadcrumb\",\"itemListElement\":[{\"@type\":\"ListItem\",\"position\":1,\"name\":\"Portada\",\"item\":\"https:\\\/\\\/cccambrils.cat\\\/ca\\\/\"},{\"@type\":\"ListItem\",\"position\":2,\"name\":\"Serveis\",\"item\":\"https:\\\/\\\/cccambrils.cat\\\/ca\\\/serveis\\\/\"},{\"@type\":\"ListItem\",\"position\":3,\"name\":\"Assessoria comptable i fiscal\",\"item\":\"https:\\\/\\\/cccambrils.cat\\\/ca\\\/serveis\\\/assessoria-comptable-i-fiscal\\\/\"},{\"@type\":\"ListItem\",\"position\":4,\"name\":\"Gesti\u00f3 d&#8217;impostos\"}]},{\"@type\":\"WebSite\",\"@id\":\"https:\\\/\\\/cccambrils.cat\\\/#website\",\"url\":\"https:\\\/\\\/cccambrils.cat\\\/\",\"name\":\"Asesor\u00eda Compta-Clar\",\"description\":\"Asesor\u00eda profesional en Cambrils, Reus y Tarragona\",\"publisher\":{\"@id\":\"https:\\\/\\\/cccambrils.cat\\\/#organization\"},\"potentialAction\":[{\"@type\":\"SearchAction\",\"target\":{\"@type\":\"EntryPoint\",\"urlTemplate\":\"https:\\\/\\\/cccambrils.cat\\\/?s={search_term_string}\"},\"query-input\":{\"@type\":\"PropertyValueSpecification\",\"valueRequired\":true,\"valueName\":\"search_term_string\"}}],\"inLanguage\":\"ca\"},{\"@type\":\"Organization\",\"@id\":\"https:\\\/\\\/cccambrils.cat\\\/#organization\",\"name\":\"Asesor\u00eda Compta-Clar\",\"url\":\"https:\\\/\\\/cccambrils.cat\\\/\",\"logo\":{\"@type\":\"ImageObject\",\"inLanguage\":\"ca\",\"@id\":\"https:\\\/\\\/cccambrils.cat\\\/#\\\/schema\\\/logo\\\/image\\\/\",\"url\":\"\",\"contentUrl\":\"\",\"caption\":\"Asesor\u00eda Compta-Clar\"},\"image\":{\"@id\":\"https:\\\/\\\/cccambrils.cat\\\/#\\\/schema\\\/logo\\\/image\\\/\"}}]}<\/script>\n<!-- \/ Yoast SEO plugin. -->","yoast_head_json":{"title":"Gesti\u00f3 d'impostos - Asesor\u00eda Compta-Clar","robots":{"index":"index","follow":"follow","max-snippet":"max-snippet:-1","max-image-preview":"max-image-preview:large","max-video-preview":"max-video-preview:-1"},"canonical":"https:\/\/cccambrils.cat\/ca\/serveis\/assessoria-comptable-i-fiscal\/gestio-impostos\/","og_locale":"ca_ES","og_type":"article","og_title":"Gesti\u00f3 d'impostos - Asesor\u00eda Compta-Clar","og_description":"[vc_row][vc_column][rev_slider_vc alias=&#8221;gestion-impuestos&#8221;][\/vc_column][\/vc_row][vc_row fullwidth=&#8221;yes&#8221; column_spacing=&#8221;0px&#8221; css=&#8221;.vc_custom_1553275073094{background-color: #f5f5f5 !important;}&#8221;][vc_column][vc_row_inner][vc_column_inner][\/vc_column_inner][\/vc_row_inner][\/vc_column][\/vc_row][vc_row content_placement=&#8221;middle&#8221;][vc_column][vc_row_inner column_inner_spacing=&#8221;50&#8243;][vc_column_inner width=&#8221;2\/3&#8243;][vc_column_text]A Compta-Clar ens ocupem del compliment de totes i cadascuna de les obligacions fiscals que tenen les empreses. Confeccionem, presentem i gestionem tot tipus d&#8217;impostos davant les administracions p\u00fabliques. Optem per planificar de manera cont\u00ednua tota la gesti\u00f3 tribut\u00e0ria i fiscal","og_url":"https:\/\/cccambrils.cat\/ca\/serveis\/assessoria-comptable-i-fiscal\/gestio-impostos\/","og_site_name":"Asesor\u00eda Compta-Clar","article_modified_time":"2019-04-07T10:12:48+00:00","twitter_card":"summary_large_image","twitter_misc":{"Temps estimat de lectura":"6 minuts"},"schema":{"@context":"https:\/\/schema.org","@graph":[{"@type":"WebPage","@id":"https:\/\/cccambrils.cat\/ca\/serveis\/assessoria-comptable-i-fiscal\/gestio-impostos\/","url":"https:\/\/cccambrils.cat\/ca\/serveis\/assessoria-comptable-i-fiscal\/gestio-impostos\/","name":"Gesti\u00f3 d'impostos - Asesor\u00eda Compta-Clar","isPartOf":{"@id":"https:\/\/cccambrils.cat\/#website"},"datePublished":"2019-03-24T17:08:59+00:00","dateModified":"2019-04-07T10:12:48+00:00","breadcrumb":{"@id":"https:\/\/cccambrils.cat\/ca\/serveis\/assessoria-comptable-i-fiscal\/gestio-impostos\/#breadcrumb"},"inLanguage":"ca","potentialAction":[{"@type":"ReadAction","target":["https:\/\/cccambrils.cat\/ca\/serveis\/assessoria-comptable-i-fiscal\/gestio-impostos\/"]}]},{"@type":"BreadcrumbList","@id":"https:\/\/cccambrils.cat\/ca\/serveis\/assessoria-comptable-i-fiscal\/gestio-impostos\/#breadcrumb","itemListElement":[{"@type":"ListItem","position":1,"name":"Portada","item":"https:\/\/cccambrils.cat\/ca\/"},{"@type":"ListItem","position":2,"name":"Serveis","item":"https:\/\/cccambrils.cat\/ca\/serveis\/"},{"@type":"ListItem","position":3,"name":"Assessoria comptable i fiscal","item":"https:\/\/cccambrils.cat\/ca\/serveis\/assessoria-comptable-i-fiscal\/"},{"@type":"ListItem","position":4,"name":"Gesti\u00f3 d&#8217;impostos"}]},{"@type":"WebSite","@id":"https:\/\/cccambrils.cat\/#website","url":"https:\/\/cccambrils.cat\/","name":"Asesor\u00eda Compta-Clar","description":"Asesor\u00eda profesional en Cambrils, Reus y Tarragona","publisher":{"@id":"https:\/\/cccambrils.cat\/#organization"},"potentialAction":[{"@type":"SearchAction","target":{"@type":"EntryPoint","urlTemplate":"https:\/\/cccambrils.cat\/?s={search_term_string}"},"query-input":{"@type":"PropertyValueSpecification","valueRequired":true,"valueName":"search_term_string"}}],"inLanguage":"ca"},{"@type":"Organization","@id":"https:\/\/cccambrils.cat\/#organization","name":"Asesor\u00eda Compta-Clar","url":"https:\/\/cccambrils.cat\/","logo":{"@type":"ImageObject","inLanguage":"ca","@id":"https:\/\/cccambrils.cat\/#\/schema\/logo\/image\/","url":"","contentUrl":"","caption":"Asesor\u00eda Compta-Clar"},"image":{"@id":"https:\/\/cccambrils.cat\/#\/schema\/logo\/image\/"}}]}},"_links":{"self":[{"href":"https:\/\/cccambrils.cat\/ca\/wp-json\/wp\/v2\/pages\/6968","targetHints":{"allow":["GET"]}}],"collection":[{"href":"https:\/\/cccambrils.cat\/ca\/wp-json\/wp\/v2\/pages"}],"about":[{"href":"https:\/\/cccambrils.cat\/ca\/wp-json\/wp\/v2\/types\/page"}],"author":[{"embeddable":true,"href":"https:\/\/cccambrils.cat\/ca\/wp-json\/wp\/v2\/users\/1"}],"replies":[{"embeddable":true,"href":"https:\/\/cccambrils.cat\/ca\/wp-json\/wp\/v2\/comments?post=6968"}],"version-history":[{"count":3,"href":"https:\/\/cccambrils.cat\/ca\/wp-json\/wp\/v2\/pages\/6968\/revisions"}],"predecessor-version":[{"id":7197,"href":"https:\/\/cccambrils.cat\/ca\/wp-json\/wp\/v2\/pages\/6968\/revisions\/7197"}],"up":[{"embeddable":true,"href":"https:\/\/cccambrils.cat\/ca\/wp-json\/wp\/v2\/pages\/6955"}],"wp:attachment":[{"href":"https:\/\/cccambrils.cat\/ca\/wp-json\/wp\/v2\/media?parent=6968"}],"curies":[{"name":"wp","href":"https:\/\/api.w.org\/{rel}","templated":true}]}}