{"id":6943,"date":"2017-10-16T13:54:07","date_gmt":"2017-10-16T13:54:07","guid":{"rendered":"http:\/\/www.dygicom.org\/comptaclar\/contacto\/"},"modified":"2023-01-16T18:22:48","modified_gmt":"2023-01-16T17:22:48","slug":"contacte","status":"publish","type":"page","link":"https:\/\/cccambrils.cat\/ca\/contacte\/","title":{"rendered":"Contacte"},"content":{"rendered":"<section class=\"wpb-content-wrapper\"><p>[vc_row][vc_column][rev_slider_vc alias=&#8221;contacta&#8221;][\/vc_column][\/vc_row][vc_row][vc_column]\n\t<div class=\"finax-spacer clearfix\" data-desktop=\"80\" data-mobi=\"40\" data-smobi=\"40\"><\/div><div class=\"finax-headings clearfix \" data-font=38 style=\"\"><h1 class=\"heading clearfix \" style=\"font-weight:700;font-size:38px;\">\n\t\tL'ajudem a solucionar els seus dubtes\n\t<\/h1><p class=\"sub-heading clearfix\" style=\"font-style:italic;font-size:25px;font-family:Lato;\">\n\t\tNo esperi m\u00e9s, envieu-nos les seves consultes o truqui'ns\n\t<\/p><\/div>[vc_column_text]Si t\u00e9 alguna consulta o dubte que vulgui resoldre, o senzillament vol contactar amb nosaltres buscant m\u00e9s informaci\u00f3, no dubti en enviar-nos un missatge a trav\u00e9s del nostre formulari de contacte o truqui&#8217;ns per tel\u00e8fon. Estarem encantats de poder ajudar-lo.[\/vc_column_text]\n\t<div class=\"finax-spacer clearfix\" data-desktop=\"40\" data-mobi=\"25\" data-smobi=\"25\"><\/div>[\/vc_column][\/vc_row][vc_row][vc_column][vc_row_inner][vc_column_inner width=&#8221;2\/3&#8243;]<div class=\"finax-content-box clearfix \" data-padding=\"\" data-mobipadding=\"\" data-margin=\"0px 30px 0px 0px\" data-mobimargin=\"0px 0px 0px 0px\" >\n\t\t<div class=\"inner ctb-635409044\" style=\"\"  data-background=\"\">\n\t\t\t<div class=\"finax-divider divider-center divider-solid\" style=\"border-top-color:#e1e1e1;\"><\/div><div class=\"clearfix\"><\/div><div class=\"finax-headings clearfix \" data-font=24 style=\"\"><h2 class=\"heading clearfix \" style=\"margin-top:25px;font-size:24px;\">\n\t\tEnvi\u00ef'ns els seus dubtes o consultes\n\t<\/h2><\/div>\n\t<div class=\"finax-spacer clearfix\" data-desktop=\"40\" data-mobi=\"35\" data-smobi=\"35\"><\/div>\n<div class=\"wpcf7 no-js\" id=\"wpcf7-f6947-o1\" lang=\"en-US\" dir=\"ltr\" data-wpcf7-id=\"6947\">\n<div class=\"screen-reader-response\"><p role=\"status\" aria-live=\"polite\" aria-atomic=\"true\"><\/p> <ul><\/ul><\/div>\n<form action=\"\/ca\/wp-json\/wp\/v2\/pages\/6943#wpcf7-f6947-o1\" method=\"post\" class=\"wpcf7-form init\" aria-label=\"Contact form\" novalidate=\"novalidate\" data-status=\"init\">\n<fieldset class=\"hidden-fields-container\"><input type=\"hidden\" name=\"_wpcf7\" value=\"6947\" \/><input type=\"hidden\" name=\"_wpcf7_version\" value=\"6.1.5\" \/><input type=\"hidden\" name=\"_wpcf7_locale\" value=\"en_US\" \/><input type=\"hidden\" name=\"_wpcf7_unit_tag\" value=\"wpcf7-f6947-o1\" \/><input type=\"hidden\" name=\"_wpcf7_container_post\" value=\"0\" \/><input type=\"hidden\" name=\"_wpcf7_posted_data_hash\" value=\"\" \/><input type=\"hidden\" name=\"_wpcf7_recaptcha_response\" value=\"\" \/>\n<\/fieldset>\n<div class=\"cf7-style-1\">\n\t<div class=\"name-wrap\">\n\t\t<p><span class=\"wpcf7-form-control-wrap\" data-name=\"your-name\"><input size=\"40\" maxlength=\"400\" class=\"wpcf7-form-control wpcf7-text wpcf7-validates-as-required\" aria-required=\"true\" aria-invalid=\"false\" placeholder=\"El seu nom\" value=\"\" type=\"text\" name=\"your-name\" \/><\/span>\n\t\t<\/p>\n\t<\/div>\n\t<div class=\"email-wrap\">\n\t\t<p><span class=\"wpcf7-form-control-wrap\" data-name=\"your-email\"><input size=\"40\" maxlength=\"400\" class=\"wpcf7-form-control wpcf7-email wpcf7-validates-as-required wpcf7-text wpcf7-validates-as-email\" aria-required=\"true\" aria-invalid=\"false\" placeholder=\"El seu Email\" value=\"\" type=\"email\" name=\"your-email\" \/><\/span>\n\t\t<\/p>\n\t<\/div>\n\t<div class=\"phone-wrap\">\n\t\t<p><span class=\"wpcf7-form-control-wrap\" data-name=\"your-phone\"><input size=\"40\" maxlength=\"400\" class=\"wpcf7-form-control wpcf7-text wpcf7-validates-as-required\" aria-required=\"true\" aria-invalid=\"false\" placeholder=\"El seu tel\u00e8fon\" value=\"\" type=\"text\" name=\"your-phone\" \/><\/span>\n\t\t<\/p>\n\t<\/div>\n\t<div class=\"message-wrap\">\n\t\t<p><span class=\"wpcf7-form-control-wrap\" data-name=\"your-message\"><textarea cols=\"40\" rows=\"10\" maxlength=\"2000\" class=\"wpcf7-form-control wpcf7-textarea\" aria-invalid=\"false\" placeholder=\"Text del missatge\" name=\"your-message\"><\/textarea><\/span>\n\t\t<\/p>\n\t<\/div>\n\t<div>\n\t\t<p><span class=\"wpcf7-form-control-wrap\" data-name=\"acceptance\"><span class=\"wpcf7-form-control wpcf7-acceptance\"><span class=\"wpcf7-list-item\"><input type=\"checkbox\" name=\"acceptance\" value=\"1\" aria-invalid=\"false\" \/><\/span><\/span><\/span> Accepto els <a href=\"https:\/\/cccambrils.cat\/ca\/politica-de-privacitat\/\" target=\"_blank\" rel=\"noopener\">termes legals i la protecci\u00f3 de dades<\/a>[acceptance]\n\t\t<\/p>\n\t<\/div>\n\t<div class=\"submit-wrap\">\n\t\t<p><input class=\"wpcf7-form-control wpcf7-submit has-spinner\" type=\"submit\" value=\"Enviar el missatge\" \/>\n\t\t<\/p>\n\t<\/div>\n<\/div><div class=\"wpcf7-response-output\" aria-hidden=\"true\"><\/div>\n<\/form>\n<\/div>\n\n\t\t<\/div>\n\t<\/div>\n\t<div class=\"finax-spacer clearfix\" data-desktop=\"0\" data-mobi=\"40\" data-smobi=\"40\"><\/div>[\/vc_column_inner][vc_column_inner width=&#8221;1\/3&#8243;]<div class=\"finax-divider divider-center divider-solid\" style=\"border-top-color:#e1e1e1;\"><\/div><div class=\"clearfix\"><\/div><div class=\"finax-headings clearfix \" data-font=24 style=\"\"><h2 class=\"heading clearfix \" style=\"margin-top:25px;font-size:24px;\">\n\t\tDetalls de contacte\n\t<\/h2><\/div>\n\t<div class=\"finax-spacer clearfix\" data-desktop=\"30\" data-mobi=\"30\" data-smobi=\"30\"><\/div><div class=\"finax-list clearfix icon-top\" >\n\t\t<div style=\"padding:0px 0px 14px 0px;border-color:#b2b2b2;border-width:0px 0px 1px 0px;border-style:dotted;\">\n\t\t\t<span style=\"padding-left:70px;color:#777777\"><span class=\"icon  accent\" style=\"font-size:26px;margin-top:8px;\">\n\t\t\t<i class=\"entypo-icon entypo-icon-location\"><\/i>\n\t\t<\/span> <span style=\"font-weight:500;font-size:16px;line-height:26px;font-family:Montserrat;\">Carrer Xalet del d&#8217;en Bau, 10,<br \/>\n43850 Cambrils, Tarragona<\/span><\/span>\n\t\t<\/div>\n\t<\/div><div class=\"finax-list clearfix icon-top\" >\n\t\t<div style=\"padding:14px 0px 16px 0px;border-color:#b2b2b2;border-width:0px 0px 1px 0px;border-style:dotted;\">\n\t\t\t<span style=\"padding-left:70px;color:#777777\"><span class=\"icon  accent\" style=\"font-size:26px;margin-top:8px;\">\n\t\t\t<i class=\"entypo-icon entypo-icon-phone\"><\/i>\n\t\t<\/span> <span style=\"font-weight:500;font-size:16px;line-height:26px;font-family:Montserrat;\">Tel\u00e8fon 977792887<br \/>\nM\u00f2bil 620742314<\/span><\/span>\n\t\t<\/div>\n\t<\/div><div class=\"finax-list clearfix icon-middle\" >\n\t\t<div style=\"padding:14px 0px 16px 0px;border-color:#b2b2b2;border-width:0px 0px 1px 0px;border-style:dotted;\">\n\t\t\t<span style=\"padding-left:70px;color:#777777\"><span class=\"icon  accent\" style=\"font-size:26px;\">\n\t\t\t<i class=\"entypo-icon entypo-icon-mail\"><\/i>\n\t\t<\/span> <span style=\"font-weight:500;font-size:16px;line-height:26px;font-family:Montserrat;\">Email ccc@cccambrils.cat<\/span><\/span>\n\t\t<\/div>\n\t<\/div><div class=\"finax-list clearfix icon-middle\" >\n\t\t<div style=\"padding:14px 0px 16px 0px;border-color:#b2b2b2;border-width:0px 0px 1px 0px;border-style:dotted;\">\n\t\t\t<span style=\"padding-left:70px;color:#777777\"><span class=\"icon  accent\" style=\"font-size:26px;\">\n\t\t\t<i class=\"entypo-icon entypo-icon-calendar\"><\/i>\n\t\t<\/span> <span style=\"font-weight:500;font-size:16px;line-height:26px;font-family:Montserrat;\">De dilluns a Divendres de 8:00 a 15:00<br \/>\nDissabte i diumenge tancat<\/span><\/span>\n\t\t<\/div>\n\t<\/div>\n\t<div class=\"finax-spacer clearfix\" data-desktop=\"30\" data-mobi=\"30\" data-smobi=\"30\"><\/div><div class=\"finax-icon icon-474177707\"  data-icon=\"#ffffff\" data-background=\"#959595\" data-background-hover=\"#36b8c0\" data-icon-hover=\"#ffffff\"><a class=\"url-wrap\" target=\"yes\" href=\"https:\/\/ca-es.facebook.com\/comptaclarcambrils\"><span class=\"icon\" style=\"font-size:17px;width:45px;height:45px;border-style:solid;border-radius:10px;line-height:45px;margin:0px 7px 0px 0px;\"><i class=\"fa fa-facebook-square\"><\/i><\/span><\/a><\/div><div class=\"finax-icon icon-2025439604\"  data-icon=\"#ffffff\" data-background=\"#959595\" data-background-hover=\"#36b8c0\" data-icon-hover=\"#ffffff\"><a class=\"url-wrap\" target=\"yes\" href=\"https:\/\/twitter.com\/comptaclar\"><span class=\"icon\" style=\"font-size:17px;width:45px;height:45px;border-style:solid;border-radius:10px;line-height:45px;margin:0px 7px 0px 0px;\"><i class=\"fa fa-twitter\"><\/i><\/span><\/a><\/div>[\/vc_column_inner][\/vc_row_inner]\n\t<div class=\"finax-spacer clearfix\" data-desktop=\"105\" data-mobi=\"60\" data-smobi=\"60\"><\/div>[\/vc_column][\/vc_row][vc_row fullwidth=&#8221;yes&#8221; column_spacing=&#8221;0px&#8221;][vc_column][vc_gmaps link=&#8221;#E-8_JTNDaWZyYW1lJTIwc3JjJTNEJTIyaHR0cHMlM0ElMkYlMkZ3d3cuZ29vZ2xlLmNvbSUyRm1hcHMlMkZlbWJlZCUzRnBiJTNEJTIxMW0xOCUyMTFtMTIlMjExbTMlMjExZDMwMDguMDYzNjcyNTM2NjI4JTIxMmQxLjA1MTU2MTYxNTYwNjM3MzQlMjEzZDQxLjA2NzYwMDgyMzcyMDc0JTIxMm0zJTIxMWYwJTIxMmYwJTIxM2YwJTIxM20yJTIxMWkxMDI0JTIxMmk3NjglMjE0ZjEzLjElMjEzbTMlMjExbTIlMjExczB4MTJhMTQ0ZDE3ZDdlY2E1ZiUyNTNBMHhmYzU5ZTE2YTFlYzFlMDNmJTIxMnNDb21wdGElMkJDbGFyJTJCQ2FtYnJpbHMlMkJTJTJCTCUyMTVlMCUyMTNtMiUyMTFzZXMlMjEyc2VzJTIxNHYxNTUzNDY2MjgzMDE2JTIyJTIwd2lkdGglM0QlMjI2MDAlMjIlMjBoZWlnaHQlM0QlMjI0NTAlMjIlMjBmcmFtZWJvcmRlciUzRCUyMjAlMjIlMjBzdHlsZSUzRCUyMmJvcmRlciUzQTAlMjIlMjBhbGxvd2Z1bGxzY3JlZW4lM0UlM0MlMkZpZnJhbWUlM0U=&#8221;][\/vc_column][\/vc_row]<\/p>\n<\/section>","protected":false},"excerpt":{"rendered":"<p>[vc_row][vc_column][rev_slider_vc alias=&#8221;contacta&#8221;][\/vc_column][\/vc_row][vc_row][vc_column][vc_column_text]Si t\u00e9 alguna consulta o dubte que vulgui resoldre, o senzillament vol contactar amb nosaltres buscant m\u00e9s informaci\u00f3, no dubti en enviar-nos un missatge a trav\u00e9s del nostre formulari de contacte o truqui&#8217;ns per tel\u00e8fon. Estarem encantats de poder ajudar-lo.[\/vc_column_text][\/vc_column][\/vc_row][vc_row][vc_column][vc_row_inner][vc_column_inner width=&#8221;2\/3&#8243;][\/vc_column_inner][vc_column_inner width=&#8221;1\/3&#8243;][\/vc_column_inner][\/vc_row_inner][\/vc_column][\/vc_row][vc_row fullwidth=&#8221;yes&#8221; column_spacing=&#8221;0px&#8221;][vc_column][vc_gmaps link=&#8221;#E-8_JTNDaWZyYW1lJTIwc3JjJTNEJTIyaHR0cHMlM0ElMkYlMkZ3d3cuZ29vZ2xlLmNvbSUyRm1hcHMlMkZlbWJlZCUzRnBiJTNEJTIxMW0xOCUyMTFtMTIlMjExbTMlMjExZDMwMDguMDYzNjcyNTM2NjI4JTIxMmQxLjA1MTU2MTYxNTYwNjM3MzQlMjEzZDQxLjA2NzYwMDgyMzcyMDc0JTIxMm0zJTIxMWYwJTIxMmYwJTIxM2YwJTIxM20yJTIxMWkxMDI0JTIxMmk3NjglMjE0ZjEzLjElMjEzbTMlMjExbTIlMjExczB4MTJhMTQ0ZDE3ZDdlY2E1ZiUyNTNBMHhmYzU5ZTE2YTFlYzFlMDNmJTIxMnNDb21wdGElMkJDbGFyJTJCQ2FtYnJpbHMlMkJTJTJCTCUyMTVlMCUyMTNtMiUyMTFzZXMlMjEyc2VzJTIxNHYxNTUzNDY2MjgzMDE2JTIyJTIwd2lkdGglM0QlMjI2MDAlMjIlMjBoZWlnaHQlM0QlMjI0NTAlMjIlMjBmcmFtZWJvcmRlciUzRCUyMjAlMjIlMjBzdHlsZSUzRCUyMmJvcmRlciUzQTAlMjIlMjBhbGxvd2Z1bGxzY3JlZW4lM0UlM0MlMkZpZnJhbWUlM0U=&#8221;][\/vc_column][\/vc_row]<\/p>\n","protected":false},"author":1,"featured_media":0,"parent":0,"menu_order":0,"comment_status":"closed","ping_status":"closed","template":"","meta":{"footnotes":""},"class_list":["post-6943","page","type-page","status-publish","hentry"],"yoast_head":"<!-- This site is optimized with the Yoast SEO plugin v27.5 - https:\/\/yoast.com\/product\/yoast-seo-wordpress\/ -->\n<title>Contacte assessoria i gestoria a Cambrils, Reus i Tarragona | Compta-Clar<\/title>\n<meta name=\"description\" content=\"Som una assessoria i gestoria professional a Cambrils, Reus i Tarragona. Contacta amb nosaltres per a qualsevol consulta o dubte i t&#039;ajudarem.\" \/>\n<meta name=\"robots\" content=\"index, follow, max-snippet:-1, max-image-preview:large, max-video-preview:-1\" \/>\n<link rel=\"canonical\" href=\"https:\/\/cccambrils.cat\/ca\/contacte\/\" \/>\n<meta property=\"og:locale\" content=\"ca_ES\" \/>\n<meta property=\"og:type\" content=\"article\" \/>\n<meta property=\"og:title\" content=\"Contacte assessoria i gestoria a Cambrils, Reus i Tarragona | Compta-Clar\" \/>\n<meta property=\"og:description\" content=\"Som una assessoria i gestoria professional a Cambrils, Reus i Tarragona. Contacta amb nosaltres per a qualsevol consulta o dubte i t&#039;ajudarem.\" \/>\n<meta property=\"og:url\" content=\"https:\/\/cccambrils.cat\/ca\/contacte\/\" \/>\n<meta property=\"og:site_name\" content=\"Asesor\u00eda Compta-Clar\" \/>\n<meta property=\"article:modified_time\" content=\"2023-01-16T17:22:48+00:00\" \/>\n<meta name=\"twitter:card\" content=\"summary_large_image\" \/>\n<meta name=\"twitter:label1\" content=\"Temps estimat de lectura\" \/>\n\t<meta name=\"twitter:data1\" content=\"2 minuts\" \/>\n<script type=\"application\/ld+json\" class=\"yoast-schema-graph\">{\"@context\":\"https:\\\/\\\/schema.org\",\"@graph\":[{\"@type\":\"WebPage\",\"@id\":\"https:\\\/\\\/cccambrils.cat\\\/ca\\\/contacte\\\/\",\"url\":\"https:\\\/\\\/cccambrils.cat\\\/ca\\\/contacte\\\/\",\"name\":\"Contacte assessoria i gestoria a Cambrils, Reus i Tarragona | Compta-Clar\",\"isPartOf\":{\"@id\":\"https:\\\/\\\/cccambrils.cat\\\/#website\"},\"datePublished\":\"2017-10-16T13:54:07+00:00\",\"dateModified\":\"2023-01-16T17:22:48+00:00\",\"description\":\"Som una assessoria i gestoria professional a Cambrils, Reus i Tarragona. Contacta amb nosaltres per a qualsevol consulta o dubte i t'ajudarem.\",\"breadcrumb\":{\"@id\":\"https:\\\/\\\/cccambrils.cat\\\/ca\\\/contacte\\\/#breadcrumb\"},\"inLanguage\":\"ca\",\"potentialAction\":[{\"@type\":\"ReadAction\",\"target\":[\"https:\\\/\\\/cccambrils.cat\\\/ca\\\/contacte\\\/\"]}]},{\"@type\":\"BreadcrumbList\",\"@id\":\"https:\\\/\\\/cccambrils.cat\\\/ca\\\/contacte\\\/#breadcrumb\",\"itemListElement\":[{\"@type\":\"ListItem\",\"position\":1,\"name\":\"Portada\",\"item\":\"https:\\\/\\\/cccambrils.cat\\\/ca\\\/\"},{\"@type\":\"ListItem\",\"position\":2,\"name\":\"Contacte\"}]},{\"@type\":\"WebSite\",\"@id\":\"https:\\\/\\\/cccambrils.cat\\\/#website\",\"url\":\"https:\\\/\\\/cccambrils.cat\\\/\",\"name\":\"Asesor\u00eda Compta-Clar\",\"description\":\"Asesor\u00eda profesional en Cambrils, Reus y Tarragona\",\"publisher\":{\"@id\":\"https:\\\/\\\/cccambrils.cat\\\/#organization\"},\"potentialAction\":[{\"@type\":\"SearchAction\",\"target\":{\"@type\":\"EntryPoint\",\"urlTemplate\":\"https:\\\/\\\/cccambrils.cat\\\/?s={search_term_string}\"},\"query-input\":{\"@type\":\"PropertyValueSpecification\",\"valueRequired\":true,\"valueName\":\"search_term_string\"}}],\"inLanguage\":\"ca\"},{\"@type\":\"Organization\",\"@id\":\"https:\\\/\\\/cccambrils.cat\\\/#organization\",\"name\":\"Asesor\u00eda Compta-Clar\",\"url\":\"https:\\\/\\\/cccambrils.cat\\\/\",\"logo\":{\"@type\":\"ImageObject\",\"inLanguage\":\"ca\",\"@id\":\"https:\\\/\\\/cccambrils.cat\\\/#\\\/schema\\\/logo\\\/image\\\/\",\"url\":\"\",\"contentUrl\":\"\",\"caption\":\"Asesor\u00eda Compta-Clar\"},\"image\":{\"@id\":\"https:\\\/\\\/cccambrils.cat\\\/#\\\/schema\\\/logo\\\/image\\\/\"}}]}<\/script>\n<!-- \/ Yoast SEO plugin. -->","yoast_head_json":{"title":"Contacte assessoria i gestoria a Cambrils, Reus i Tarragona | Compta-Clar","description":"Som una assessoria i gestoria professional a Cambrils, Reus i Tarragona. Contacta amb nosaltres per a qualsevol consulta o dubte i t'ajudarem.","robots":{"index":"index","follow":"follow","max-snippet":"max-snippet:-1","max-image-preview":"max-image-preview:large","max-video-preview":"max-video-preview:-1"},"canonical":"https:\/\/cccambrils.cat\/ca\/contacte\/","og_locale":"ca_ES","og_type":"article","og_title":"Contacte assessoria i gestoria a Cambrils, Reus i Tarragona | Compta-Clar","og_description":"Som una assessoria i gestoria professional a Cambrils, Reus i Tarragona. Contacta amb nosaltres per a qualsevol consulta o dubte i t'ajudarem.","og_url":"https:\/\/cccambrils.cat\/ca\/contacte\/","og_site_name":"Asesor\u00eda Compta-Clar","article_modified_time":"2023-01-16T17:22:48+00:00","twitter_card":"summary_large_image","twitter_misc":{"Temps estimat de lectura":"2 minuts"},"schema":{"@context":"https:\/\/schema.org","@graph":[{"@type":"WebPage","@id":"https:\/\/cccambrils.cat\/ca\/contacte\/","url":"https:\/\/cccambrils.cat\/ca\/contacte\/","name":"Contacte assessoria i gestoria a Cambrils, Reus i Tarragona | Compta-Clar","isPartOf":{"@id":"https:\/\/cccambrils.cat\/#website"},"datePublished":"2017-10-16T13:54:07+00:00","dateModified":"2023-01-16T17:22:48+00:00","description":"Som una assessoria i gestoria professional a Cambrils, Reus i Tarragona. Contacta amb nosaltres per a qualsevol consulta o dubte i t'ajudarem.","breadcrumb":{"@id":"https:\/\/cccambrils.cat\/ca\/contacte\/#breadcrumb"},"inLanguage":"ca","potentialAction":[{"@type":"ReadAction","target":["https:\/\/cccambrils.cat\/ca\/contacte\/"]}]},{"@type":"BreadcrumbList","@id":"https:\/\/cccambrils.cat\/ca\/contacte\/#breadcrumb","itemListElement":[{"@type":"ListItem","position":1,"name":"Portada","item":"https:\/\/cccambrils.cat\/ca\/"},{"@type":"ListItem","position":2,"name":"Contacte"}]},{"@type":"WebSite","@id":"https:\/\/cccambrils.cat\/#website","url":"https:\/\/cccambrils.cat\/","name":"Asesor\u00eda Compta-Clar","description":"Asesor\u00eda profesional en Cambrils, Reus y Tarragona","publisher":{"@id":"https:\/\/cccambrils.cat\/#organization"},"potentialAction":[{"@type":"SearchAction","target":{"@type":"EntryPoint","urlTemplate":"https:\/\/cccambrils.cat\/?s={search_term_string}"},"query-input":{"@type":"PropertyValueSpecification","valueRequired":true,"valueName":"search_term_string"}}],"inLanguage":"ca"},{"@type":"Organization","@id":"https:\/\/cccambrils.cat\/#organization","name":"Asesor\u00eda Compta-Clar","url":"https:\/\/cccambrils.cat\/","logo":{"@type":"ImageObject","inLanguage":"ca","@id":"https:\/\/cccambrils.cat\/#\/schema\/logo\/image\/","url":"","contentUrl":"","caption":"Asesor\u00eda Compta-Clar"},"image":{"@id":"https:\/\/cccambrils.cat\/#\/schema\/logo\/image\/"}}]}},"_links":{"self":[{"href":"https:\/\/cccambrils.cat\/ca\/wp-json\/wp\/v2\/pages\/6943","targetHints":{"allow":["GET"]}}],"collection":[{"href":"https:\/\/cccambrils.cat\/ca\/wp-json\/wp\/v2\/pages"}],"about":[{"href":"https:\/\/cccambrils.cat\/ca\/wp-json\/wp\/v2\/types\/page"}],"author":[{"embeddable":true,"href":"https:\/\/cccambrils.cat\/ca\/wp-json\/wp\/v2\/users\/1"}],"replies":[{"embeddable":true,"href":"https:\/\/cccambrils.cat\/ca\/wp-json\/wp\/v2\/comments?post=6943"}],"version-history":[{"count":9,"href":"https:\/\/cccambrils.cat\/ca\/wp-json\/wp\/v2\/pages\/6943\/revisions"}],"predecessor-version":[{"id":7477,"href":"https:\/\/cccambrils.cat\/ca\/wp-json\/wp\/v2\/pages\/6943\/revisions\/7477"}],"wp:attachment":[{"href":"https:\/\/cccambrils.cat\/ca\/wp-json\/wp\/v2\/media?parent=6943"}],"curies":[{"name":"wp","href":"https:\/\/api.w.org\/{rel}","templated":true}]}}