{"id":6939,"date":"2017-10-16T04:10:26","date_gmt":"2017-10-16T04:10:26","guid":{"rendered":"http:\/\/www.dygicom.org\/comptaclar\/compta-clar\/"},"modified":"2019-04-26T12:30:48","modified_gmt":"2019-04-26T10:30:48","slug":"compta-clar","status":"publish","type":"page","link":"https:\/\/cccambrils.cat\/ca\/compta-clar\/","title":{"rendered":"Compta-Clar"},"content":{"rendered":"<section class=\"wpb-content-wrapper\"><p>[vc_row][vc_column][rev_slider_vc alias=&#8221;nosotros&#8221;][\/vc_column][\/vc_row][vc_row][vc_column]\n\t<div class=\"finax-spacer clearfix\" data-desktop=\"92\" data-mobi=\"60\" data-smobi=\"60\"><\/div>[vc_row_inner][vc_column_inner width=&#8221;5\/12&#8243;]<div class=\"finax-content-box clearfix \" data-padding=\"0px 35px 0px 0px\" data-mobipadding=\"0px 0px 0px 0px\" data-margin=\"\" data-mobimargin=\"\" >\n\t\t<div class=\"inner ctb-689264437\" style=\"\"  data-background=\"\">\n\t\t\t<div class=\"finax-headings clearfix \" data-font=36 style=\"\"><h2 class=\"heading clearfix \" style=\"font-weight:700;line-height:48px;font-size:36px;\">\n\t\tSom una assessoria integral amb m\u00e9s de 20 anys d'experi\u00e8ncia\n\t<\/h2><\/div>\n\t\t<\/div>\n\t<\/div>\n\t<div class=\"finax-spacer clearfix\" data-desktop=\"0\" data-mobi=\"30\" data-smobi=\"30\"><\/div>[\/vc_column_inner][vc_column_inner width=&#8221;7\/12&#8243;][vc_column_text]<\/p>\n<div class=\"line-height-30 margin-top-5\"><span>Sorgeix quan en Jordi Canaldas va iniciar el seu cam\u00ed com a assessor fiscal i comptable d&#8217;aut\u00f2noms i posteriorment es va fundar Compta-Clar Cambrils, per poder ampliar la seva oferta i millorar l&#8217;atenci\u00f3 als seus clients. El nostre despatx, est\u00e0 format per un grup estable de vuit professionals organitzats, seriosos i eficients, que els atendran i oferiran les millors solucions, en qualsevol dels \u00e0mbits del nostre cat\u00e0leg de serveis. Podem assessorar-los i solucionar qualsevol problem\u00e0tica relacionada amb temes de car\u00e0cter laboral, fiscal, comptable, mercantil i jur\u00eddic, del seu negoci.<\/span><\/div>\n<p>[\/vc_column_text][\/vc_column_inner][\/vc_row_inner]\n\t<div class=\"finax-spacer clearfix\" data-desktop=\"110\" data-mobi=\"60\" data-smobi=\"60\"><\/div>[\/vc_column][\/vc_row][vc_row fullwidth=&#8221;yes&#8221; column_spacing=&#8221;0px&#8221; img_halfrow=&#8221;simple&#8221; halfrow_image=&#8221;6865&#8243; img_columns=&#8221;6columns&#8221; img_position=&#8221;imgleft&#8221; css=&#8221;.vc_custom_1553793537151{background-color: #001d36 !important;}&#8221;][vc_column width=&#8221;1\/2&#8243;][\/vc_column][vc_column width=&#8221;1\/2&#8243;]<div class=\"finax-content-box clearfix \" data-padding=\"0px 15% 0px 15%\" data-mobipadding=\"0px 10% 0px 10%\" data-margin=\"\" data-mobimargin=\"\" >\n\t\t<div class=\"inner ctb-1536481138\" style=\"\"  data-background=\"\">\n\t\t\t\n\t<div class=\"finax-spacer clearfix\" data-desktop=\"120\" data-mobi=\"60\" data-smobi=\"60\"><\/div><div class=\"finax-icon-box clearfix icon-left align-left simple wow fadeInUp\" style=\"\"  data-wow-duration=\"0.75s\" data-wow-delay=\"0.05s\"><div class=\"finax-icon icon-118952060 accent\" >\n\t\t\t\t<span class=\"icon\" style=\"font-size:60px;width:60px;height:60px;border-style:solid;margin-top:-20px;\"><i class=\"fnicon-user-1\"><\/i><\/span>\n\t\t\t<\/div> <h3 class=\"heading  white\" style=\"padding-left:90px;color:#ffffff;font-size:22px;margin-bottom:11px;\">\n\t\t<a target=\"_blank\" href=\"\">\n\t\t\t<span>Assessoria Laboral<\/span>\n\t\t<\/a>\n\t<\/h3><p class=\"desc\" style=\"padding-left:90px;color:#a9a9aa;font-size:16px;line-height:28px;\">\n\t\t<span>Els oferim un ampli ventall de serveis que possibiliten una atenci\u00f3 cap als nostres clients en qualsevol q\u00fcesti\u00f3 que afecti el seu entorn empresarial<\/span>\n\t<\/p><\/div>\n\t<div class=\"finax-spacer clearfix\" data-desktop=\"50\" data-mobi=\"35\" data-smobi=\"35\"><\/div><div class=\"finax-icon-box clearfix icon-left align-left simple wow fadeInUp\" style=\"\"  data-wow-duration=\"0.75s\" data-wow-delay=\"0.05s\"><div class=\"finax-icon icon-638595156 accent\" >\n\t\t\t\t<span class=\"icon\" style=\"font-size:60px;width:60px;height:60px;border-style:solid;margin-top:-20px;\"><i class=\"fnicon-bar-chart\"><\/i><\/span>\n\t\t\t<\/div> <h3 class=\"heading  white\" style=\"padding-left:90px;color:#ffffff;font-size:22px;margin-bottom:11px;\">\n\t\t<a target=\"_blank\" href=\"\">\n\t\t\t<span>Assessoria Comptable i Fiscal<\/span>\n\t\t<\/a>\n\t<\/h3><p class=\"desc\" style=\"padding-left:90px;color:#a9a9aa;font-size:16px;line-height:28px;\">\n\t\t<span>Donem un servei de m\u00e0xima qualitat proporcionant solucions fiscals per a la seva empresa amb la millor planificaci\u00f3 fiscal maximitzant els beneficis i reduint la c\u00e0rrega fiscal<\/span>\n\t<\/p><\/div>\n\t<div class=\"finax-spacer clearfix\" data-desktop=\"50\" data-mobi=\"35\" data-smobi=\"35\"><\/div><div class=\"finax-icon-box clearfix icon-left align-left simple wow fadeInUp\" style=\"\"  data-wow-duration=\"0.75s\" data-wow-delay=\"0.05s\"><div class=\"finax-icon icon-107457048 accent\" >\n\t\t\t\t<span class=\"icon\" style=\"font-size:60px;width:60px;height:60px;border-style:solid;margin-top:-20px;\"><i class=\"fnicon-briefcase\"><\/i><\/span>\n\t\t\t<\/div> <h3 class=\"heading  white\" style=\"padding-left:90px;color:#ffffff;font-size:22px;margin-bottom:11px;\">\n\t\t<a target=\"_blank\" href=\"\">\n\t\t\t<span>Assessoria Jur\u00eddic-Mercantil<\/span>\n\t\t<\/a>\n\t<\/h3><p class=\"desc\" style=\"padding-left:90px;color:#a9a9aa;font-size:16px;line-height:28px;\">\n\t\t<span>Podem oferir un servei especialitzat i personalitzat per a cadascun dels nostres clients amb les millors solucions en temes mercantils, adaptant-nos a les necessitats de cada empresa<\/span>\n\t<\/p><\/div>\n\t<div class=\"finax-spacer clearfix\" data-desktop=\"120\" data-mobi=\"60\" data-smobi=\"60\"><\/div>\n\t\t<\/div>\n\t<\/div>[\/vc_column][\/vc_row][vc_row][vc_column]\n\t<div class=\"finax-spacer clearfix\" data-desktop=\"115\" data-mobi=\"60\" data-smobi=\"60\"><\/div>[vc_row_inner][vc_column_inner width=&#8221;1\/2&#8243;]<div class=\"finax-content-box clearfix \" data-padding=\"0px 20px 0px 0px\" data-mobipadding=\"0px 20px 0px 0px\" data-margin=\"\" data-mobimargin=\"\" >\n\t\t<div class=\"inner ctb-29629380\" style=\"\"  data-background=\"\">\n\t\t\t<div class=\"finax-headings clearfix \" data-font=38 style=\"\"><h1 class=\"heading clearfix \" style=\"font-weight:700;font-size:38px;\">\n\t\tEn evoluci\u00f3 constant\n\t<\/h1><p class=\"sub-heading clearfix\" style=\"font-style:italic;font-size:25px;margin-bottom:15px;font-family:Lato;\">\n\t\tEl nostre equip de persones \u00e9s el nostre millor actiu\n\t<\/p><\/div><div class=\"finax-headings clearfix \"  style=\"\"><p class=\"sub-heading clearfix\" style=\"font-style:normal;\">\n\t\tEl nostre equip est\u00e0 en constant evoluci\u00f3 i ens formem de manera continuada per estar al dia de tots els canvis que ens afecten a nivell legal i procedimental en qualsevol dels \u00e0mbits que tractem. Els constants canvis, demanen cada dia m\u00e9s a professionals que comptin amb alts nivells d'especialitzaci\u00f3. Comptar amb una formaci\u00f3 i reciclatge adequats a les nostres necessitats i a la dels nostres clients, ens dota de prestigi, professionalitat i fiabilitat davant de qualsevol situaci\u00f3 que se'ns presenti. Formem part de l'Associaci\u00f3 Professional de T\u00e8cnics Tributaris de Catalunya i Balears, cosa que ens permet accedir a la informaci\u00f3 t\u00e8cnica i totes les novetats legislatives, de forma r\u00e0pida i efica\u00e7.\n\t<\/p><\/div>\n\t\t<\/div>\n\t<\/div>[\/vc_column_inner][vc_column_inner width=&#8221;1\/2&#8243;]\n\t<div class=\"finax-accordions accordions\"><div class=\"accordion-item active-simple active\" style=\"margin-bottom:10px;\"><h3 class=\"accordion-heading transparent\" style=\"\">\n\t\t\t<span class=\"inner\" style=\"\">\n\t\t\t\tPer qu\u00e8 nosaltres?\n\t\t\t<\/span>\n\t\t<\/h3><div class=\"accordion-content\" style=\"\"><p>Portem m\u00e9s de 20 anys dotant de serveis d&#8217;assessorament laboral, comptable, fiscal, jur\u00eddic i mercantil a empreses, aut\u00f2noms, professionals i particulars a la prov\u00edncia de Tarragona, com Reus, Camrbrils i Tarragona ciutat.<\/p>\n<\/div><\/div><div class=\"accordion-item active-simple\" style=\"margin-bottom:10px;\"><h3 class=\"accordion-heading transparent\" style=\"\">\n\t\t\t<span class=\"inner\" style=\"\">\n\t\t\t\tProfessionalitat i especialitzaci\u00f3\n\t\t\t<\/span>\n\t\t<\/h3><div class=\"accordion-content\" style=\"\"><p>Comptem amb professionals altament qualificats en diverses disciplines. Nom\u00e9s d&#8217;aquesta manera, podem oferir solucions als diferents reptes que se&#8217;ns presenten cada dia. El nostre equip sempre est\u00e0 en constant desenvolupament, formant-se de manera continuada per comptar amb els nivells d&#8217;especialitzaci\u00f3 que ens exigim.<\/p>\n<\/div><\/div><div class=\"accordion-item active-simple\" style=\"margin-bottom:10px;\"><h3 class=\"accordion-heading transparent\" style=\"\">\n\t\t\t<span class=\"inner\" style=\"\">\n\t\t\t\tSostenibilitat i seguretat\n\t\t\t<\/span>\n\t\t<\/h3><div class=\"accordion-content\" style=\"\"><p>A Compta-Clar tenim com a prioritat solucionar totes aquelles incid\u00e8ncies i dubtes o consultes que sorgeixen en el dia a dia per part dels nostres clients, per\u00f2 aqu\u00ed no acaba la nostra feina. Assessorem i ajudem a les empreses, aut\u00f2noms i particulars de cara a noves necessitats que van sorgint o sorgiran.<\/p>\n<\/div><\/div><div class=\"accordion-item active-simple\" style=\"margin-bottom:10px;\"><h3 class=\"accordion-heading transparent\" style=\"\">\n\t\t\t<span class=\"inner\" style=\"\">\n\t\t\t\tCreixem amb tu\n\t\t\t<\/span>\n\t\t<\/h3><div class=\"accordion-content\" style=\"\"><p>Amb el temps, les necessitats d&#8217;una empresa, aut\u00f2nom o particular, van creixent o canviant. A Compta-Clar, volem veure cr\u00e9ixer als nostres clients i cr\u00e9ixer amb ells, oferint els serveis que necessiti en cada moment.<\/p>\n<\/div><\/div><\/div>[\/vc_column_inner][\/vc_row_inner]\n\t<div class=\"finax-spacer clearfix\" data-desktop=\"130\" data-mobi=\"60\" data-smobi=\"60\"><\/div>[\/vc_column][\/vc_row]<\/p>\n<\/section>","protected":false},"excerpt":{"rendered":"<p>[vc_row][vc_column][rev_slider_vc alias=&#8221;nosotros&#8221;][\/vc_column][\/vc_row][vc_row][vc_column][vc_row_inner][vc_column_inner width=&#8221;5\/12&#8243;][\/vc_column_inner][vc_column_inner width=&#8221;7\/12&#8243;][vc_column_text] Sorgeix quan en Jordi Canaldas va iniciar el seu cam\u00ed com a assessor fiscal i comptable d&#8217;aut\u00f2noms i posteriorment es va fundar Compta-Clar Cambrils, per poder ampliar la seva oferta i millorar l&#8217;atenci\u00f3 als seus clients. El nostre despatx, est\u00e0 format per un grup estable de<\/p>\n","protected":false},"author":1,"featured_media":0,"parent":0,"menu_order":0,"comment_status":"closed","ping_status":"closed","template":"","meta":{"footnotes":""},"class_list":["post-6939","page","type-page","status-publish","hentry"],"yoast_head":"<!-- This site is optimized with the Yoast SEO plugin v27.5 - https:\/\/yoast.com\/product\/yoast-seo-wordpress\/ -->\n<title>Assessorament i gesti\u00f3 a Cambrils, Reus i Tarragona | Compta-Clar<\/title>\n<meta name=\"description\" content=\"Assessorament a Cambrils, Reus i Tarragona. Assessoria laboral, jur\u00eddica, mercantil, comptable i fiscal per a empreses, professionals i aut\u00f2noms.\" \/>\n<meta name=\"robots\" content=\"index, follow, max-snippet:-1, max-image-preview:large, max-video-preview:-1\" \/>\n<link rel=\"canonical\" href=\"https:\/\/cccambrils.cat\/ca\/compta-clar\/\" \/>\n<meta property=\"og:locale\" content=\"ca_ES\" \/>\n<meta property=\"og:type\" content=\"article\" \/>\n<meta property=\"og:title\" content=\"Assessorament i gesti\u00f3 a Cambrils, Reus i Tarragona | Compta-Clar\" \/>\n<meta property=\"og:description\" content=\"Assessorament a Cambrils, Reus i Tarragona. Assessoria laboral, jur\u00eddica, mercantil, comptable i fiscal per a empreses, professionals i aut\u00f2noms.\" \/>\n<meta property=\"og:url\" content=\"https:\/\/cccambrils.cat\/ca\/compta-clar\/\" \/>\n<meta property=\"og:site_name\" content=\"Asesor\u00eda Compta-Clar\" \/>\n<meta property=\"article:modified_time\" content=\"2019-04-26T10:30:48+00:00\" \/>\n<meta name=\"twitter:card\" content=\"summary_large_image\" \/>\n<meta name=\"twitter:label1\" content=\"Temps estimat de lectura\" \/>\n\t<meta name=\"twitter:data1\" content=\"5 minuts\" \/>\n<script type=\"application\/ld+json\" class=\"yoast-schema-graph\">{\"@context\":\"https:\\\/\\\/schema.org\",\"@graph\":[{\"@type\":\"WebPage\",\"@id\":\"https:\\\/\\\/cccambrils.cat\\\/ca\\\/compta-clar\\\/\",\"url\":\"https:\\\/\\\/cccambrils.cat\\\/ca\\\/compta-clar\\\/\",\"name\":\"Assessorament i gesti\u00f3 a Cambrils, Reus i Tarragona | Compta-Clar\",\"isPartOf\":{\"@id\":\"https:\\\/\\\/cccambrils.cat\\\/#website\"},\"datePublished\":\"2017-10-16T04:10:26+00:00\",\"dateModified\":\"2019-04-26T10:30:48+00:00\",\"description\":\"Assessorament a Cambrils, Reus i Tarragona. Assessoria laboral, jur\u00eddica, mercantil, comptable i fiscal per a empreses, professionals i aut\u00f2noms.\",\"breadcrumb\":{\"@id\":\"https:\\\/\\\/cccambrils.cat\\\/ca\\\/compta-clar\\\/#breadcrumb\"},\"inLanguage\":\"ca\",\"potentialAction\":[{\"@type\":\"ReadAction\",\"target\":[\"https:\\\/\\\/cccambrils.cat\\\/ca\\\/compta-clar\\\/\"]}]},{\"@type\":\"BreadcrumbList\",\"@id\":\"https:\\\/\\\/cccambrils.cat\\\/ca\\\/compta-clar\\\/#breadcrumb\",\"itemListElement\":[{\"@type\":\"ListItem\",\"position\":1,\"name\":\"Portada\",\"item\":\"https:\\\/\\\/cccambrils.cat\\\/ca\\\/\"},{\"@type\":\"ListItem\",\"position\":2,\"name\":\"Compta-Clar\"}]},{\"@type\":\"WebSite\",\"@id\":\"https:\\\/\\\/cccambrils.cat\\\/#website\",\"url\":\"https:\\\/\\\/cccambrils.cat\\\/\",\"name\":\"Asesor\u00eda Compta-Clar\",\"description\":\"Asesor\u00eda profesional en Cambrils, Reus y Tarragona\",\"publisher\":{\"@id\":\"https:\\\/\\\/cccambrils.cat\\\/#organization\"},\"potentialAction\":[{\"@type\":\"SearchAction\",\"target\":{\"@type\":\"EntryPoint\",\"urlTemplate\":\"https:\\\/\\\/cccambrils.cat\\\/?s={search_term_string}\"},\"query-input\":{\"@type\":\"PropertyValueSpecification\",\"valueRequired\":true,\"valueName\":\"search_term_string\"}}],\"inLanguage\":\"ca\"},{\"@type\":\"Organization\",\"@id\":\"https:\\\/\\\/cccambrils.cat\\\/#organization\",\"name\":\"Asesor\u00eda Compta-Clar\",\"url\":\"https:\\\/\\\/cccambrils.cat\\\/\",\"logo\":{\"@type\":\"ImageObject\",\"inLanguage\":\"ca\",\"@id\":\"https:\\\/\\\/cccambrils.cat\\\/#\\\/schema\\\/logo\\\/image\\\/\",\"url\":\"\",\"contentUrl\":\"\",\"caption\":\"Asesor\u00eda Compta-Clar\"},\"image\":{\"@id\":\"https:\\\/\\\/cccambrils.cat\\\/#\\\/schema\\\/logo\\\/image\\\/\"}}]}<\/script>\n<!-- \/ Yoast SEO plugin. -->","yoast_head_json":{"title":"Assessorament i gesti\u00f3 a Cambrils, Reus i Tarragona | Compta-Clar","description":"Assessorament a Cambrils, Reus i Tarragona. Assessoria laboral, jur\u00eddica, mercantil, comptable i fiscal per a empreses, professionals i aut\u00f2noms.","robots":{"index":"index","follow":"follow","max-snippet":"max-snippet:-1","max-image-preview":"max-image-preview:large","max-video-preview":"max-video-preview:-1"},"canonical":"https:\/\/cccambrils.cat\/ca\/compta-clar\/","og_locale":"ca_ES","og_type":"article","og_title":"Assessorament i gesti\u00f3 a Cambrils, Reus i Tarragona | Compta-Clar","og_description":"Assessorament a Cambrils, Reus i Tarragona. Assessoria laboral, jur\u00eddica, mercantil, comptable i fiscal per a empreses, professionals i aut\u00f2noms.","og_url":"https:\/\/cccambrils.cat\/ca\/compta-clar\/","og_site_name":"Asesor\u00eda Compta-Clar","article_modified_time":"2019-04-26T10:30:48+00:00","twitter_card":"summary_large_image","twitter_misc":{"Temps estimat de lectura":"5 minuts"},"schema":{"@context":"https:\/\/schema.org","@graph":[{"@type":"WebPage","@id":"https:\/\/cccambrils.cat\/ca\/compta-clar\/","url":"https:\/\/cccambrils.cat\/ca\/compta-clar\/","name":"Assessorament i gesti\u00f3 a Cambrils, Reus i Tarragona | Compta-Clar","isPartOf":{"@id":"https:\/\/cccambrils.cat\/#website"},"datePublished":"2017-10-16T04:10:26+00:00","dateModified":"2019-04-26T10:30:48+00:00","description":"Assessorament a Cambrils, Reus i Tarragona. Assessoria laboral, jur\u00eddica, mercantil, comptable i fiscal per a empreses, professionals i aut\u00f2noms.","breadcrumb":{"@id":"https:\/\/cccambrils.cat\/ca\/compta-clar\/#breadcrumb"},"inLanguage":"ca","potentialAction":[{"@type":"ReadAction","target":["https:\/\/cccambrils.cat\/ca\/compta-clar\/"]}]},{"@type":"BreadcrumbList","@id":"https:\/\/cccambrils.cat\/ca\/compta-clar\/#breadcrumb","itemListElement":[{"@type":"ListItem","position":1,"name":"Portada","item":"https:\/\/cccambrils.cat\/ca\/"},{"@type":"ListItem","position":2,"name":"Compta-Clar"}]},{"@type":"WebSite","@id":"https:\/\/cccambrils.cat\/#website","url":"https:\/\/cccambrils.cat\/","name":"Asesor\u00eda Compta-Clar","description":"Asesor\u00eda profesional en Cambrils, Reus y Tarragona","publisher":{"@id":"https:\/\/cccambrils.cat\/#organization"},"potentialAction":[{"@type":"SearchAction","target":{"@type":"EntryPoint","urlTemplate":"https:\/\/cccambrils.cat\/?s={search_term_string}"},"query-input":{"@type":"PropertyValueSpecification","valueRequired":true,"valueName":"search_term_string"}}],"inLanguage":"ca"},{"@type":"Organization","@id":"https:\/\/cccambrils.cat\/#organization","name":"Asesor\u00eda Compta-Clar","url":"https:\/\/cccambrils.cat\/","logo":{"@type":"ImageObject","inLanguage":"ca","@id":"https:\/\/cccambrils.cat\/#\/schema\/logo\/image\/","url":"","contentUrl":"","caption":"Asesor\u00eda Compta-Clar"},"image":{"@id":"https:\/\/cccambrils.cat\/#\/schema\/logo\/image\/"}}]}},"_links":{"self":[{"href":"https:\/\/cccambrils.cat\/ca\/wp-json\/wp\/v2\/pages\/6939","targetHints":{"allow":["GET"]}}],"collection":[{"href":"https:\/\/cccambrils.cat\/ca\/wp-json\/wp\/v2\/pages"}],"about":[{"href":"https:\/\/cccambrils.cat\/ca\/wp-json\/wp\/v2\/types\/page"}],"author":[{"embeddable":true,"href":"https:\/\/cccambrils.cat\/ca\/wp-json\/wp\/v2\/users\/1"}],"replies":[{"embeddable":true,"href":"https:\/\/cccambrils.cat\/ca\/wp-json\/wp\/v2\/comments?post=6939"}],"version-history":[{"count":2,"href":"https:\/\/cccambrils.cat\/ca\/wp-json\/wp\/v2\/pages\/6939\/revisions"}],"predecessor-version":[{"id":6942,"href":"https:\/\/cccambrils.cat\/ca\/wp-json\/wp\/v2\/pages\/6939\/revisions\/6942"}],"wp:attachment":[{"href":"https:\/\/cccambrils.cat\/ca\/wp-json\/wp\/v2\/media?parent=6939"}],"curies":[{"name":"wp","href":"https:\/\/api.w.org\/{rel}","templated":true}]}}